{"id":693133,"date":"2024-08-18T11:29:17","date_gmt":"2024-08-18T08:29:17","guid":{"rendered":"https:\/\/nbg.eu\/product\/recoil-spring-guide-kmr-45-stainless\/"},"modified":"2026-02-06T18:00:04","modified_gmt":"2026-02-06T15:00:04","slug":"recoil-spring-guide-kmr-45-stainless","status":"publish","type":"product","link":"https:\/\/nbg.eu\/it\/product\/recoil-spring-guide-kmr-45-stainless\/","title":{"rendered":"Guida molla di rinculo KMR 4,5&#8243; inox"},"content":{"rendered":"<h2>Guida per la Molla di Rinculo KMR 4,5&#8243; Inox<\/h2>\n<p>La Guida per la Molla di Rinculo KMR 4,5&#8243; Inox \u00e8 un accessorio di alta qualit\u00e0 progettato per le armi della serie KMR. Questo componente in acciaio inossidabile durevole \u00e8 essenziale per mantenere il funzionamento scorrevole e l&#8217;affidabilit\u00e0 della tua arma da fuoco.<\/p>\n<p>Durabilit\u00e0: Realizzato in acciaio inossidabile di alta qualit\u00e0, questa guida per la molla di rinculo \u00e8 costruita per resistere alle sollecitazioni dell&#8217;uso regolare. \u00c8 resistente alla corrosione e costruita per durare, garantendo che la tua arma da fuoco continui a funzionare al meglio.<\/p>\n<p>Installazione Semplice: Aggiornare la tua arma KMR con la Guida per la Molla di Rinculo KMR 4,5&#8243; Inox \u00e8 un processo semplice, rendendola una scelta conveniente sia per i proprietari di armi da fuoco esperti che per i principianti.<\/p>\n<p>Per le Armi KMR:<\/p>\n<p>KMR L-02 UMBRA DAL 2024<\/p>\n<p>KMR L-02 UMBRA FINO AL 2023<\/p>\n<p>KMR W-02 UMBRA<\/p>\n<p>KMR W-02 UMBRA (OR)<\/p>\n","protected":false},"excerpt":{"rendered":"<p>Guida della molla di rinculo KMR 4,5&#8243; in acciaio inossidabile per le armi KMR L-02 UMBRA, KMR W-02 UMBRA.<\/p>\n","protected":false},"featured_media":693153,"template":"","meta":{"_acf_changed":false},"product_brand":[11501],"product_cat":[12333,12315],"product_tag":[],"class_list":{"0":"post-693133","1":"product","2":"type-product","3":"status-publish","4":"has-post-thumbnail","6":"product_brand-kmr-precision","7":"product_cat-molle","8":"product_cat-parti-kmr","10":"first","11":"instock","12":"taxable","13":"shipping-taxable","14":"product-type-simple"},"acf":[],"_links":{"self":[{"href":"https:\/\/nbg.eu\/it\/wp-json\/wp\/v2\/product\/693133","targetHints":{"allow":["GET"]}}],"collection":[{"href":"https:\/\/nbg.eu\/it\/wp-json\/wp\/v2\/product"}],"about":[{"href":"https:\/\/nbg.eu\/it\/wp-json\/wp\/v2\/types\/product"}],"wp:featuredmedia":[{"embeddable":true,"href":"https:\/\/nbg.eu\/it\/wp-json\/wp\/v2\/media\/693153"}],"wp:attachment":[{"href":"https:\/\/nbg.eu\/it\/wp-json\/wp\/v2\/media?parent=693133"}],"wp:term":[{"taxonomy":"product_brand","embeddable":true,"href":"https:\/\/nbg.eu\/it\/wp-json\/wp\/v2\/product_brand?post=693133"},{"taxonomy":"product_cat","embeddable":true,"href":"https:\/\/nbg.eu\/it\/wp-json\/wp\/v2\/product_cat?post=693133"},{"taxonomy":"product_tag","embeddable":true,"href":"https:\/\/nbg.eu\/it\/wp-json\/wp\/v2\/product_tag?post=693133"}],"curies":[{"name":"wp","href":"https:\/\/api.w.org\/{rel}","templated":true}]}}