{"id":694300,"date":"2024-08-18T12:10:09","date_gmt":"2024-08-18T09:10:09","guid":{"rendered":"https:\/\/nbg.eu\/product\/sear-kmr\/"},"modified":"2026-05-13T15:10:51","modified_gmt":"2026-05-13T12:10:51","slug":"sear-kmr","status":"publish","type":"product","link":"https:\/\/nbg.eu\/it\/product\/sear-kmr\/","title":{"rendered":"KMR Dente di Scatto"},"content":{"rendered":"<h2>KMR Sear di precisione<\/h2>\n<p>Il sear KMR \u00e8 un componente interno centrale progettato per coloro che esigono il massimo delle prestazioni del grilletto. Come collegamento primario del sistema di accensione, il sear trattiene il cane fino al momento esatto dello sparo. Questa parte originale KMR \u00e8 progettata per fornire la rottura pulita e &#8220;come una bacchetta di vetro&#8221; che \u00e8 diventata il marchio distintivo del marchio KMR.<\/p>\n<h3>Accensione di livello agonistico<\/h3>\n<p>La geometria del sear KMR \u00e8 calcolata con meticolosit\u00e0 per ridurre al minimo l&#8217;avanzamento e il sovracorsa. Utilizzando acciaio temprato di alta qualit\u00e0, KMR garantisce che i bordi di aggancio rimangano affilati e costanti per centinaia di migliaia di cicli. Che tu stia costruendo un set-up da competizione personalizzato o stia riportando la tua pistola alle prestazioni originali, questo sear \u00e8 la chiave per una trazione ripetibile e sicura.<\/p>\n<h3>Specifiche tecniche:<\/h3>\n<ul>\n<li><strong>Acciaio temprato ad alto tenore di carbonio:<\/strong> Forgiato per estrema durata e resistenza all&#8217;usura superficiale nel punto di aggancio.<\/li>\n<li><strong>Lavorazione di precisione:<\/strong> Prodotto alle tolleranze pi\u00f9 elevate per garantire un&#8217;interfaccia perfetta con i ganci del cane.<\/li>\n<li><strong>Geometria del reset ottimizzata:<\/strong> Progettata per facilitare un reset breve e positivo per colpi di seguimento pi\u00f9 rapidi in scenari di tiro dinamici.<\/li>\n<li><strong>Montaggio universale KMR:<\/strong> Compatibile con i telai della serie KMR L-02 e W-02.<\/li>\n<\/ul>\n<h3>Vantaggi principali:<\/h3>\n<ul>\n<li><strong>Eliminare l&#8217;avanzamento del grilletto:<\/strong> Offre un rilascio immediato e netto che migliora l&#8217;accuratezza riducendo la possibilit\u00e0 di tirare il colpo.<\/li>\n<li><strong>Maggiore sicurezza:<\/strong> Le superfici levigate con precisione garantiscono un blocco sicuro del cane, mantenendo la sicurezza meccanica anche in caso di uso intensivo.<\/li>\n<li><strong>Qualit\u00e0 plug-and-play:<\/strong> Anche se la regolazione da parte di un armaiolo \u00e8 sempre consigliata per i migliori grilletti, questa parte OEM fornisce la base pi\u00f9 affidabile per un intervento professionale sul grilletto.<\/li>\n<\/ul>\n<p><em><strong>Nota:<\/strong> Poich\u00e9 il sear \u00e8 un componente di sicurezza critico, KMR raccomanda che l&#8217;installazione e qualsiasi levigatura successiva siano eseguite da un armaiolo qualificato per garantire il corretto aggancio sear-cane.<\/em><\/p>\n","protected":false},"excerpt":{"rendered":"<p>1110-00106-0401<\/p>\n","protected":false},"featured_media":694312,"template":"","meta":{"_acf_changed":false},"product_brand":[11501],"product_cat":[12315],"product_tag":[],"class_list":{"0":"post-694300","1":"product","2":"type-product","3":"status-publish","4":"has-post-thumbnail","6":"product_brand-kmr-precision","7":"product_cat-parti-kmr","9":"first","10":"instock","11":"taxable","12":"shipping-taxable","13":"product-type-simple"},"acf":[],"_links":{"self":[{"href":"https:\/\/nbg.eu\/it\/wp-json\/wp\/v2\/product\/694300","targetHints":{"allow":["GET"]}}],"collection":[{"href":"https:\/\/nbg.eu\/it\/wp-json\/wp\/v2\/product"}],"about":[{"href":"https:\/\/nbg.eu\/it\/wp-json\/wp\/v2\/types\/product"}],"wp:featuredmedia":[{"embeddable":true,"href":"https:\/\/nbg.eu\/it\/wp-json\/wp\/v2\/media\/694312"}],"wp:attachment":[{"href":"https:\/\/nbg.eu\/it\/wp-json\/wp\/v2\/media?parent=694300"}],"wp:term":[{"taxonomy":"product_brand","embeddable":true,"href":"https:\/\/nbg.eu\/it\/wp-json\/wp\/v2\/product_brand?post=694300"},{"taxonomy":"product_cat","embeddable":true,"href":"https:\/\/nbg.eu\/it\/wp-json\/wp\/v2\/product_cat?post=694300"},{"taxonomy":"product_tag","embeddable":true,"href":"https:\/\/nbg.eu\/it\/wp-json\/wp\/v2\/product_tag?post=694300"}],"curies":[{"name":"wp","href":"https:\/\/api.w.org\/{rel}","templated":true}]}}