{"id":694538,"date":"2024-08-18T12:10:35","date_gmt":"2024-08-18T09:10:35","guid":{"rendered":"https:\/\/nbg.eu\/product\/slide-stop-26-recessed-kmr\/"},"modified":"2026-05-13T16:02:08","modified_gmt":"2026-05-13T13:02:08","slug":"slide-stop-26-recessed-kmr","status":"publish","type":"product","link":"https:\/\/nbg.eu\/it\/product\/slide-stop-26-recessed-kmr\/","title":{"rendered":"KMR Fermo del Carrello 26 Incassato"},"content":{"rendered":"<h2>SLIDE STOP 26 RECESSED KMR<\/h2>\n<p>Il fermo della slitta \u00e8 progettato per essere facile da raggiungere e facile da azionare durante gli spari e i cambi di caricatore.<\/p>\n<p>Utilizzato per fissare la slitta in posizione posteriore, solitamente dopo che il caricatore \u00e8 stato svuotato. Questa funzione \u00e8 inclusa nella maggior parte delle pistole semiautomatiche moderne.<\/p>\n<p>Blocco della slitta in posizione posteriore &#8211; quando il caricatore \u00e8 vuoto, il fermo della slitta blocca automaticamente la slitta in posizione posteriore, segnalando al tiratore che il caricatore deve essere sostituito.<\/p>\n<p>Consentendo il caricamento di nuove munizioni &#8211; una volta caricato un nuovo caricatore, il tiratore di solito premer\u00e0 il fermo del carrello, consentendo al carrello di andare in avanti per caricare il primo colpo nella camera.<\/p>\n<p>Funzione di sicurezza &#8211; il fermo della slitta pu\u00f2 essere anche una funzione di sicurezza che impedisce la scarica accidentale fino a quando il caricatore non \u00e8 inserito correttamente e l&#8217;arma non \u00e8 pronta per l&#8217;uso.<\/p>\n<p>Per Armi KMR<br \/>KMR L-02 UMBRA FINO AL 2023<\/p>\n","protected":false},"excerpt":{"rendered":"<p>La SLIDE STOP 26 RECESSED KMR \u00e8 una chiusura scorrevole conveniente e sicura progettata per pistole semiautomatiche moderne, che facilita il cambio del caricatore e garantisce un funzionamento sicuro.<\/p>\n","protected":false},"featured_media":694548,"template":"","meta":{"_acf_changed":false},"product_brand":[11501],"product_cat":[12315],"product_tag":[],"class_list":{"0":"post-694538","1":"product","2":"type-product","3":"status-publish","4":"has-post-thumbnail","6":"product_brand-kmr-precision","7":"product_cat-parti-kmr","9":"first","10":"instock","11":"taxable","12":"shipping-taxable","13":"product-type-simple"},"acf":[],"_links":{"self":[{"href":"https:\/\/nbg.eu\/it\/wp-json\/wp\/v2\/product\/694538","targetHints":{"allow":["GET"]}}],"collection":[{"href":"https:\/\/nbg.eu\/it\/wp-json\/wp\/v2\/product"}],"about":[{"href":"https:\/\/nbg.eu\/it\/wp-json\/wp\/v2\/types\/product"}],"wp:featuredmedia":[{"embeddable":true,"href":"https:\/\/nbg.eu\/it\/wp-json\/wp\/v2\/media\/694548"}],"wp:attachment":[{"href":"https:\/\/nbg.eu\/it\/wp-json\/wp\/v2\/media?parent=694538"}],"wp:term":[{"taxonomy":"product_brand","embeddable":true,"href":"https:\/\/nbg.eu\/it\/wp-json\/wp\/v2\/product_brand?post=694538"},{"taxonomy":"product_cat","embeddable":true,"href":"https:\/\/nbg.eu\/it\/wp-json\/wp\/v2\/product_cat?post=694538"},{"taxonomy":"product_tag","embeddable":true,"href":"https:\/\/nbg.eu\/it\/wp-json\/wp\/v2\/product_tag?post=694538"}],"curies":[{"name":"wp","href":"https:\/\/api.w.org\/{rel}","templated":true}]}}