{"id":694676,"date":"2024-09-18T14:06:30","date_gmt":"2024-09-18T11:06:30","guid":{"rendered":"https:\/\/nbg.eu\/product\/thumbrest-3-20-alu-black-kmr\/"},"modified":"2026-05-13T16:02:08","modified_gmt":"2026-05-13T13:02:08","slug":"thumbrest-3-20-alu-black-kmr","status":"publish","type":"product","link":"https:\/\/nbg.eu\/it\/product\/thumbrest-3-20-alu-black-kmr\/","title":{"rendered":"KMR Poggiapollice 3-20\u00b0 ALU Nero"},"content":{"rendered":"<h2>THUMBREST 3-20\u00b0 ALU BLACK KMR<\/h2>\n<p>Il THUMBREST 3-20\u00b0 ALU BLACK KMR \u00e8 un accessorio versatile ed ergonomico progettato per migliorare l&#8217;esperienza di tiro per gli utenti della piattaforma d&#8217;arma KMR. Questo poggia pollice consente una presa comoda e stabile, aiutando i tiratori a mantenere un migliore controllo e accuratezza durante il tiro con le loro armi da fuoco.<\/p>\n<p>Compatibile con il modello KMR L-02 ORCA fino al 2023, il THUMBREST 3-20\u00b0 ALU BLACK KMR \u00e8 un accessorio versatile e affidabile che pu\u00f2 migliorare la funzionalit\u00e0 e l&#8217;ergonomia della tua arma. Sia che tu sia un tiratore esperto o un principiante, questo poggia pollice pu\u00f2 aiutarti a ottenere un migliore controllo, stabilit\u00e0 e precisione quando ingaggi i tuoi bersagli.<\/p>\n","protected":false},"excerpt":{"rendered":"<p>Impugnatura confortevole, stabilizza l&#8217;arma, migliore controllo per KMR L-02 ORCA.<\/p>\n","protected":false},"featured_media":694693,"template":"","meta":{"_acf_changed":false},"product_brand":[11501],"product_cat":[12315],"product_tag":[],"class_list":{"0":"post-694676","1":"product","2":"type-product","3":"status-publish","4":"has-post-thumbnail","6":"product_brand-kmr-precision","7":"product_cat-parti-kmr","9":"first","10":"outofstock","11":"taxable","12":"shipping-taxable","13":"product-type-simple"},"acf":[],"_links":{"self":[{"href":"https:\/\/nbg.eu\/it\/wp-json\/wp\/v2\/product\/694676","targetHints":{"allow":["GET"]}}],"collection":[{"href":"https:\/\/nbg.eu\/it\/wp-json\/wp\/v2\/product"}],"about":[{"href":"https:\/\/nbg.eu\/it\/wp-json\/wp\/v2\/types\/product"}],"wp:featuredmedia":[{"embeddable":true,"href":"https:\/\/nbg.eu\/it\/wp-json\/wp\/v2\/media\/694693"}],"wp:attachment":[{"href":"https:\/\/nbg.eu\/it\/wp-json\/wp\/v2\/media?parent=694676"}],"wp:term":[{"taxonomy":"product_brand","embeddable":true,"href":"https:\/\/nbg.eu\/it\/wp-json\/wp\/v2\/product_brand?post=694676"},{"taxonomy":"product_cat","embeddable":true,"href":"https:\/\/nbg.eu\/it\/wp-json\/wp\/v2\/product_cat?post=694676"},{"taxonomy":"product_tag","embeddable":true,"href":"https:\/\/nbg.eu\/it\/wp-json\/wp\/v2\/product_tag?post=694676"}],"curies":[{"name":"wp","href":"https:\/\/api.w.org\/{rel}","templated":true}]}}