{"id":694844,"date":"2024-08-17T17:23:25","date_gmt":"2024-08-17T14:23:25","guid":{"rendered":"https:\/\/nbg.eu\/product\/trigger-bar-spring-kmr\/"},"modified":"2026-02-26T12:13:56","modified_gmt":"2026-02-26T09:13:56","slug":"trigger-bar-spring-kmr","status":"publish","type":"product","link":"https:\/\/nbg.eu\/it\/product\/trigger-bar-spring-kmr\/","title":{"rendered":"Molla della leva di scatto KMR"},"content":{"rendered":"<h2>Molla di attivazione della leva KMR per armi KMR<\/h2>\n<p>Progettata con precisione e durata, questa molla garantisce un funzionamento fluido e affidabile del grilletto per questi sistemi di armi avanzati. La sua robusta costruzione e il design meticoloso offrono prestazioni costanti, anche negli ambienti pi\u00f9 esigenti.<\/p>\n<p>Che tu sia un tiratore professionista o un appassionato, questa parte \u00e8 un componente di ricambio essenziale per mantenere la funzionalit\u00e0 ottimale delle tue armi KMR. Investi in questo componente di alta qualit\u00e0 per mantenere le tue armi da fuoco in perfetta efficienza.<\/p>\n<p>Per armi KMR:<\/p>\n<p>KMR L-02 SPECTRA DAL 2024<\/p>\n<p>KMR L-02 SPECTRA FINO AL 2023<\/p>\n<p>KMR L-02 UMBRA (OR) SR<\/p>\n<p>KMR S-01 LANCE (OR)<\/p>\n<p>KMR S-02 DAL 2024<\/p>\n<p>KMR S-02 FINO AL 2023<\/p>\n<p>KMR W-02 CUDA (OR)<\/p>\n<p>KMR W-02 UMBRA<\/p>\n<p>KMR W-02 UMBRA (OR)<\/p>\n","protected":false},"excerpt":{"rendered":"<p>Molla della barra di innesco per i modelli KMR.<\/p>\n","protected":false},"featured_media":694862,"template":"","meta":{"_acf_changed":false},"product_brand":[11501],"product_cat":[12333,12315],"product_tag":[],"class_list":{"0":"post-694844","1":"product","2":"type-product","3":"status-publish","4":"has-post-thumbnail","6":"product_brand-kmr-precision","7":"product_cat-molle","8":"product_cat-parti-kmr","10":"first","11":"instock","12":"taxable","13":"shipping-taxable","14":"product-type-simple"},"acf":[],"_links":{"self":[{"href":"https:\/\/nbg.eu\/it\/wp-json\/wp\/v2\/product\/694844","targetHints":{"allow":["GET"]}}],"collection":[{"href":"https:\/\/nbg.eu\/it\/wp-json\/wp\/v2\/product"}],"about":[{"href":"https:\/\/nbg.eu\/it\/wp-json\/wp\/v2\/types\/product"}],"wp:featuredmedia":[{"embeddable":true,"href":"https:\/\/nbg.eu\/it\/wp-json\/wp\/v2\/media\/694862"}],"wp:attachment":[{"href":"https:\/\/nbg.eu\/it\/wp-json\/wp\/v2\/media?parent=694844"}],"wp:term":[{"taxonomy":"product_brand","embeddable":true,"href":"https:\/\/nbg.eu\/it\/wp-json\/wp\/v2\/product_brand?post=694844"},{"taxonomy":"product_cat","embeddable":true,"href":"https:\/\/nbg.eu\/it\/wp-json\/wp\/v2\/product_cat?post=694844"},{"taxonomy":"product_tag","embeddable":true,"href":"https:\/\/nbg.eu\/it\/wp-json\/wp\/v2\/product_tag?post=694844"}],"curies":[{"name":"wp","href":"https:\/\/api.w.org\/{rel}","templated":true}]}}