{"id":695140,"date":"2024-08-16T23:17:10","date_gmt":"2024-08-16T20:17:10","guid":{"rendered":"https:\/\/nbg.eu\/product\/trigger-hammer-pin-kmr\/"},"modified":"2026-05-13T16:02:03","modified_gmt":"2026-05-13T13:02:03","slug":"trigger-hammer-pin-kmr","status":"publish","type":"product","link":"https:\/\/nbg.eu\/it\/product\/trigger-hammer-pin-kmr\/","title":{"rendered":"KMR Grilletto &amp; Hammer Pin"},"content":{"rendered":"<h2>TRIGGER E MARTELLO PIN<\/h2>\n<p>Aggiorna le prestazioni della tua arma da fuoco con il TRIGGER E MARTELLO PIN, un componente di ricambio premium progettato per migliorare la trazione del grilletto e l&#8217;esperienza di tiro complessiva. Realizzato con materiali di alta qualit\u00e0, questo set di pin \u00e8 progettato per fornire un&#8217;azione del grilletto fluida e costante, garantendo una maggiore accuratezza e controllo.<\/p>\n<p>Caratterizzato da un design realizzato con precisione, il TRIGGER E MARTELLO PIN assicura una vestibilit\u00e0 perfetta nella tua arma da fuoco, riducendo al minimo il gioco e migliorando la risposta del grilletto. La sua costruzione resistente \u00e8 realizzata per resistere alle sollecitazioni dell&#8217;uso frequente, garantendo affidabilit\u00e0 e prestazioni a lungo termine.<\/p>\n<p>Progettato per essere un sostituto semplice da installare, il TRIGGER E MARTELLO PIN \u00e8 facile da montare, permettendoti di aggiornare rapidamente e senza sforzo la tua arma da fuoco senza la necessit\u00e0 di strumenti specializzati o modifiche estensive. Che tu sia uno sparatore agonistico, un operatore tattico o un appassionato hobbista, questo set di pin migliorer\u00e0 le tue capacit\u00e0 di tiro e porter\u00e0 le prestazioni della tua arma da fuoco a un livello superiore.<\/p>\n<p>Per armi KMR, come:<br \/>\nKMR L-02 EMIQ<br \/>\nKMR L-02 EMIQ (OR)<br \/>\nKMR L-02 ORCA DAL 2024<br \/>\nKMR L-02 ORCA FINO AL 2023<br \/>\nKMR L-02 SPECTRA DAL 2024<br \/>\nKMR L-02 SPECTRA FINO AL 2023<br \/>\nKMR L-02 UMBRA DAL 2024<br \/>\nKMR L-02 UMBRA FINO AL 2023<br \/>\nKMR S-01 LANCE (OR)<br \/>\nKMR S-02 DAL 2024<br \/>\nKMR S-02 FINO AL 2023<br \/>\nKMR W-02 CUDA DAL 2024<br \/>\nKMR W-02 CUDA FINO AL 2023<br \/>\nKMR W-02 UMBRA<br \/>\nKMR W-02 UMBRA (OR)<\/p>\n","protected":false},"excerpt":{"rendered":"<p>Perno di grilletto e cane di alta qualit\u00e0 per pistole KMR, progettato con precisione.<\/p>\n","protected":false},"featured_media":720194,"template":"","meta":{"_acf_changed":false},"product_brand":[11501],"product_cat":[12315],"product_tag":[],"class_list":{"0":"post-695140","1":"product","2":"type-product","3":"status-publish","4":"has-post-thumbnail","6":"product_brand-kmr-precision","7":"product_cat-parti-kmr","9":"first","10":"instock","11":"taxable","12":"shipping-taxable","13":"product-type-simple"},"acf":[],"_links":{"self":[{"href":"https:\/\/nbg.eu\/it\/wp-json\/wp\/v2\/product\/695140","targetHints":{"allow":["GET"]}}],"collection":[{"href":"https:\/\/nbg.eu\/it\/wp-json\/wp\/v2\/product"}],"about":[{"href":"https:\/\/nbg.eu\/it\/wp-json\/wp\/v2\/types\/product"}],"wp:featuredmedia":[{"embeddable":true,"href":"https:\/\/nbg.eu\/it\/wp-json\/wp\/v2\/media\/720194"}],"wp:attachment":[{"href":"https:\/\/nbg.eu\/it\/wp-json\/wp\/v2\/media?parent=695140"}],"wp:term":[{"taxonomy":"product_brand","embeddable":true,"href":"https:\/\/nbg.eu\/it\/wp-json\/wp\/v2\/product_brand?post=695140"},{"taxonomy":"product_cat","embeddable":true,"href":"https:\/\/nbg.eu\/it\/wp-json\/wp\/v2\/product_cat?post=695140"},{"taxonomy":"product_tag","embeddable":true,"href":"https:\/\/nbg.eu\/it\/wp-json\/wp\/v2\/product_tag?post=695140"}],"curies":[{"name":"wp","href":"https:\/\/api.w.org\/{rel}","templated":true}]}}