{"id":696681,"date":"2025-12-22T15:43:37","date_gmt":"2025-12-22T12:43:37","guid":{"rendered":"https:\/\/nbg.eu\/product\/missione-zaino-da-assalto-multicam\/"},"modified":"2026-04-15T14:27:21","modified_gmt":"2026-04-15T11:27:21","slug":"missione-zaino-da-assalto-multicam","status":"publish","type":"product","link":"https:\/\/nbg.eu\/it\/product\/missione-zaino-da-assalto-multicam\/","title":{"rendered":"Eberlestock Zaino d&#8217;Assalto Mission &#8211; Multicam"},"content":{"rendered":"<h2>Zaino da Assalto Mission &#8211; Multicam<\/h2>\n<p>Costruito dalla base per essere perfettamente a suo agio nello stack, lo Zaino da Assalto si abbina al Telaio Mission per un sistema snello e portante. Con una serie di funzionalit\u00e0 organizzative, un adattamento sicuro e regolabile e un accesso rapido all&#8217;interno, lo Zaino da Assalto ti tiene sulla rotta. La possibilit\u00e0 di aggiungere ulteriori accessori e funzionalit\u00e0 tramite il sistema Mission EMOD aumenta ulteriormente le capacit\u00e0 di questo zaino.<\/p>\n<p>Con un peso di 1 libbra e 12 once, lo Zaino da Assalto \u00e8 costruito con materiali durevoli da 500D Ripstop e offre una generosa capacit\u00e0 di 2.000 pollici cubi per contenere il tuo equipaggiamento essenziale.<\/p>\n","protected":false},"excerpt":{"rendered":"<p>Zaino modulare e versatile per assalto con caratteristiche organizzative e compatibilit\u00e0 EMOD.<\/p>\n","protected":false},"featured_media":696707,"template":"","meta":{"_acf_changed":false},"product_brand":[15153],"product_cat":[12309],"product_tag":[],"class_list":{"0":"post-696681","1":"product","2":"type-product","3":"status-publish","4":"has-post-thumbnail","6":"product_brand-eberlestock","7":"product_cat-zaini","9":"first","10":"outofstock","11":"taxable","12":"shipping-taxable","13":"purchasable","14":"product-type-variable","15":"wvs-archive-product-wrapper"},"acf":[],"_links":{"self":[{"href":"https:\/\/nbg.eu\/it\/wp-json\/wp\/v2\/product\/696681","targetHints":{"allow":["GET"]}}],"collection":[{"href":"https:\/\/nbg.eu\/it\/wp-json\/wp\/v2\/product"}],"about":[{"href":"https:\/\/nbg.eu\/it\/wp-json\/wp\/v2\/types\/product"}],"wp:featuredmedia":[{"embeddable":true,"href":"https:\/\/nbg.eu\/it\/wp-json\/wp\/v2\/media\/696707"}],"wp:attachment":[{"href":"https:\/\/nbg.eu\/it\/wp-json\/wp\/v2\/media?parent=696681"}],"wp:term":[{"taxonomy":"product_brand","embeddable":true,"href":"https:\/\/nbg.eu\/it\/wp-json\/wp\/v2\/product_brand?post=696681"},{"taxonomy":"product_cat","embeddable":true,"href":"https:\/\/nbg.eu\/it\/wp-json\/wp\/v2\/product_cat?post=696681"},{"taxonomy":"product_tag","embeddable":true,"href":"https:\/\/nbg.eu\/it\/wp-json\/wp\/v2\/product_tag?post=696681"}],"curies":[{"name":"wp","href":"https:\/\/api.w.org\/{rel}","templated":true}]}}