{"id":697074,"date":"2025-12-22T16:18:10","date_gmt":"2025-12-22T13:18:10","guid":{"rendered":"https:\/\/nbg.eu\/product\/missione-cerniera-estensione-multicam\/"},"modified":"2026-04-15T14:27:13","modified_gmt":"2026-04-15T11:27:13","slug":"missione-cerniera-estensione-multicam","status":"publish","type":"product","link":"https:\/\/nbg.eu\/it\/product\/missione-cerniera-estensione-multicam\/","title":{"rendered":"Eberlestock Estensione Cerniera Mission EMOD &#8211; Multicam"},"content":{"rendered":"<h2>Estensione della cerniera Mission-Multicam<\/h2>\n<p>L&#8217;estensione della cerniera Mission combina scopo e utilit\u00e0 per l&#8217;operatore. L&#8217;estensione della cerniera si attacca alla parte anteriore della struttura Mission EMOD ed \u00e8 progettata per essere utilizzata con l&#8217;ARC Mission e uno zaino Mission per aumentare la capacit\u00e0 e la versatilit\u00e0 del tuo equipaggiamento. Il tessuto MOLLE e la costruzione laminata a doppio strato in 500D ti forniscono le funzionalit\u00e0 necessarie per una gestione efficiente dei cavi, il routing delle antenne e l&#8217;attacco dei lacci emostatici. L&#8217;estensione della cerniera Mission serve come un attacco vitale per rafforzare le tue prestazioni sul campo.<\/p>\n<h2>Dimensioni<\/h2>\n<p>Dimensioni: 15&#8243; x 3&#8243;<\/p>\n<h2>Caratteristiche<\/h2>\n<ul>\n<li>Tessuto 500D<\/li>\n<li>Cerniere YKK<\/li>\n<li>Laminato a doppio strato<\/li>\n<\/ul>\n","protected":false},"excerpt":{"rendered":"<p>La Cerniera di Estensione Mission-Multicam aumenta la capacit\u00e0 di stivaggio con la struttura in nastro MOLLE e laminato 500D per la gestione dei cavi e il routing delle antenne.<\/p>\n","protected":false},"featured_media":697100,"template":"","meta":{"_acf_changed":false},"product_brand":[15153],"product_cat":[12309],"product_tag":[],"class_list":{"0":"post-697074","1":"product","2":"type-product","3":"status-publish","4":"has-post-thumbnail","6":"product_brand-eberlestock","7":"product_cat-zaini","9":"first","10":"instock","11":"taxable","12":"shipping-taxable","13":"purchasable","14":"product-type-variable","15":"wvs-archive-product-wrapper"},"acf":[],"_links":{"self":[{"href":"https:\/\/nbg.eu\/it\/wp-json\/wp\/v2\/product\/697074","targetHints":{"allow":["GET"]}}],"collection":[{"href":"https:\/\/nbg.eu\/it\/wp-json\/wp\/v2\/product"}],"about":[{"href":"https:\/\/nbg.eu\/it\/wp-json\/wp\/v2\/types\/product"}],"wp:featuredmedia":[{"embeddable":true,"href":"https:\/\/nbg.eu\/it\/wp-json\/wp\/v2\/media\/697100"}],"wp:attachment":[{"href":"https:\/\/nbg.eu\/it\/wp-json\/wp\/v2\/media?parent=697074"}],"wp:term":[{"taxonomy":"product_brand","embeddable":true,"href":"https:\/\/nbg.eu\/it\/wp-json\/wp\/v2\/product_brand?post=697074"},{"taxonomy":"product_cat","embeddable":true,"href":"https:\/\/nbg.eu\/it\/wp-json\/wp\/v2\/product_cat?post=697074"},{"taxonomy":"product_tag","embeddable":true,"href":"https:\/\/nbg.eu\/it\/wp-json\/wp\/v2\/product_tag?post=697074"}],"curies":[{"name":"wp","href":"https:\/\/api.w.org\/{rel}","templated":true}]}}