{"id":700390,"date":"2025-12-22T18:10:47","date_gmt":"2025-12-22T15:10:47","guid":{"rendered":"https:\/\/nbg.eu\/product\/pannello-molle\/"},"modified":"2026-04-15T14:26:44","modified_gmt":"2026-04-15T11:26:44","slug":"pannello-molle","status":"publish","type":"product","link":"https:\/\/nbg.eu\/it\/product\/pannello-molle\/","title":{"rendered":"Eberlestock Pannello MOLLE Recon"},"content":{"rendered":"<h2>Pannello MOLLE Recon &#8211; Accessorio versatile per il tuo supporto per binocoli<\/h2>\n<p>Il Pannello MOLLE Recon \u00e8 un&#8217;aggiunta semplice ma versatile al tuo set up del supporto per binocoli. Offre un modo pratico per fissare varie tasche, come la Tasca Spray Orso Recon o la Tasca Telemetro Recon, orizzontalmente sotto la tua tasca per binocoli. Questo pannello serve anche come piattaforma sicura per fondine compatibili con MOLLE, permettendoti di trasportare in modo sicuro e confortevole una pistola sul tuo supporto per binocoli.<\/p>\n<p>Misurando 6&#8243; di larghezza e 3,25&#8243; di altezza, il Pannello MOLLE Recon offre un design compatto e snello che non aggiunger\u00e0 ingombro inutile al tuo equipaggiamento. La sua costruzione compatibile con MOLLE garantisce la compatibilit\u00e0 con una vasta gamma di accessori, offrendoti la flessibilit\u00e0 di personalizzare il tuo set up in base alle tue esigenze specifiche.<\/p>\n","protected":false},"excerpt":{"rendered":"<p>Pannello MOLLE versatile per il fissaggio di tasche e il trasporto di pistole su imbracatura per binocolo.<\/p>\n","protected":false},"featured_media":700458,"template":"","meta":{"_acf_changed":false},"product_brand":[15153],"product_cat":[12363],"product_tag":[],"class_list":{"0":"post-700390","1":"product","2":"type-product","3":"status-publish","4":"has-post-thumbnail","6":"product_brand-eberlestock","7":"product_cat-tasche","9":"first","10":"instock","11":"taxable","12":"shipping-taxable","13":"purchasable","14":"product-type-variable","15":"wvs-archive-product-wrapper"},"acf":[],"_links":{"self":[{"href":"https:\/\/nbg.eu\/it\/wp-json\/wp\/v2\/product\/700390","targetHints":{"allow":["GET"]}}],"collection":[{"href":"https:\/\/nbg.eu\/it\/wp-json\/wp\/v2\/product"}],"about":[{"href":"https:\/\/nbg.eu\/it\/wp-json\/wp\/v2\/types\/product"}],"wp:featuredmedia":[{"embeddable":true,"href":"https:\/\/nbg.eu\/it\/wp-json\/wp\/v2\/media\/700458"}],"wp:attachment":[{"href":"https:\/\/nbg.eu\/it\/wp-json\/wp\/v2\/media?parent=700390"}],"wp:term":[{"taxonomy":"product_brand","embeddable":true,"href":"https:\/\/nbg.eu\/it\/wp-json\/wp\/v2\/product_brand?post=700390"},{"taxonomy":"product_cat","embeddable":true,"href":"https:\/\/nbg.eu\/it\/wp-json\/wp\/v2\/product_cat?post=700390"},{"taxonomy":"product_tag","embeddable":true,"href":"https:\/\/nbg.eu\/it\/wp-json\/wp\/v2\/product_tag?post=700390"}],"curies":[{"name":"wp","href":"https:\/\/api.w.org\/{rel}","templated":true}]}}