{"id":732334,"date":"2026-03-13T17:31:30","date_gmt":"2026-03-13T14:31:30","guid":{"rendered":"https:\/\/nbg.eu\/product\/microtech-utx-85-gen-iv-t-e-apocalyptic-standard-tan-2\/"},"modified":"2026-03-30T15:37:12","modified_gmt":"2026-03-30T12:37:12","slug":"microtech-utx-85-gen-iv-t-e-apocalyptic-standard-tan-2","status":"publish","type":"product","link":"https:\/\/nbg.eu\/it\/product\/microtech-utx-85-gen-iv-t-e-apocalyptic-standard-tan-2\/","title":{"rendered":"Microtech UTX-85 Gen IV T\/E Apocalyptic Standard Tan"},"content":{"rendered":"<h2>Panoramica<\/h2>\n<p>Il Microtech UTX-85 Gen IV \u00e8 un potente concentrato progettato all&#8217;85% delle dimensioni dell&#8217;ammiraglia Ultratech, rendendolo un OTF automatico ideale per il trasporto quotidiano. Questa variante marrone chiaro presenta una lama tanto con finitura apocalittica con bordo liscio standard in acciaio Bohler M390MK. Nonostante il suo ingombro ridotto, l&#8217;UTX-85 Gen IV eredita tutta la tecnologia avanzata dal suo fratello maggiore, tra cui il Dual Fuel Drive Train e il meccanismo autopulente Crud Kutter, offrendo prestazioni a grandezza naturale in un pacchetto tascabile.<\/p>\n<h3>Design EDC compatto<\/h3>\n<p>Con l&#8217;85% delle dimensioni dell&#8217;Ultratech e un peso di soli 90 g, l&#8217;UTX-85 Gen IV si adatta comodamente a qualsiasi tasca pur mantenendo la piena funzionalit\u00e0 e la qualit\u00e0 costruttiva della sua controparte pi\u00f9 grande. Il profilo ergonomico dell&#8217;impugnatura garantisce una presa sicura per mani di qualsiasi dimensione.<\/p>\n<h3>Trazione a doppia alimentazione<\/h3>\n<p>La trasmissione di quarta generazione utilizza un sistema a doppia molla per un&#8217;implementazione coerente della lama con un&#8217;usura interna ridotta. Il meccanismo compatto offre un&#8217;azione potente e affidabile migliaia di volte.<\/p>\n<h3>Sistema autopulente Crud Kutter<\/h3>\n<p>Il sistema integrato di spostamento dei detriti mantiene il percorso della lama libero da sporco e lanugine, garantendo un&#8217;implementazione affidabile quando ne hai pi\u00f9 bisogno.<\/p>\n<h3>Componenti premium<\/h3>\n<ul>\n<li>Lama tanto Bohler M390MK<\/li>\n<li>Maniglia in alluminio aeronautico 6061-T6<\/li>\n<li>Sistema di implementazione del treno di trasmissione a doppia alimentazione<\/li>\n<li>Meccanismo interruttore autopulente Crud Kutter<\/li>\n<li>Clip da tasca in titanio fresato con sfere in ceramica<\/li>\n<li>Rompivetro<\/li>\n<li>Hardware Torx ovunque<\/li>\n<\/ul>\n<h3>Specifiche<\/h3>\n<table class=\"shop_attributes\">\n<tr>\n<td><strong>Tipo<\/strong><\/td>\n<td>Automatico all&#8217;avanguardia<\/td>\n<\/tr>\n<tr>\n<td><strong>Lunghezza lama<\/strong><\/td>\n<td>3,10&#8243;<\/td>\n<\/tr>\n<tr>\n<td><strong>Lunghezza totale<\/strong><\/td>\n<td>7,65&#8243;<\/td>\n<\/tr>\n<tr>\n<td><strong>Lama in acciaio<\/strong><\/td>\n<td>Bohler M390MK<\/td>\n<\/tr>\n<tr>\n<td><strong>Maneggiare il materiale<\/strong><\/td>\n<td>Alluminio 6061-T6<\/td>\n<\/tr>\n<tr>\n<td><strong>Peso<\/strong><\/td>\n<td>3,10 once<\/td>\n<\/tr>\n<tr>\n<td><strong>Clip da tasca<\/strong><\/td>\n<td>Titanio fresato con fermo in ceramica<\/td>\n<\/tr>\n<tr>\n<td><strong>Hardware<\/strong><\/td>\n<td>Viti Torx<\/td>\n<\/tr>\n<tr>\n<td><strong>Rompivetro<\/strong><\/td>\n<td>S\u00ec<\/td>\n<\/tr>\n<tr>\n<td><strong>Paese di origine<\/strong><\/td>\n<td>Stati Uniti<\/td>\n<\/tr>\n<tr>\n<td><strong>Gestisci il colore<\/strong><\/td>\n<td>Abbronzatura<\/td>\n<\/tr>\n<tr>\n<td><strong>Finitura lama<\/strong><\/td>\n<td>Apocalittico<\/td>\n<\/tr>\n<tr>\n<td><strong>Tipo di bordo<\/strong><\/td>\n<td>Semplice<\/td>\n<\/tr>\n","protected":false},"excerpt":{"rendered":"<p>Coltello automatico compatto UTX-85 Gen IV OTF color marrone chiaro con lama tanto M390MK con finitura apocalittica. Dimensioni ultratecnologiche all&#8217;85% con trasmissione Dual Fuel. Lama da 3,10&#8243;, 7,65&#8243; in totale, 3,1 once.<\/p>\n","protected":false},"featured_media":731730,"template":"","meta":{"_acf_changed":false},"product_brand":[15522],"product_cat":[15998,15345],"product_tag":[],"class_list":{"0":"post-732334","1":"product","2":"type-product","3":"status-publish","4":"has-post-thumbnail","6":"product_brand-microtech","7":"product_cat-otf-knives-it","8":"product_cat-knives-it","10":"first","11":"outofstock","12":"taxable","13":"shipping-taxable","14":"purchasable","15":"product-type-simple"},"acf":[],"_links":{"self":[{"href":"https:\/\/nbg.eu\/it\/wp-json\/wp\/v2\/product\/732334","targetHints":{"allow":["GET"]}}],"collection":[{"href":"https:\/\/nbg.eu\/it\/wp-json\/wp\/v2\/product"}],"about":[{"href":"https:\/\/nbg.eu\/it\/wp-json\/wp\/v2\/types\/product"}],"wp:featuredmedia":[{"embeddable":true,"href":"https:\/\/nbg.eu\/it\/wp-json\/wp\/v2\/media\/731730"}],"wp:attachment":[{"href":"https:\/\/nbg.eu\/it\/wp-json\/wp\/v2\/media?parent=732334"}],"wp:term":[{"taxonomy":"product_brand","embeddable":true,"href":"https:\/\/nbg.eu\/it\/wp-json\/wp\/v2\/product_brand?post=732334"},{"taxonomy":"product_cat","embeddable":true,"href":"https:\/\/nbg.eu\/it\/wp-json\/wp\/v2\/product_cat?post=732334"},{"taxonomy":"product_tag","embeddable":true,"href":"https:\/\/nbg.eu\/it\/wp-json\/wp\/v2\/product_tag?post=732334"}],"curies":[{"name":"wp","href":"https:\/\/api.w.org\/{rel}","templated":true}]}}