{"id":732344,"date":"2026-03-13T17:32:28","date_gmt":"2026-03-13T14:32:28","guid":{"rendered":"https:\/\/nbg.eu\/product\/microtech-socom-elite-s-e-auto-stonewash-standard-2\/"},"modified":"2026-03-16T12:44:09","modified_gmt":"2026-03-16T09:44:09","slug":"microtech-socom-elite-s-e-auto-stonewash-standard-2","status":"publish","type":"product","link":"https:\/\/nbg.eu\/it\/product\/microtech-socom-elite-s-e-auto-stonewash-standard-2\/","title":{"rendered":"Microtech Socom Elite S\/E Auto Stonewash Standard"},"content":{"rendered":"<h2>Panoramica<\/h2>\n<p>Il Microtech Socom Elite \u00e8 rimasto uno dei coltelli tattici pieghevoli pi\u00f9 popolari sin dal suo inizio nel 1996, e questa variante automatica continua questa eredit\u00e0. Dotato di una lama M390 con finitura stonewash e bordo liscio standard, l&#8217;impugnatura ergonomica di Socom Elite si adatta naturalmente alla mano, mentre il rompi-vetro integrato e l&#8217;ampio perno per il pollice garantiscono praticit\u00e0 e facilit\u00e0 d&#8217;uso con una sola mano, anche con i guanti.<\/p>\n<h3>Design tattico collaudato<\/h3>\n<p>Dal 1996, Socom Elite \u00e8 stato perfezionato grazie a decenni di feedback dal mondo reale da parte di militari, forze dell&#8217;ordine e utenti civili. La geometria dell&#8217;impugnatura offre una presa naturale e sicura che riduce l&#8217;affaticamento durante l&#8217;uso prolungato.<\/p>\n<h3>Rompivetro integrato<\/h3>\n<p>Un rompivetro temprato integrato nella base dell&#8217;impugnatura fornisce la capacit\u00e0 di fuga di emergenza, rendendo Socom Elite uno strumento versatile che va oltre le attivit\u00e0 di taglio.<\/p>\n<h3>Funzionamento adatto ai guanti<\/h3>\n<p>Il perno per il pollice sovradimensionato e gli inserti dell&#8217;impugnatura testurizzati sulle guancette dell&#8217;impugnatura in alluminio garantiscono un controllo positivo e un facile utilizzo anche con guanti tattici o in condizioni di bagnato.<\/p>\n<h3>Componenti premium<\/h3>\n<ul>\n<li>Lama Bohler M390<\/li>\n<li>Maniglia in alluminio 6061-T6 con inserti di presa<\/li>\n<li>Rompi vetro integrato<\/li>\n<li>Grande bottone per il pollice per l&#8217;utilizzo con i guanti<\/li>\n<li>Clip da tasca<\/li>\n<\/ul>\n<h3>Specifiche<\/h3>\n<table class=\"shop_attributes\">\n<tr>\n<td><strong>Tipo<\/strong><\/td>\n<td>Cartella automatica<\/td>\n<\/tr>\n<tr>\n<td><strong>Lunghezza lama<\/strong><\/td>\n<td>4,05&#8243;<\/td>\n<\/tr>\n<tr>\n<td><strong>Lunghezza totale<\/strong><\/td>\n<td>9,17&#8243;<\/td>\n<\/tr>\n<tr>\n<td><strong>Lama in acciaio<\/strong><\/td>\n<td>Bohler M390<\/td>\n<\/tr>\n<tr>\n<td><strong>Maneggiare il materiale<\/strong><\/td>\n<td>Alluminio 6061-T6 (nero)<\/td>\n<\/tr>\n<tr>\n<td><strong>Peso<\/strong><\/td>\n<td>5,40 once<\/td>\n<\/tr>\n<tr>\n<td><strong>Stile lama<\/strong><\/td>\n<td>Punto di ritaglio (S\/E)<\/td>\n<\/tr>\n<tr>\n<td><strong>Finitura lama<\/strong><\/td>\n<td>Stonewash<\/td>\n<\/tr>\n<tr>\n<td><strong>Tipo di bordo<\/strong><\/td>\n<td>Semplice<\/td>\n<\/tr>\n<tr>\n<td><strong>Blocca<\/strong><\/td>\n<td>Blocco pulsanti<\/td>\n<\/tr>\n<tr>\n<td><strong>Rompivetro<\/strong><\/td>\n<td>Integrato<\/td>\n<\/tr>\n<tr>\n<td><strong>Paese di origine<\/strong><\/td>\n<td>Stati Uniti<\/td>\n<\/tr>\n","protected":false},"excerpt":{"rendered":"<p>Piegatrice automatica Socom Elite con lama clip point a filo singolo M390 con finitura stonewash. Design tattico iconico dal 1996 con rompi-vetro integrato. Lama da 4,05&#8243;, 9,17&#8243; complessivi, 5,4 once.<\/p>\n","protected":false},"featured_media":731766,"template":"","meta":{"_acf_changed":false},"product_brand":[15522],"product_cat":[15367,15345],"product_tag":[],"class_list":{"0":"post-732344","1":"product","2":"type-product","3":"status-publish","4":"has-post-thumbnail","6":"product_brand-microtech","7":"product_cat-folding-knives-it","8":"product_cat-knives-it","10":"first","11":"outofstock","12":"taxable","13":"shipping-taxable","14":"purchasable","15":"product-type-simple"},"acf":[],"_links":{"self":[{"href":"https:\/\/nbg.eu\/it\/wp-json\/wp\/v2\/product\/732344","targetHints":{"allow":["GET"]}}],"collection":[{"href":"https:\/\/nbg.eu\/it\/wp-json\/wp\/v2\/product"}],"about":[{"href":"https:\/\/nbg.eu\/it\/wp-json\/wp\/v2\/types\/product"}],"wp:featuredmedia":[{"embeddable":true,"href":"https:\/\/nbg.eu\/it\/wp-json\/wp\/v2\/media\/731766"}],"wp:attachment":[{"href":"https:\/\/nbg.eu\/it\/wp-json\/wp\/v2\/media?parent=732344"}],"wp:term":[{"taxonomy":"product_brand","embeddable":true,"href":"https:\/\/nbg.eu\/it\/wp-json\/wp\/v2\/product_brand?post=732344"},{"taxonomy":"product_cat","embeddable":true,"href":"https:\/\/nbg.eu\/it\/wp-json\/wp\/v2\/product_cat?post=732344"},{"taxonomy":"product_tag","embeddable":true,"href":"https:\/\/nbg.eu\/it\/wp-json\/wp\/v2\/product_tag?post=732344"}],"curies":[{"name":"wp","href":"https:\/\/api.w.org\/{rel}","templated":true}]}}