{"id":749746,"date":"2026-04-24T11:17:35","date_gmt":"2026-04-24T08:17:35","guid":{"rendered":"https:\/\/nbg.eu\/product\/eberlestock-freefall-3000-zaino\/"},"modified":"2026-04-24T12:00:39","modified_gmt":"2026-04-24T09:00:39","slug":"eberlestock-freefall-3000-zaino","status":"publish","type":"product","link":"https:\/\/nbg.eu\/it\/product\/eberlestock-freefall-3000-zaino\/","title":{"rendered":"Eberlestock FreeFall 3000 Zaino"},"content":{"rendered":"<h2>Eberlestock FreeFall 3000 Zaino<\/h2>\n<p>L&#8217;Eberlestock FreeFall 3000 \u00e8 il fratello maggiore della serie FreeFall, che offre 3000 pollici cubi di capacit\u00e0 per missioni prolungate in natura e operazioni di pi\u00f9 giorni. Con lo stesso design collaudato con robusto telaio in alluminio, sette tasche interne e organizzazione completa, questo zaino gestisce carichi pi\u00f9 pesanti con facilit\u00e0.<\/p>\n<h3>Caratteristiche principali<\/h3>\n<ul>\n<li>3000 c.i. \/ 49.2L capacity<\/li>\n<li>Spacious top lid<\/li>\n<li>Seven interior pockets<\/li>\n<li>Water bladder sleeve<\/li>\n<li>Compression straps<\/li>\n<li>Hip-belt pockets<\/li>\n<li>Aluminum frame<\/li>\n<li>Eberlestock Lifetime Warranty<\/li>\n<\/ul>\n<h3>Specifiche<\/h3>\n<table>\n<tr>\n<td><strong>Volume<\/strong><\/td>\n<td>3000 c.i. \/ 49.2L<\/td>\n<\/tr>\n<tr>\n<td><strong>Peso<\/strong><\/td>\n<td>5 lbs 1 oz<\/td>\n<\/tr>\n<tr>\n<td><strong>Telaio<\/strong><\/td>\n<td>Aluminum<\/td>\n<\/tr>\n<tr>\n<td><strong>Codici prodotto<\/strong><\/td>\n<td>V8MC, V8GY, V8MB, V8ME, V8MJ, V8MM<\/td>\n<\/tr>\n<tr>\n<td><strong>Produttore<\/strong><\/td>\n<td>Eberlestock (Azienda di veterani)<\/td>\n<\/tr>\n<\/table>\n","protected":false},"excerpt":{"rendered":"<p>L&#8217;Eberlestock FreeFall 3000 \u00e8 il fratello maggiore della serie FreeFall, che offre 3000 pollici cubi di capacit\u00e0 per missioni prolungate in natura e operazioni di pi\u00f9 giorni. Con lo stesso design collaudato con robusto telaio in alluminio, sette tasche interne e organizzazione completa, questo zaino gestisce carichi pi\u00f9 pesanti con facilit\u00e0.<\/p>\n","protected":false},"featured_media":749747,"template":"","meta":{"_acf_changed":false},"product_brand":[15153],"product_cat":[12309],"product_tag":[],"class_list":{"0":"post-749746","1":"product","2":"type-product","3":"status-publish","4":"has-post-thumbnail","6":"product_brand-eberlestock","7":"product_cat-zaini","9":"first","10":"outofstock","11":"taxable","12":"shipping-taxable","13":"purchasable","14":"product-type-variable","15":"wvs-archive-product-wrapper"},"acf":[],"_links":{"self":[{"href":"https:\/\/nbg.eu\/it\/wp-json\/wp\/v2\/product\/749746","targetHints":{"allow":["GET"]}}],"collection":[{"href":"https:\/\/nbg.eu\/it\/wp-json\/wp\/v2\/product"}],"about":[{"href":"https:\/\/nbg.eu\/it\/wp-json\/wp\/v2\/types\/product"}],"wp:featuredmedia":[{"embeddable":true,"href":"https:\/\/nbg.eu\/it\/wp-json\/wp\/v2\/media\/749747"}],"wp:attachment":[{"href":"https:\/\/nbg.eu\/it\/wp-json\/wp\/v2\/media?parent=749746"}],"wp:term":[{"taxonomy":"product_brand","embeddable":true,"href":"https:\/\/nbg.eu\/it\/wp-json\/wp\/v2\/product_brand?post=749746"},{"taxonomy":"product_cat","embeddable":true,"href":"https:\/\/nbg.eu\/it\/wp-json\/wp\/v2\/product_cat?post=749746"},{"taxonomy":"product_tag","embeddable":true,"href":"https:\/\/nbg.eu\/it\/wp-json\/wp\/v2\/product_tag?post=749746"}],"curies":[{"name":"wp","href":"https:\/\/api.w.org\/{rel}","templated":true}]}}