{"id":750184,"date":"2026-04-24T11:17:44","date_gmt":"2026-04-24T08:17:44","guid":{"rendered":"https:\/\/nbg.eu\/product\/eberlestock-spectre-zaino-multicam\/"},"modified":"2026-04-24T12:02:31","modified_gmt":"2026-04-24T09:02:31","slug":"eberlestock-spectre-zaino-multicam","status":"publish","type":"product","link":"https:\/\/nbg.eu\/it\/product\/eberlestock-spectre-zaino-multicam\/","title":{"rendered":"Eberlestock Spectre Zaino &#8211; Multicam"},"content":{"rendered":"<h2>Eberlestock Spectre Zaino<\/h2>\n<p>L&#8217;Eberlestock Spectre \u00e8 lo zaino da tiratore scelto pi\u00f9 innovativo e versatile nella gamma Eberlestock, che ridefinisce le capacit\u00e0 di equipaggiamento di precisione. Con una capacit\u00e0 di 3100 p.c., una custodia per fucile integrata e caratteristiche organizzative complete, lo Spectre \u00e8 costruito per operatori che richiedono il massimo livello di prestazioni dal loro equipaggiamento.<\/p>\n<h3>Caratteristiche principali<\/h3>\n<ul>\n<li>3,100 c.i. \/ 50.8L capacity<\/li>\n<li>Integrated rifle scabbard (34&#8243;)<\/li>\n<li>Full MOLLE\/PALS webbing<\/li>\n<li>Adjustable torso length<\/li>\n<li>Hydration compatible<\/li>\n<li>Eberlestock Lifetime Warranty<\/li>\n<\/ul>\n<h3>Specifiche<\/h3>\n<table>\n<tr>\n<td><strong>Capacit\u00e0<\/strong><\/td>\n<td>3,100 c.i. \/ 50.8L<\/td>\n<\/tr>\n<tr>\n<td><strong>Peso<\/strong><\/td>\n<td>6 lbs 6 oz<\/td>\n<\/tr>\n<tr>\n<td><strong>Dimensioni<\/strong><\/td>\n<td>23&#8243; x 12&#8243; (Scabbard: 34&#8243;)<\/td>\n<\/tr>\n<tr>\n<td><strong>Codici prodotto<\/strong><\/td>\n<td>W2MM, W2ME, W2MC, W2MJ<\/td>\n<\/tr>\n<tr>\n<td><strong>Produttore<\/strong><\/td>\n<td>Eberlestock (Azienda di veterani)<\/td>\n<\/tr>\n<\/table>\n","protected":false},"excerpt":{"rendered":"<p>L&#8217;Eberlestock Spectre \u00e8 lo zaino da tiratore scelto pi\u00f9 innovativo e versatile nella gamma Eberlestock, che ridefinisce le capacit\u00e0 di equipaggiamento di precisione. Con una capacit\u00e0 di 3100 p.c., una custodia per fucile integrata e caratteristiche organizzative complete, lo Spectre \u00e8 costruito per operatori che richiedono il massimo livello di prestazioni dal loro equipaggiamento.<\/p>\n","protected":false},"featured_media":750185,"template":"","meta":{"_acf_changed":false},"product_brand":[15153],"product_cat":[12309],"product_tag":[],"class_list":{"0":"post-750184","1":"product","2":"type-product","3":"status-publish","4":"has-post-thumbnail","6":"product_brand-eberlestock","7":"product_cat-zaini","9":"first","10":"outofstock","11":"taxable","12":"shipping-taxable","13":"purchasable","14":"product-type-simple"},"acf":[],"_links":{"self":[{"href":"https:\/\/nbg.eu\/it\/wp-json\/wp\/v2\/product\/750184","targetHints":{"allow":["GET"]}}],"collection":[{"href":"https:\/\/nbg.eu\/it\/wp-json\/wp\/v2\/product"}],"about":[{"href":"https:\/\/nbg.eu\/it\/wp-json\/wp\/v2\/types\/product"}],"wp:featuredmedia":[{"embeddable":true,"href":"https:\/\/nbg.eu\/it\/wp-json\/wp\/v2\/media\/750185"}],"wp:attachment":[{"href":"https:\/\/nbg.eu\/it\/wp-json\/wp\/v2\/media?parent=750184"}],"wp:term":[{"taxonomy":"product_brand","embeddable":true,"href":"https:\/\/nbg.eu\/it\/wp-json\/wp\/v2\/product_brand?post=750184"},{"taxonomy":"product_cat","embeddable":true,"href":"https:\/\/nbg.eu\/it\/wp-json\/wp\/v2\/product_cat?post=750184"},{"taxonomy":"product_tag","embeddable":true,"href":"https:\/\/nbg.eu\/it\/wp-json\/wp\/v2\/product_tag?post=750184"}],"curies":[{"name":"wp","href":"https:\/\/api.w.org\/{rel}","templated":true}]}}