{"id":131317,"date":"2024-11-02T06:45:52","date_gmt":"2024-11-02T06:45:52","guid":{"rendered":"https:\/\/nbg.eu\/product\/sprinco-usa-spring-kit-xp-buffer-spring-enhanced-4coil-bolt-extractor-spring\/"},"modified":"2026-01-21T12:05:17","modified_gmt":"2026-01-21T09:05:17","slug":"sprinco-usa-spring-kit-xp-buffer-spring-enhanced-4coil-bolt-extractor-spring","status":"publish","type":"product","link":"https:\/\/nbg.eu\/lt\/produktas\/sprinco-usa-spring-kit-xp-buffer-spring-enhanced-4coil-bolt-extractor-spring\/","title":{"rendered":"SPRINCO USA Spring Kit-XP Buffer Spring &amp; Enhanced 4Coil Bolt Extractor Spring"},"content":{"rendered":"<div class=\"product-description\">\n<h2>SPRINCO USA spyruokli\u0173 rinkinys &#8211; XP buferio spyruokl\u0117 ir patobulinta 4 vij\u0173 spyruokl\u0117 var\u017eto i\u0161traukikliui<\/h2>\n<p>SPRINCO USA spyruokli\u0173 rinkinyje yra:<\/p>\n<ul>\n<li>Padidintos galios buferio spyruokl\u0117 (raudona)<\/li>\n<li>Patobulinta 4 vij\u0173 spyruokl\u0117 var\u017eto i\u0161traukikliui<\/li>\n<\/ul>\n<p>\u0160is rinkinys sukurtas 2006 metais, skirtas spr\u0119sti M4 karabino patikimumo problemas sud\u0117tingomis s\u0105lygomis. Raudona spyruokl\u0117 turi apie 25% didesn\u0119 apkrov\u0105 nei balta spyruokl\u0117 ir tinka:<\/p>\n<ul>\n<li>9mm, 6.8 SPC, 6.5 Grendel<\/li>\n<li>.450 BM, .450 SOCOM, .500 Beowulf<\/li>\n<li>Colt LE6920 karabinams<\/li>\n<\/ul>\n<p>Pastaba: Veikimas gali skirtis priklausomai nuo angos dyd\u017eio ir \u0161audmen\u0173 apkrovos. Prie\u0161 naudojim\u0105 perskaitykite derinimo proced\u016bros dokumentus.<\/p>\n<\/div>\n","protected":false},"excerpt":{"rendered":"<p>Didelio efektyvumo AR buferio spyruokl\u0117, u\u017etikrinanti didesn\u012f patikimum\u0105 ir gali\u0105.<\/p>\n","protected":false},"featured_media":76513,"template":"","meta":{"_acf_changed":false},"product_brand":[14593],"product_cat":[13691,13709],"product_tag":[],"class_list":{"0":"post-131317","1":"product","2":"type-product","3":"status-publish","4":"has-post-thumbnail","6":"product_brand-sprinco-usa","7":"product_cat-kmr-dalys","8":"product_cat-spyruokles","10":"first","11":"outofstock","12":"taxable","13":"shipping-taxable","14":"purchasable","15":"product-type-simple"},"acf":[],"_links":{"self":[{"href":"https:\/\/nbg.eu\/lt\/wp-json\/wp\/v2\/product\/131317","targetHints":{"allow":["GET"]}}],"collection":[{"href":"https:\/\/nbg.eu\/lt\/wp-json\/wp\/v2\/product"}],"about":[{"href":"https:\/\/nbg.eu\/lt\/wp-json\/wp\/v2\/types\/product"}],"wp:featuredmedia":[{"embeddable":true,"href":"https:\/\/nbg.eu\/lt\/wp-json\/wp\/v2\/media\/76513"}],"wp:attachment":[{"href":"https:\/\/nbg.eu\/lt\/wp-json\/wp\/v2\/media?parent=131317"}],"wp:term":[{"taxonomy":"product_brand","embeddable":true,"href":"https:\/\/nbg.eu\/lt\/wp-json\/wp\/v2\/product_brand?post=131317"},{"taxonomy":"product_cat","embeddable":true,"href":"https:\/\/nbg.eu\/lt\/wp-json\/wp\/v2\/product_cat?post=131317"},{"taxonomy":"product_tag","embeddable":true,"href":"https:\/\/nbg.eu\/lt\/wp-json\/wp\/v2\/product_tag?post=131317"}],"curies":[{"name":"wp","href":"https:\/\/api.w.org\/{rel}","templated":true}]}}