{"id":131958,"date":"2025-01-01T20:52:41","date_gmt":"2025-01-01T20:52:41","guid":{"rendered":"https:\/\/nbg.eu\/product\/area-419-match-scope-rings\/"},"modified":"2026-01-21T12:35:30","modified_gmt":"2026-01-21T09:35:30","slug":"area-419-match-scope-rings","status":"publish","type":"product","link":"https:\/\/nbg.eu\/lt\/produktas\/area-419-match-scope-rings\/","title":{"rendered":"Area 419 MATCH Scope Rings"},"content":{"rendered":"<div class=\"product-description\">\n<h2>Area 419 MATCH optikos \u017eiedai<\/h2>\n<p>Area 419 MATCH optikos \u017eiedai yra pagaminti siekiant u\u017etikrinti patikim\u0105 optikos tvirtinim\u0105.<\/p>\n<ul>\n<li>Sunumeruoti, galutinio gr\u0119\u017eimo suderinti \u017eiedai<\/li>\n<li>Neapdorotas aliuminio vidus geresniam optikos sukibimui<\/li>\n<li>Tiksliai i\u0161gr\u0119\u017eti kaip rinkiniai moderniuose apdirbimo centruose<\/li>\n<li>Unikaliai lazeriu pa\u017eym\u0117ti kaip suderinti rinkiniai<\/li>\n<li>Pagaminta i\u0161 7075 aviacin\u0117s klas\u0117s aliuminio ruo\u0161inio<\/li>\n<li>3 tipo kietoji anodavimo danga (neapdorotas aliuminio vidinis gr\u0119\u017eimas)<\/li>\n<li>Galimi 30mm, 34mm, 35mm ir 36mm vamzd\u017eio skersmens variantai<\/li>\n<li>\u017demas (24mm), vidutinis (28mm) ir auk\u0161tas (32mm) tvirtinimo auk\u0161tis<\/li>\n<\/ul>\n<p>Area 419 MATCH optikos \u017eiedai &#8211; optikos tvirtinimo technologija.<\/p>\n<\/div>\n","protected":false},"excerpt":{"rendered":"<p>Tiksliai suderintos, sunumeruotos optikos \u017eied\u0173 poros, u\u017etikrinan\u010dios maksimal\u0173 optinio taikiklio stabilum\u0105.<\/p>\n","protected":false},"featured_media":109094,"template":"","meta":{"_acf_changed":false},"product_brand":[11048],"product_cat":[514],"product_tag":[],"class_list":{"0":"post-131958","1":"product","2":"type-product","3":"status-publish","4":"has-post-thumbnail","6":"product_brand-area-419","7":"product_cat-rifle-grips","9":"first","10":"instock","11":"taxable","12":"shipping-taxable","13":"purchasable","14":"product-type-variable","15":"wvs-archive-product-wrapper"},"acf":[],"_links":{"self":[{"href":"https:\/\/nbg.eu\/lt\/wp-json\/wp\/v2\/product\/131958","targetHints":{"allow":["GET"]}}],"collection":[{"href":"https:\/\/nbg.eu\/lt\/wp-json\/wp\/v2\/product"}],"about":[{"href":"https:\/\/nbg.eu\/lt\/wp-json\/wp\/v2\/types\/product"}],"wp:featuredmedia":[{"embeddable":true,"href":"https:\/\/nbg.eu\/lt\/wp-json\/wp\/v2\/media\/109094"}],"wp:attachment":[{"href":"https:\/\/nbg.eu\/lt\/wp-json\/wp\/v2\/media?parent=131958"}],"wp:term":[{"taxonomy":"product_brand","embeddable":true,"href":"https:\/\/nbg.eu\/lt\/wp-json\/wp\/v2\/product_brand?post=131958"},{"taxonomy":"product_cat","embeddable":true,"href":"https:\/\/nbg.eu\/lt\/wp-json\/wp\/v2\/product_cat?post=131958"},{"taxonomy":"product_tag","embeddable":true,"href":"https:\/\/nbg.eu\/lt\/wp-json\/wp\/v2\/product_tag?post=131958"}],"curies":[{"name":"wp","href":"https:\/\/api.w.org\/{rel}","templated":true}]}}