{"id":137791,"date":"2025-01-04T10:53:28","date_gmt":"2025-01-04T10:53:28","guid":{"rendered":"https:\/\/nbg.eu\/product\/area-419-harris-bipod-adapter\/"},"modified":"2026-01-21T11:48:13","modified_gmt":"2026-01-21T08:48:13","slug":"area-419-harris-bipod-adapter","status":"publish","type":"product","link":"https:\/\/nbg.eu\/lt\/produktas\/area-419-harris-bipod-adapter\/","title":{"rendered":"Area 419 &#8211; Harris Bipod Adapter"},"content":{"rendered":"<div class=\"product-description\">\n<h2>Area 419 &#8211; Harris dvikojo adapteris<\/h2>\n<p>Area 419 adapteris skirtas Harris sukiojamam dvikojui, pritaikytas tik &#8222;S&#8221; (sukiojamiems) tipo Harris dvikojams. \u0160is adapteris leid\u017eia pritvirtinti dvikoj\u012f prie ARCALOCK spaustuvo pagrind\u0173 arba Atlas dvikojo b\u0117geli\u0173 adapteri\u0173.<\/p>\n<ul>\n<li>Pakei\u010dia originali\u0105 sukam\u0105 tvirtinimo platform\u0105<\/li>\n<li>Suderinamas su gamykliniu \u012ftempimo var\u017etu arba KMW Pod Loc<\/li>\n<li>Pagamintas i\u0161 6061-T6 aliuminio<\/li>\n<li>III tipo juoda anodavimo danga apsaugai<\/li>\n<li>Svoris: 0,2 svarai<\/li>\n<li>Matmenys: 1,5 \u00d7 1,5 \u00d7 1,5 colio<\/li>\n<\/ul>\n<p><strong>Pastaba:<\/strong> Dvikojis ir spaustuvas nepridedami. Nesuderinamas su barikados stabdikliu.<\/p>\n<\/div>\n","protected":false},"excerpt":{"rendered":"<p>Pritaikykite Harris pasukamus dvikojas prie ARCALOCK arba Atlas b\u0117geli\u0173 sistem\u0173.<\/p>\n","protected":false},"featured_media":117896,"template":"","meta":{"_acf_changed":false},"product_brand":[11048],"product_cat":[13720,13741],"product_tag":[],"class_list":{"0":"post-137791","1":"product","2":"type-product","3":"status-publish","4":"has-post-thumbnail","6":"product_brand-area-419","7":"product_cat-dvikojai","8":"product_cat-sautuvas","10":"first","11":"instock","12":"taxable","13":"shipping-taxable","14":"purchasable","15":"product-type-simple"},"acf":[],"_links":{"self":[{"href":"https:\/\/nbg.eu\/lt\/wp-json\/wp\/v2\/product\/137791","targetHints":{"allow":["GET"]}}],"collection":[{"href":"https:\/\/nbg.eu\/lt\/wp-json\/wp\/v2\/product"}],"about":[{"href":"https:\/\/nbg.eu\/lt\/wp-json\/wp\/v2\/types\/product"}],"wp:featuredmedia":[{"embeddable":true,"href":"https:\/\/nbg.eu\/lt\/wp-json\/wp\/v2\/media\/117896"}],"wp:attachment":[{"href":"https:\/\/nbg.eu\/lt\/wp-json\/wp\/v2\/media?parent=137791"}],"wp:term":[{"taxonomy":"product_brand","embeddable":true,"href":"https:\/\/nbg.eu\/lt\/wp-json\/wp\/v2\/product_brand?post=137791"},{"taxonomy":"product_cat","embeddable":true,"href":"https:\/\/nbg.eu\/lt\/wp-json\/wp\/v2\/product_cat?post=137791"},{"taxonomy":"product_tag","embeddable":true,"href":"https:\/\/nbg.eu\/lt\/wp-json\/wp\/v2\/product_tag?post=137791"}],"curies":[{"name":"wp","href":"https:\/\/api.w.org\/{rel}","templated":true}]}}