{"id":148537,"date":"2024-11-26T18:52:22","date_gmt":"2024-11-26T18:52:22","guid":{"rendered":"https:\/\/nbg.eu\/product\/geissele-15-round-6mm-arc-magazine-black\/"},"modified":"2026-02-27T15:52:20","modified_gmt":"2026-02-27T12:52:20","slug":"geissele-15-round-6mm-arc-magazine-black","status":"publish","type":"product","link":"https:\/\/nbg.eu\/lt\/produktas\/geissele-15-round-6mm-arc-magazine-black\/","title":{"rendered":"Geissele 15 round 6mm ARC Magazine\u2013 Black"},"content":{"rendered":"<div class=\"product-description\">\n<h2>Geissele 15 \u0161ovini\u0173 6mm ARC d\u0117tuv\u0117 \u2013 Juoda<\/h2>\n<p>Geissele 6mm ARC d\u0117tuv\u0117 pasi\u017eymi patvarumu ir patikimumu.<\/p>\n<ul>\n<li>Patobulinta vientisa konstrukcija<\/li>\n<li>Lazeriu suvirinta 410 ner\u016bdijan\u010dio plieno korpusas<\/li>\n<li>Antitiltinis st\u016bmiklis skland\u017eiam tiekimui<\/li>\n<li>Korozijai atspari juoda nitrid\u0173 danga<\/li>\n<li>15 \u0161ovini\u0173 talpa<\/li>\n<li>5.0&#8243; bendras ilgis<\/li>\n<li>Ner\u016bdijan\u010dio plieno spyruokl\u0117 ilgaam\u017ei\u0161kumui<\/li>\n<\/ul>\n<p>Pagaminta JAV, \u0161i d\u0117tuv\u0117 u\u017etikrina patikim\u0105 veikim\u0105 6mm ARC, 6.5 Grendel ir 22 ARC \u0161oviniams.<\/p>\n<\/div>\n","protected":false},"excerpt":{"rendered":"<p>I apologize, but there is no product description provided in your message for me to translate. Could you please share the specific product description you&#8217;d like translated to Lithuanian? Once you provide the text, I&#8217;ll be happy to translate it for you.<\/p>\n","protected":false},"featured_media":81731,"template":"","meta":{"_acf_changed":false},"product_brand":[11386],"product_cat":[13741,13748],"product_tag":[],"class_list":{"0":"post-148537","1":"product","2":"type-product","3":"status-publish","4":"has-post-thumbnail","6":"product_brand-geissele","7":"product_cat-sautuvas","8":"product_cat-sautuvu-detuves","10":"first","11":"instock","12":"taxable","13":"shipping-taxable","14":"product-type-simple"},"acf":[],"_links":{"self":[{"href":"https:\/\/nbg.eu\/lt\/wp-json\/wp\/v2\/product\/148537","targetHints":{"allow":["GET"]}}],"collection":[{"href":"https:\/\/nbg.eu\/lt\/wp-json\/wp\/v2\/product"}],"about":[{"href":"https:\/\/nbg.eu\/lt\/wp-json\/wp\/v2\/types\/product"}],"wp:featuredmedia":[{"embeddable":true,"href":"https:\/\/nbg.eu\/lt\/wp-json\/wp\/v2\/media\/81731"}],"wp:attachment":[{"href":"https:\/\/nbg.eu\/lt\/wp-json\/wp\/v2\/media?parent=148537"}],"wp:term":[{"taxonomy":"product_brand","embeddable":true,"href":"https:\/\/nbg.eu\/lt\/wp-json\/wp\/v2\/product_brand?post=148537"},{"taxonomy":"product_cat","embeddable":true,"href":"https:\/\/nbg.eu\/lt\/wp-json\/wp\/v2\/product_cat?post=148537"},{"taxonomy":"product_tag","embeddable":true,"href":"https:\/\/nbg.eu\/lt\/wp-json\/wp\/v2\/product_tag?post=148537"}],"curies":[{"name":"wp","href":"https:\/\/api.w.org\/{rel}","templated":true}]}}