{"id":173216,"date":"2024-11-06T23:28:36","date_gmt":"2024-11-06T20:28:36","guid":{"rendered":"https:\/\/nbg.eu\/product\/vortex-optics-strike-eagle-se-31802-ffp-ebr-7c-mrad-3-18%d1%8544\/"},"modified":"2026-01-21T11:40:17","modified_gmt":"2026-01-21T08:40:17","slug":"vortex-optics-strike-eagle-se-31802-ffp-ebr-7c-mrad-3-18h44","status":"publish","type":"product","link":"https:\/\/nbg.eu\/lt\/produktas\/vortex-optics-strike-eagle-se-31802-ffp-ebr-7c-mrad-3-18h44\/","title":{"rendered":"Vortex Optics Strike Eagle &#8211; SE-31802 FFP EBR-7C MRAD 3-18\u044544"},"content":{"rendered":"<div class=\"product-description\">\n<h2>Vortex Optics Strike Eagle &#8211; SE-31802 FFP EBR-7C MRAD 3-18\u044544<\/h2>\n<p>Vortex Optics Strike Eagle 3-18&#215;44 FFP yra optinis prietaisas, skirtas vidutinio ir ilgo nuotolio \u0161audymui. \u0160is pirmojo \u017eidinio plok\u0161tumos optinis prietaisas yra sukurtas greitam prisitaikymui prie besikei\u010dian\u010di\u0173 taikini\u0173 situacij\u0173.<\/p>\n<h2>Pagrindin\u0117s savyb\u0117s:<\/h2>\n<ul>\n<li><strong>Pirmojo \u017eidinio plok\u0161tumos tinklelis:<\/strong> I\u0161laiko pastovias subtensijas tiksliam taikymui visais didinimais.<\/li>\n<li><strong>XD optin\u0117 sistema:<\/strong> Ypa\u010d ma\u017eos dispersijos stiklas geresnei rai\u0161kai ir spalv\u0173 tikslumui.<\/li>\n<li><strong>Ap\u0161viestas tinklelis:<\/strong> U\u017etikrina tiksl\u0173 taikym\u0105 esant prastam ap\u0161vietimui.<\/li>\n<li><strong>RevStop\u2122 nulio sistema:<\/strong> Patentuota be\u012frank\u0117 nulio sustabdymo sistema greitam gr\u012f\u017eimui \u012f nul\u012f po reguliavim\u0173.<\/li>\n<li><strong>Stikle i\u0161graviruotas tinklelis:<\/strong> Leid\u017eia sud\u0117ting\u0105 dizain\u0105 ir maksimal\u0173 patvarum\u0105.<\/li>\n<li><strong>Visi\u0161kai daugiasloksniu padengimu padengti l\u0119\u0161iai:<\/strong> Padidina \u0161viesos pralaidum\u0105 geresniam ai\u0161kumui ir veikimui prasto ap\u0161vietimo s\u0105lygomis.<\/li>\n<\/ul>\n<h2>Konstrukcija ir patvarumas:<\/h2>\n<ul>\n<li><strong>ArmorTek\u00ae:<\/strong> Itin kieta, atspari \u012fbr\u0117\u017eimams l\u0119\u0161i\u0173 danga.<\/li>\n<li><strong>Vientisas vamzdis:<\/strong> Pagerina tikslum\u0105, stiprum\u0105 ir atsparum\u0105 vandeniui.<\/li>\n<li><strong>Aviacinio aliuminio lydinys:<\/strong> U\u017etikrina stiprum\u0105 ir standum\u0105.<\/li>\n<li><strong>Matinis juodas anodavimas:<\/strong> Atsparus korozijai ir padeda u\u017emaskuoti \u0161aulio pozicij\u0105.<\/li>\n<li><strong>Azoto dujomis u\u017epildytas:<\/strong> Atsparus r\u016bkui ir vandeniui visomis s\u0105lygomis.<\/li>\n<li><strong>Atsparus sm\u016bgiams:<\/strong> Sukurtas atlaikyti auk\u0161tus atatrankos ir sm\u016bgi\u0173 lygius.<\/li>\n<\/ul>\n<h2>Optin\u0117s specifikacijos:<\/h2>\n<ul>\n<li>Didinimas: 3-18x<\/li>\n<li>Objektyvo skersmuo: 44 mm<\/li>\n<li>Akies atstumas: 3,8&#8243;<\/li>\n<li>Matymo laukas: 39,3&#8242; &#8211; 6,7&#8242; @ 100 jard\u0173<\/li>\n<li>Vamzd\u017eio dydis: 34 mm<\/li>\n<li>Paralakso nustatymas: 10 jard\u0173 &#8211; \u221e<\/li>\n<\/ul>\n<h2>Reguliavimo funkcijos:<\/h2>\n<ul>\n<li>Reguliatori\u0173 stilius: Atviras pakilimo, u\u017edengtas poslinkio<\/li>\n<li>Reguliavimo gradacija: 1 MRAD<\/li>\n<li>Eiga per apsisukim\u0105: 10 MRAD<\/li>\n<li>Maksimalus pakilimo reguliavimas: 45 MRAD<\/li>\n<li>Maksimalus poslinkio reguliavimas: 18 MRAD<\/li>\n<\/ul>\n<h2>EBR-7C (MRAD) tinklelis:<\/h2>\n<p>EBR-7C tinklelis sukurtas maksimaliai pagerinti \u0161audymo ir atstumo nustatymo galimybes ilgais atstumais. Jis pasi\u017eymi:<\/p>\n<ul>\n<li>Itin tiksliu lazeriu i\u0161graviruotu tinkleliu<\/li>\n<li>Plonais centriniais susikirtimo ta\u0161keliais optimaliam pusiausvyros tarp tikslaus taikymo ir matomumo esant prastam ap\u0161vietimui<\/li>\n<li>V\u0117jo kompensavimo ta\u0161kais ant kritimo linij\u0173<\/li>\n<\/ul>\n<h2><\/h2>\n<\/div>\n","protected":false},"excerpt":{"rendered":"<p>Universalus 3-18&#215;44 FFP taikinys su EBR-7C MRAD tinkleliu. Ai\u0161ki optika, tvirta konstrukcija, greiti reguliavimai.<\/p>\n","protected":false},"featured_media":78040,"template":"","meta":{"_acf_changed":false},"product_brand":[11961],"product_cat":[13705,13692],"product_tag":[],"class_list":{"0":"post-173216","1":"product","2":"type-product","3":"status-publish","4":"has-post-thumbnail","6":"product_brand-vortex","7":"product_cat-didinanti-optika","8":"product_cat-taikymas","10":"first","11":"outofstock","12":"taxable","13":"shipping-taxable","14":"purchasable","15":"product-type-simple"},"acf":[],"_links":{"self":[{"href":"https:\/\/nbg.eu\/lt\/wp-json\/wp\/v2\/product\/173216","targetHints":{"allow":["GET"]}}],"collection":[{"href":"https:\/\/nbg.eu\/lt\/wp-json\/wp\/v2\/product"}],"about":[{"href":"https:\/\/nbg.eu\/lt\/wp-json\/wp\/v2\/types\/product"}],"wp:featuredmedia":[{"embeddable":true,"href":"https:\/\/nbg.eu\/lt\/wp-json\/wp\/v2\/media\/78040"}],"wp:attachment":[{"href":"https:\/\/nbg.eu\/lt\/wp-json\/wp\/v2\/media?parent=173216"}],"wp:term":[{"taxonomy":"product_brand","embeddable":true,"href":"https:\/\/nbg.eu\/lt\/wp-json\/wp\/v2\/product_brand?post=173216"},{"taxonomy":"product_cat","embeddable":true,"href":"https:\/\/nbg.eu\/lt\/wp-json\/wp\/v2\/product_cat?post=173216"},{"taxonomy":"product_tag","embeddable":true,"href":"https:\/\/nbg.eu\/lt\/wp-json\/wp\/v2\/product_tag?post=173216"}],"curies":[{"name":"wp","href":"https:\/\/api.w.org\/{rel}","templated":true}]}}