{"id":176873,"date":"2024-11-01T10:30:55","date_gmt":"2024-11-01T07:30:55","guid":{"rendered":"https:\/\/nbg.eu\/product\/ipsc-mini-cardboard-targets\/"},"modified":"2026-01-21T12:16:48","modified_gmt":"2026-01-21T09:16:48","slug":"ipsc-mini-cardboard-targets","status":"publish","type":"product","link":"https:\/\/nbg.eu\/lt\/produktas\/ipsc-mini-cardboard-targets\/","title":{"rendered":"IPSC Mini Cardboard Targets"},"content":{"rendered":"<div class=\"product-description\">\n<h2>IPSC Mini kartoniniai taikiniai &#8211; 100 vienet\u0173 pakuot\u0117<\/h2>\n<p>M\u016bs\u0173 miniati\u016briniai 2\/3 (60% dyd\u017eio) IPSC kartoniniai taikiniai. Kiekvienoje pakuot\u0117je yra 100 vienet\u0173, tinkam\u0173 ilgesn\u0117ms treniruot\u0117ms.<\/p>\n<ul>\n<li>Ai\u0161kiai pa\u017eym\u0117tos ta\u0161k\u0173 linijos tiksliam vertinimui<\/li>\n<li>Tvirta vafelin\u0117 strukt\u016bra ilgesniam naudojimui<\/li>\n<li>Balta galin\u0117 pus\u0117 naudojimui kaip kiet\u0105 priedang\u0105 arba &#8222;ne\u0161auti&#8221; taikinius<\/li>\n<li>Tinka imituoti didesnius atstumus ribotoje \u0161audyklos erdv\u0117je<\/li>\n<li>Tinka Airsoft treniruot\u0117ms trumpesniuose atstumose<\/li>\n<\/ul>\n<p>\u0160ie taikiniai atlaikys daugiau pataikym\u0173 prie\u0161 juos pakei\u010diant. Ma\u017eesnis dydis leid\u017eia treniruotis \u0161audyti \u012f tolimus taikinius net kompakti\u0161kose \u0161audyklose, padedant pasiruo\u0161ti \u012fvairioms \u0161audymo situacijoms.<\/p>\n<p>\u012esigykite \u0161iuos universalius IPSC Mini kartoninius taikinius savo treniruot\u0117ms.<\/p>\n<\/div>\n","protected":false},"excerpt":{"rendered":"<p>IPSC mini kartoniniai taikiniai: patvar\u016bs, universal\u016bs, 60% dyd\u017eio realisti\u0161koms pratyboms.<\/p>\n","protected":false},"featured_media":75288,"template":"","meta":{"_acf_changed":false},"product_brand":[11275],"product_cat":[13749,13676,13697],"product_tag":[],"class_list":{"0":"post-176873","1":"product","2":"type-product","3":"status-publish","4":"has-post-thumbnail","6":"product_brand-doublealpha","7":"product_cat-iranga","8":"product_cat-popieriniai-taikiniai","9":"product_cat-taikiniai","11":"first","12":"outofstock","13":"taxable","14":"shipping-taxable","15":"purchasable","16":"product-type-simple"},"acf":[],"_links":{"self":[{"href":"https:\/\/nbg.eu\/lt\/wp-json\/wp\/v2\/product\/176873","targetHints":{"allow":["GET"]}}],"collection":[{"href":"https:\/\/nbg.eu\/lt\/wp-json\/wp\/v2\/product"}],"about":[{"href":"https:\/\/nbg.eu\/lt\/wp-json\/wp\/v2\/types\/product"}],"wp:featuredmedia":[{"embeddable":true,"href":"https:\/\/nbg.eu\/lt\/wp-json\/wp\/v2\/media\/75288"}],"wp:attachment":[{"href":"https:\/\/nbg.eu\/lt\/wp-json\/wp\/v2\/media?parent=176873"}],"wp:term":[{"taxonomy":"product_brand","embeddable":true,"href":"https:\/\/nbg.eu\/lt\/wp-json\/wp\/v2\/product_brand?post=176873"},{"taxonomy":"product_cat","embeddable":true,"href":"https:\/\/nbg.eu\/lt\/wp-json\/wp\/v2\/product_cat?post=176873"},{"taxonomy":"product_tag","embeddable":true,"href":"https:\/\/nbg.eu\/lt\/wp-json\/wp\/v2\/product_tag?post=176873"}],"curies":[{"name":"wp","href":"https:\/\/api.w.org\/{rel}","templated":true}]}}