{"id":199068,"date":"2024-06-17T21:23:15","date_gmt":"2025-02-11T09:31:21","guid":{"rendered":"https:\/\/nbg.eu\/product\/blue-force-gear-trauma-kit-now-medium\/"},"modified":"2026-05-13T17:10:31","modified_gmt":"2026-05-13T14:10:31","slug":"blue-force-gear-trauma-kit-now-medium","status":"publish","type":"product","link":"https:\/\/nbg.eu\/lt\/produktas\/blue-force-gear-trauma-kit-now-medium\/","title":{"rendered":"Blue Force Gear Trauma Kit NOW! &#8211; Medium"},"content":{"rendered":"<h2>Blue Force Gear Trauma Kit NOW! &#8211; Vidutinis Tu\u0161\u010dias<\/h2>\n<p>Trauma Kit NOW! &#8211; VIDUTINIS yra greitai pasiekiamas pirmosios pagalbos rinkinys, skirtas naudoti viena ranka. I\u0161 prad\u017ei\u0173 sukurtas Armijos IFAK turiniui, jis gali b\u016bti pritaikomas \u012fvairiems medicinos rinkiniams.<\/p>\n<ul>\n<li>Dviej\u0173 dali\u0173 dizainas: i\u0161orinis MOLLE krep\u0161ys su Helium Whisper tvirtinimo sistema ir nuimama vidin\u0117 dalis<\/li>\n<li>Susiaur\u0117jantis i\u0161orinis krep\u0161ys saugiam laikymui ir lengvam i\u0161\u0117mimui<\/li>\n<li>Greitai i\u0161imama vidin\u0117 dalis su Ball Loaded Index Point (BLIP) naudojimui sud\u0117tingomis s\u0105lygomis<\/li>\n<li>MOLLE laukai i\u0161oriniam turniketo tvirtinimui<\/li>\n<li>Universalus dizainas tinkamas kariuomenei, teis\u0117saugai ir civiliams<\/li>\n<\/ul>\n<p>Vienas i\u0161 grei\u010diausiai i\u0161imam\u0173 traumos rinkini\u0173 rinkoje, sukurtas kritin\u0117ms situacijoms, kai svarbi kiekviena sekund\u0117.<\/p>\n","protected":false},"excerpt":{"rendered":"<p>Greitai i\u0161d\u0117stomas medicininis krep\u0161ys su nuimamu vidiniu \u012fd\u0117klu, kur\u012f galima pritaikyti pagal poreikius.<\/p>\n","protected":false},"featured_media":153803,"template":"","meta":{"_acf_changed":false},"product_brand":[11135],"product_cat":[13749,13698],"product_tag":[],"class_list":{"0":"post-199068","1":"product","2":"type-product","3":"status-publish","4":"has-post-thumbnail","6":"product_brand-blue-force-gear","7":"product_cat-iranga","8":"product_cat-medicininiai","10":"first","11":"instock","12":"taxable","13":"shipping-taxable","14":"purchasable","15":"product-type-variable","16":"wvs-archive-product-wrapper"},"acf":[],"_links":{"self":[{"href":"https:\/\/nbg.eu\/lt\/wp-json\/wp\/v2\/product\/199068","targetHints":{"allow":["GET"]}}],"collection":[{"href":"https:\/\/nbg.eu\/lt\/wp-json\/wp\/v2\/product"}],"about":[{"href":"https:\/\/nbg.eu\/lt\/wp-json\/wp\/v2\/types\/product"}],"wp:featuredmedia":[{"embeddable":true,"href":"https:\/\/nbg.eu\/lt\/wp-json\/wp\/v2\/media\/153803"}],"wp:attachment":[{"href":"https:\/\/nbg.eu\/lt\/wp-json\/wp\/v2\/media?parent=199068"}],"wp:term":[{"taxonomy":"product_brand","embeddable":true,"href":"https:\/\/nbg.eu\/lt\/wp-json\/wp\/v2\/product_brand?post=199068"},{"taxonomy":"product_cat","embeddable":true,"href":"https:\/\/nbg.eu\/lt\/wp-json\/wp\/v2\/product_cat?post=199068"},{"taxonomy":"product_tag","embeddable":true,"href":"https:\/\/nbg.eu\/lt\/wp-json\/wp\/v2\/product_tag?post=199068"}],"curies":[{"name":"wp","href":"https:\/\/api.w.org\/{rel}","templated":true}]}}