{"id":208869,"date":"2024-09-02T10:47:02","date_gmt":"2024-09-02T10:47:02","guid":{"rendered":"https:\/\/nbg.eu\/product\/badger-ordnance-c1-modular-safety\/"},"modified":"2026-01-21T11:48:14","modified_gmt":"2026-01-21T08:48:14","slug":"badger-ordnance-c1-modular-safety","status":"publish","type":"product","link":"https:\/\/nbg.eu\/lt\/produktas\/badger-ordnance-c1-modular-safety\/","title":{"rendered":"Badger Ordnance C1 Modular Safety"},"content":{"rendered":"<div class=\"product-description\">\n<h2>Badger Ordnance C1 modulinis saugiklis<\/h2>\n<p>C1 pusiau automatinis saugiklis M16\/AR-15\/AR-10\/SR-25 tipo \u0161autuvams. \u0160is modulinis rinkinys si\u016blo:<\/p>\n<ul>\n<li>Vienpus\u012f arba abipus\u012f valdym\u0105<\/li>\n<li>Kair\u0117s arba de\u0161in\u0117s rankos valdym\u0105<\/li>\n<li>60\u00b0 arba 90\u00b0 pasukimo variantus<\/li>\n<li>Raudon\u0105 indikatori\u0173 vizualiniam patikrinimui<\/li>\n<\/ul>\n<p>Rinkin\u012f sudaro:<\/p>\n<ul>\n<li>Ilga pagrindin\u0117s pus\u0117s svirtis<\/li>\n<li>Trumpa antrin\u0117s pus\u0117s svirtis<\/li>\n<li>Antrin\u0117s pus\u0117s b\u016bkl\u0117s indikatoriaus dangtelis<\/li>\n<li>Kai\u0161\u010diai ir saugiklio fiksatorius (gr\u016bdinti iki 60Rc)<\/li>\n<\/ul>\n<p>Pagaminta i\u0161 4140 plieno, pavir\u0161ius gr\u016bdintas ir padengtas mangano fosfatu. Lengvas montavimas.<\/p>\n<p><strong>Spalva:<\/strong> Juoda<br \/>\n |<br \/>\n<strong>Reikalinga FFL:<\/strong> Ne | <strong>Specifin\u0117 platforma:<\/strong> Ne<\/p>\n<\/div>\n","protected":false},"excerpt":{"rendered":"<p>Universalus AR saugiklis: tinka abiem rankoms, 60\u00b0\/90\u00b0 pasukimas, raudoni indikatoriai<\/p>\n","protected":false},"featured_media":35389,"template":"","meta":{"_acf_changed":false},"product_brand":[11089],"product_cat":[13725,13746,13741,13702],"product_tag":[],"class_list":{"0":"post-208869","1":"product","2":"type-product","3":"status-publish","4":"has-post-thumbnail","6":"product_brand-badger-ordnance","7":"product_cat-ar-derinimas","8":"product_cat-saugikliu-perjungikliai","9":"product_cat-sautuvas","10":"product_cat-sautuvu-derinimas","12":"first","13":"instock","14":"taxable","15":"shipping-taxable","16":"purchasable","17":"product-type-simple"},"acf":[],"_links":{"self":[{"href":"https:\/\/nbg.eu\/lt\/wp-json\/wp\/v2\/product\/208869","targetHints":{"allow":["GET"]}}],"collection":[{"href":"https:\/\/nbg.eu\/lt\/wp-json\/wp\/v2\/product"}],"about":[{"href":"https:\/\/nbg.eu\/lt\/wp-json\/wp\/v2\/types\/product"}],"wp:featuredmedia":[{"embeddable":true,"href":"https:\/\/nbg.eu\/lt\/wp-json\/wp\/v2\/media\/35389"}],"wp:attachment":[{"href":"https:\/\/nbg.eu\/lt\/wp-json\/wp\/v2\/media?parent=208869"}],"wp:term":[{"taxonomy":"product_brand","embeddable":true,"href":"https:\/\/nbg.eu\/lt\/wp-json\/wp\/v2\/product_brand?post=208869"},{"taxonomy":"product_cat","embeddable":true,"href":"https:\/\/nbg.eu\/lt\/wp-json\/wp\/v2\/product_cat?post=208869"},{"taxonomy":"product_tag","embeddable":true,"href":"https:\/\/nbg.eu\/lt\/wp-json\/wp\/v2\/product_tag?post=208869"}],"curies":[{"name":"wp","href":"https:\/\/api.w.org\/{rel}","templated":true}]}}