{"id":275143,"date":"2025-03-03T12:58:09","date_gmt":"2025-03-03T12:58:09","guid":{"rendered":"https:\/\/nbg.eu\/product\/bore-tech-extreme-grease-hd-10ml\/"},"modified":"2026-01-21T11:38:40","modified_gmt":"2026-01-21T08:38:40","slug":"bore-tech-extreme-grease-hd-10ml","status":"publish","type":"product","link":"https:\/\/nbg.eu\/lt\/produktas\/bore-tech-extreme-grease-hd-10ml\/","title":{"rendered":"Bore tech EXTREME GREASE HD 10ml"},"content":{"rendered":"<h2>Bore Tech EXTREME GREASE HD 10ml<\/h2>\n<p>Bore Tech EXTREME GREASE HD yra trigubos baz\u0117s sintetinis mi\u0161inys, skirtas \u0161aunam\u0173j\u0173 ginkl\u0173 veikimui.<\/p>\n<ul>\n<li>Darbin\u0117 temperat\u016bra: nuo -65\u00b0C iki +371\u00b0C<\/li>\n<li>I\u0161pl\u0117stinis temperat\u016bros diapazonas: iki 1093\u00b0C<\/li>\n<li>Nesukiet\u0117janti, nenutekanti formul\u0117<\/li>\n<li>Tepimas ir apsauga nuo \u012fbr\u0117\u017eim\u0173<\/li>\n<li>Ma\u017eesnis trinties koeficientas<\/li>\n<li>R\u016bd\u017ei\u0173 inhibitoriai<\/li>\n<li>Nano-keraminiai temperat\u016briniai tepikliai<\/li>\n<\/ul>\n<p>Tinka naudoti ant spynos, r\u0117mo b\u0117geli\u0173, \u0161arnyr\u0173 kai\u0161\u010di\u0173 ir kum\u0161telini\u0173 mechanizm\u0173. U\u017etikrina skland\u0173 veikim\u0105 ir ilgesn\u012f dali\u0173 tarnavimo laik\u0105.<\/p>\n<p>10 ml plastikinis vamzdelis su dozavimo antgaliu ir u\u017esukamu dangteliu.<\/p>\n","protected":false},"excerpt":{"rendered":"<p>Itin lipn\u016bs sintetiniai ginkl\u0173 tepalai ekstremalioms s\u0105lygoms (nuo -65\u00b0C iki 371\u00b0C)<\/p>\n","protected":false},"featured_media":235477,"template":"","meta":{"_acf_changed":false},"product_brand":[11158],"product_cat":[13683,13696],"product_tag":[],"class_list":{"0":"post-275143","1":"product","2":"type-product","3":"status-publish","4":"has-post-thumbnail","6":"product_brand-boretech","7":"product_cat-ginklu-valymas","8":"product_cat-tepalai","10":"first","11":"outofstock","12":"taxable","13":"shipping-taxable","14":"purchasable","15":"product-type-simple"},"acf":[],"_links":{"self":[{"href":"https:\/\/nbg.eu\/lt\/wp-json\/wp\/v2\/product\/275143","targetHints":{"allow":["GET"]}}],"collection":[{"href":"https:\/\/nbg.eu\/lt\/wp-json\/wp\/v2\/product"}],"about":[{"href":"https:\/\/nbg.eu\/lt\/wp-json\/wp\/v2\/types\/product"}],"wp:featuredmedia":[{"embeddable":true,"href":"https:\/\/nbg.eu\/lt\/wp-json\/wp\/v2\/media\/235477"}],"wp:attachment":[{"href":"https:\/\/nbg.eu\/lt\/wp-json\/wp\/v2\/media?parent=275143"}],"wp:term":[{"taxonomy":"product_brand","embeddable":true,"href":"https:\/\/nbg.eu\/lt\/wp-json\/wp\/v2\/product_brand?post=275143"},{"taxonomy":"product_cat","embeddable":true,"href":"https:\/\/nbg.eu\/lt\/wp-json\/wp\/v2\/product_cat?post=275143"},{"taxonomy":"product_tag","embeddable":true,"href":"https:\/\/nbg.eu\/lt\/wp-json\/wp\/v2\/product_tag?post=275143"}],"curies":[{"name":"wp","href":"https:\/\/api.w.org\/{rel}","templated":true}]}}