{"id":275982,"date":"2025-03-03T22:22:36","date_gmt":"2025-03-03T19:22:36","guid":{"rendered":"https:\/\/nbg.eu\/product\/qwik-dri-dry-lubricant-1-oz\/"},"modified":"2026-01-21T11:41:29","modified_gmt":"2026-01-21T08:41:29","slug":"qwik-dri-dry-lubricant-1-oz","status":"publish","type":"product","link":"https:\/\/nbg.eu\/lt\/produktas\/qwik-dri-dry-lubricant-1-oz\/","title":{"rendered":"QWIK-DRI DRY LUBRICANT, 1 Oz"},"content":{"rendered":"<h2>QWIK-DRI SAUSAS TEPALAS, 30 ml<\/h2>\n<p>Bore Tech Qwik-Dri\u2122 yra sausas tepalas \u0161aunamiesiems ginklams. \u0160iame 30 ml buteliuke yra formul\u0117 su submikronin\u0117mis PTFE dalel\u0117mis greitai garuojan\u010diame ne\u0161iklyje.<\/p>\n<ul>\n<li>Prasiskverbia giliai \u012f metalo poras<\/li>\n<li>Suformuoja tvirt\u0105, ilgai i\u0161liekan\u010di\u0105 saus\u0105 pl\u0117vel\u0119<\/li>\n<li>Veikia ekstremaliose temperat\u016brose (nuo -73\u00b0C iki 316\u00b0C)<\/li>\n<li>Suma\u017eina trint\u012f ir nusid\u0117v\u0117jim\u0105 95%<\/li>\n<li>Atstumia dulkes ir ne\u0161varumus<\/li>\n<li>Nealiejinis, \u0161varus naudojimas<\/li>\n<\/ul>\n<p>Tinka pistoleto spynoms, gaidukams, \u0161autuvo spynoms, d\u0117tuv\u0117ms ir kitiems komponentams. Qwik-Dri\u2122 u\u017etikrina skland\u0173 veikim\u0105 be ne\u0161varum\u0173. Tinka ginklams d\u0117kluose, nesutepa drabu\u017ei\u0173 ir nepritraukia p\u016bk\u0173. Pagaminta JAV.<\/p>\n<p><strong>Rinkit\u0117s Bore Tech Qwik-Dri\u2122.<\/strong><\/p>\n","protected":false},"excerpt":{"rendered":"<p>QWIK-DRI: Greitai d\u017ei\u016bstantis PTFE tepalas, skirtas ekstremalioms temperat\u016broms. Atstumia purv\u0105.<\/p>\n","protected":false},"featured_media":235680,"template":"","meta":{"_acf_changed":false},"product_brand":[11158],"product_cat":[13683,13696,13756],"product_tag":[],"class_list":{"0":"post-275982","1":"product","2":"type-product","3":"status-publish","4":"has-post-thumbnail","6":"product_brand-boretech","7":"product_cat-ginklu-valymas","8":"product_cat-tepalai","9":"product_cat-valikliai","11":"first","12":"instock","13":"taxable","14":"shipping-taxable","15":"purchasable","16":"product-type-simple"},"acf":[],"_links":{"self":[{"href":"https:\/\/nbg.eu\/lt\/wp-json\/wp\/v2\/product\/275982","targetHints":{"allow":["GET"]}}],"collection":[{"href":"https:\/\/nbg.eu\/lt\/wp-json\/wp\/v2\/product"}],"about":[{"href":"https:\/\/nbg.eu\/lt\/wp-json\/wp\/v2\/types\/product"}],"wp:featuredmedia":[{"embeddable":true,"href":"https:\/\/nbg.eu\/lt\/wp-json\/wp\/v2\/media\/235680"}],"wp:attachment":[{"href":"https:\/\/nbg.eu\/lt\/wp-json\/wp\/v2\/media?parent=275982"}],"wp:term":[{"taxonomy":"product_brand","embeddable":true,"href":"https:\/\/nbg.eu\/lt\/wp-json\/wp\/v2\/product_brand?post=275982"},{"taxonomy":"product_cat","embeddable":true,"href":"https:\/\/nbg.eu\/lt\/wp-json\/wp\/v2\/product_cat?post=275982"},{"taxonomy":"product_tag","embeddable":true,"href":"https:\/\/nbg.eu\/lt\/wp-json\/wp\/v2\/product_tag?post=275982"}],"curies":[{"name":"wp","href":"https:\/\/api.w.org\/{rel}","templated":true}]}}