{"id":276092,"date":"2025-03-02T17:08:39","date_gmt":"2025-03-02T17:08:39","guid":{"rendered":"https:\/\/nbg.eu\/product\/bore-tech-decimator-suppressor-cleaner\/"},"modified":"2026-01-21T12:06:20","modified_gmt":"2026-01-21T09:06:20","slug":"bore-tech-decimator-suppressor-cleaner","status":"publish","type":"product","link":"https:\/\/nbg.eu\/lt\/produktas\/bore-tech-decimator-suppressor-cleaner\/","title":{"rendered":"Bore Tech Decimator Suppressor Cleaner"},"content":{"rendered":"<div class=\"product-description\">\n<h2>Bore Tech Decimator slopintuvo valiklis<\/h2>\n<p>Bore Tech Decimator slopintuvo valiklis yra dviej\u0173 dali\u0173 formul\u0117, skirta saugiai ir efektyviai \u0161alinti didel\u012f u\u017eter\u0161im\u0105 ma\u017eo ir didelio kalibro \u0161aunam\u0173j\u0173 ginkl\u0173 slopintuvuose.<\/p>\n<ul>\n<li>Saugus slopintuvams<\/li>\n<li>Nepavojingas ir be amoniako<\/li>\n<li>Be kvapo ir biologi\u0161kai skaidus<\/li>\n<li>Saugus aliuminiui, ner\u016bdijan\u010diam plienui, titanui ir \u012fvairiems lydiniams<\/li>\n<\/ul>\n<p>A dalis skirta anglies ir \u0161vino nuos\u0117doms, o B dalis &#8211; vario nuos\u0117doms. Naudojamas su Decimator slopintuvo valymo sistema slopintuv\u0173, laibgali\u0173, greitojo montavimo \u012ftais\u0173 ir liepsnos slopintuv\u0173 prie\u017ei\u016brai.<\/p>\n<p>Bore Tech Decimator slopintuvo valiklis padeda pri\u017ei\u016br\u0117ti slopintuvus ir u\u017etikrinti j\u0173 veikim\u0105.<\/p>\n<\/div>\n","protected":false},"excerpt":{"rendered":"<p>Efektyvus, saugus slopintuvo valiklis, skirtas pa\u0161alinti itin stipr\u0173 u\u017eter\u0161tum\u0105.<\/p>\n","protected":false},"featured_media":235251,"template":"","meta":{"_acf_changed":false},"product_brand":[11158],"product_cat":[13683],"product_tag":[],"class_list":{"0":"post-276092","1":"product","2":"type-product","3":"status-publish","4":"has-post-thumbnail","6":"product_brand-boretech","7":"product_cat-ginklu-valymas","9":"first","10":"instock","11":"taxable","12":"shipping-taxable","13":"purchasable","14":"product-type-simple"},"acf":[],"_links":{"self":[{"href":"https:\/\/nbg.eu\/lt\/wp-json\/wp\/v2\/product\/276092","targetHints":{"allow":["GET"]}}],"collection":[{"href":"https:\/\/nbg.eu\/lt\/wp-json\/wp\/v2\/product"}],"about":[{"href":"https:\/\/nbg.eu\/lt\/wp-json\/wp\/v2\/types\/product"}],"wp:featuredmedia":[{"embeddable":true,"href":"https:\/\/nbg.eu\/lt\/wp-json\/wp\/v2\/media\/235251"}],"wp:attachment":[{"href":"https:\/\/nbg.eu\/lt\/wp-json\/wp\/v2\/media?parent=276092"}],"wp:term":[{"taxonomy":"product_brand","embeddable":true,"href":"https:\/\/nbg.eu\/lt\/wp-json\/wp\/v2\/product_brand?post=276092"},{"taxonomy":"product_cat","embeddable":true,"href":"https:\/\/nbg.eu\/lt\/wp-json\/wp\/v2\/product_cat?post=276092"},{"taxonomy":"product_tag","embeddable":true,"href":"https:\/\/nbg.eu\/lt\/wp-json\/wp\/v2\/product_tag?post=276092"}],"curies":[{"name":"wp","href":"https:\/\/api.w.org\/{rel}","templated":true}]}}