{"id":277927,"date":"2025-03-07T22:09:14","date_gmt":"2025-03-07T19:09:14","guid":{"rendered":"https:\/\/nbg.eu\/product\/vortex-strike-eagle-1-8x24-ffp\/"},"modified":"2026-01-21T11:46:17","modified_gmt":"2026-01-21T08:46:17","slug":"vortex-strike-eagle-1-8x24-ffp","status":"publish","type":"product","link":"https:\/\/nbg.eu\/lt\/produktas\/vortex-strike-eagle-1-8x24-ffp\/","title":{"rendered":"Vortex &#8211; Strike Eagle\u00ae &#8211; 1-8&#215;24 FFP"},"content":{"rendered":"<div class=\"product-description\">\n<h1>Vortex &#8211; Strike Eagle\u00ae &#8211; 1-8&#215;24 FFP<\/h1>\n<p>Strike Eagle\u00ae yra taktinis optinis taikinys, skirtas \u012fvairiems \u0161audymo scenarijams. Jis tinka tiek trump\u0173, tiek ilg\u0173 nuotoli\u0173 \u0161audymui iki 1000 jard\u0173.<\/p>\n<h2>Pagrindin\u0117s savyb\u0117s:<\/h2>\n<ul>\n<li>Didinimas: 1-8x<\/li>\n<li>Objektyvo skersmuo: 24 mm<\/li>\n<li>Pirmasis fokuso plok\u0161tuma (FFP)<\/li>\n<li>EBR-8 MOA tinklelis<\/li>\n<li>Akies atstumas: 3,9&#8243;<\/li>\n<li>Matymo laukas: 113,6&#8242; &#8211; 14,1&#8242; @ 100 jard\u0173<\/li>\n<li>30 mm vamzd\u017eio dydis<\/li>\n<li>1\/4 MOA reguliavimo gradacija<\/li>\n<li>145 MOA maksimalus auk\u0161\u010dio ir v\u0117jo reguliavimas<\/li>\n<li>Svoris: 23,9 uncijos<\/li>\n<\/ul>\n<h2>EBR-8 tinklelis:<\/h2>\n<p>EBR-8 MOA pirmojo fokuso plok\u0161tumos, stikle i\u0161graviruotas, ap\u0161viestas tinklelis leid\u017eia greitai \u0161audyti nuo nulinio iki 600 jard\u0173 atstumo su populiariais .223\/5.56mm ir .308\/7.62mm \u0161oviniais. \u0160is tinklelis taip pat gali b\u016bti naudojamas su kitais kalibrais ir \u0161oviniais.<\/p>\n<h2>Patvarumas ir ai\u0161kumas:<\/h2>\n<ul>\n<li>Aviacinio aliuminio konstrukcija<\/li>\n<li>ArmorTek\u00ae \u012fbr\u0117\u017eimams atspari danga<\/li>\n<li>Visi\u0161kai daugiasloksn\u0117s linz\u0117s optimaliam \u0161viesos pralaidumui<\/li>\n<li>Atsparus sm\u016bgiams dizainas<\/li>\n<\/ul>\n<h2>Papildomos savyb\u0117s:<\/h2>\n<ul>\n<li>U\u017edengti reguliavimo bok\u0161teliai<\/li>\n<li>25 MOA eiga per apsisukim\u0105<\/li>\n<li>Paralakso nustatymas: 125 jardai<\/li>\n<li>Pridedama svirtis greitam didinimo reguliavimui<\/li>\n<\/ul>\n<p>Vortex Strike Eagle\u00ae 1-8&#215;24 FFP yra optinis taikinys, skirtas \u0161auliams, ie\u0161kantiems universalios optikos. Jis tinka tiek artimam, tiek tolimam \u0161audymui.<\/p>\n<\/div>\n","protected":false},"excerpt":{"rendered":"<p>Universalus 1-8&#215;24 FFP taikiklis su EBR-8 tinkleliu. Tvirta, auk\u0161tos kokyb\u0117s optika taktiniam \u0161audymui.<\/p>\n","protected":false},"featured_media":249207,"template":"","meta":{"_acf_changed":false},"product_brand":[11961],"product_cat":[13705,13692],"product_tag":[],"class_list":{"0":"post-277927","1":"product","2":"type-product","3":"status-publish","4":"has-post-thumbnail","6":"product_brand-vortex","7":"product_cat-didinanti-optika","8":"product_cat-taikymas","10":"first","11":"outofstock","12":"taxable","13":"shipping-taxable","14":"purchasable","15":"product-type-simple"},"acf":[],"_links":{"self":[{"href":"https:\/\/nbg.eu\/lt\/wp-json\/wp\/v2\/product\/277927","targetHints":{"allow":["GET"]}}],"collection":[{"href":"https:\/\/nbg.eu\/lt\/wp-json\/wp\/v2\/product"}],"about":[{"href":"https:\/\/nbg.eu\/lt\/wp-json\/wp\/v2\/types\/product"}],"wp:featuredmedia":[{"embeddable":true,"href":"https:\/\/nbg.eu\/lt\/wp-json\/wp\/v2\/media\/249207"}],"wp:attachment":[{"href":"https:\/\/nbg.eu\/lt\/wp-json\/wp\/v2\/media?parent=277927"}],"wp:term":[{"taxonomy":"product_brand","embeddable":true,"href":"https:\/\/nbg.eu\/lt\/wp-json\/wp\/v2\/product_brand?post=277927"},{"taxonomy":"product_cat","embeddable":true,"href":"https:\/\/nbg.eu\/lt\/wp-json\/wp\/v2\/product_cat?post=277927"},{"taxonomy":"product_tag","embeddable":true,"href":"https:\/\/nbg.eu\/lt\/wp-json\/wp\/v2\/product_tag?post=277927"}],"curies":[{"name":"wp","href":"https:\/\/api.w.org\/{rel}","templated":true}]}}