{"id":283468,"date":"2025-03-07T20:40:36","date_gmt":"2025-03-07T17:40:36","guid":{"rendered":"https:\/\/nbg.eu\/product\/rusan-adapter-arm52-64-64mm\/"},"modified":"2026-01-21T11:38:39","modified_gmt":"2026-01-21T08:38:39","slug":"rusan-adapter-arm52-64-64mm","status":"publish","type":"product","link":"https:\/\/nbg.eu\/lt\/produktas\/rusan-adapter-arm52-64-64mm\/","title":{"rendered":"Rusan &#8211; Adapter ARM52-64, 64mm"},"content":{"rendered":"<div class=\"product-description\">\n<h1>Rusan &#8211; Adapteris ARM52-64, 64mm<\/h1>\n<h2>Stiprumo, pritaikomumo ir tikslios in\u017einerijos derinys<\/h2>\n<p>Rusan &#8211; Adapteris ARM52-64 yra 64mm tvirtinimo sprendimas. \u0160is adapteris yra stiprus, pritaikomas ir tikslus, skirtas optimizuoti j\u016bs\u0173 \u012frang\u0105 \u012fvairiems \u0161audymo scenarijams.<\/p>\n<h3>Pagrindin\u0117s savyb\u0117s:<\/h3>\n<ul>\n<li><strong>RRS-Lock\u2122 Sistema:<\/strong> Turi saugos sustojimo funkcijas montavimo b\u0117gelyje ir greitojo atleidimo spaustuve, atitinkan\u010dias RRS 1.5&#8243; standart\u0105. Turi kelias &#8222;kieto sustojimo&#8221; pozicijas i\u0161ilgai b\u0117gelio.<\/li>\n<li><strong>Lengvas vir\u0161utinis \u012fkrovimas:<\/strong> Greitai pereina i\u0161 u\u017edarytos \u012f pilnai atidaryt\u0105 pad\u0117t\u012f, leid\u017eiant lengvai \u012fkrauti RRS Dovetail ir Arca-Swiss suderinamas greitojo atleidimo plok\u0161teles.<\/li>\n<li><strong>Vizualus u\u017erakto patvirtinimas:<\/strong> Galima lengvai matyti svirties pad\u0117t\u012f &#8211; u\u017erakinta, pusiau atidaryta ar pilnai atidaryta.<\/li>\n<li><strong>Reguliuojamas \u012ftempimas:<\/strong> Galima reguliuoti spaustuvo \u012ftempim\u0105 geresniam suderinamumui su tre\u010di\u0173j\u0173 \u0161ali\u0173 plok\u0161tel\u0117mis ir b\u0117geliais.<\/li>\n<li><strong>Patentuotas dvigubas spaustuvas:<\/strong> Tinka tiek Picatinny, tiek Arca stiliaus b\u0117geliams.<\/li>\n<li><strong>Patogus naudoti dizainas:<\/strong> Suderinamas su ne RRS-Lock\u2122 Arca stiliaus b\u0117geliais.<\/li>\n<\/ul>\n<h3>Suderinami dvikojai:<\/h3>\n<ul>\n<li>B&amp;T Industries Atlas A.R.M.S. 17s dvikojai<\/li>\n<li>Thunder Beast Arms TBAC<\/li>\n<li>Magpul A.R.M.S. 17s stilius<\/li>\n<li>Visi kiti A.R.M.S. 17s pritaikymai<\/li>\n<\/ul>\n<h3>Specifikacijos:<\/h3>\n<table>\n<tr>\n<td>\u017diaun\u0173 ilgis:<\/td>\n<td>1.97&#8243; \/ 50mm<\/td>\n<\/tr>\n<tr>\n<td>Plotis:<\/td>\n<td>2.94&#8243; \/ 74.6mm<\/td>\n<\/tr>\n<tr>\n<td>Auk\u0161tis:<\/td>\n<td>0.7&#8243; \/ 17.4mm<\/td>\n<\/tr>\n<tr>\n<td>Svoris:<\/td>\n<td>3.8oz \/ 107g (\u012fskaitant detales)<\/td>\n<\/tr>\n<\/table>\n<p>Rusan &#8211; Adapteris ARM52-64 yra tvirtinimo sistema tiksliam \u0161audymui. \u0160is adapteris u\u017etikrina, kad j\u016bs\u0173 \u012franga b\u016bt\u0173 saugiai pritvirtinta.<\/p>\n<\/div>\n","protected":false},"excerpt":{"rendered":"<p>Rusan ARM52-64: 64 mm adapteris tiksliam montavimui. Patvarus, universalus ir sukurtas optimaliam veikimui.<\/p>\n","protected":false},"featured_media":248368,"template":"","meta":{"_acf_changed":false},"product_brand":[11687],"product_cat":[13712,13692,13717],"product_tag":[],"class_list":{"0":"post-283468","1":"product","2":"type-product","3":"status-publish","4":"has-post-thumbnail","6":"product_brand-rusan","7":"product_cat-siluminiai","8":"product_cat-taikymas","9":"product_cat-taikymo-aksesuarai","11":"first","12":"outofstock","13":"taxable","14":"shipping-taxable","15":"purchasable","16":"product-type-simple"},"acf":[],"_links":{"self":[{"href":"https:\/\/nbg.eu\/lt\/wp-json\/wp\/v2\/product\/283468","targetHints":{"allow":["GET"]}}],"collection":[{"href":"https:\/\/nbg.eu\/lt\/wp-json\/wp\/v2\/product"}],"about":[{"href":"https:\/\/nbg.eu\/lt\/wp-json\/wp\/v2\/types\/product"}],"wp:featuredmedia":[{"embeddable":true,"href":"https:\/\/nbg.eu\/lt\/wp-json\/wp\/v2\/media\/248368"}],"wp:attachment":[{"href":"https:\/\/nbg.eu\/lt\/wp-json\/wp\/v2\/media?parent=283468"}],"wp:term":[{"taxonomy":"product_brand","embeddable":true,"href":"https:\/\/nbg.eu\/lt\/wp-json\/wp\/v2\/product_brand?post=283468"},{"taxonomy":"product_cat","embeddable":true,"href":"https:\/\/nbg.eu\/lt\/wp-json\/wp\/v2\/product_cat?post=283468"},{"taxonomy":"product_tag","embeddable":true,"href":"https:\/\/nbg.eu\/lt\/wp-json\/wp\/v2\/product_tag?post=283468"}],"curies":[{"name":"wp","href":"https:\/\/api.w.org\/{rel}","templated":true}]}}