{"id":284914,"date":"2024-01-30T18:08:20","date_gmt":"2024-01-30T18:08:20","guid":{"rendered":"https:\/\/nbg.eu\/product\/area-419-mini-pad-the-gripchanger\/"},"modified":"2026-01-21T12:04:24","modified_gmt":"2026-01-21T09:04:24","slug":"area-419-mini-pad-the-gripchanger","status":"publish","type":"product","link":"https:\/\/nbg.eu\/lt\/produktas\/area-419-mini-pad-the-gripchanger\/","title":{"rendered":"Area 419 &#8211; Mini Pad, The GripChanger"},"content":{"rendered":"<div class=\"product-description\">\n<h2>Area 419 &#8211; Mini Pad, GripChanger<\/h2>\n<p>GripChanger yra naujausias papildymas m\u016bs\u0173 RailChanger linijai. \u0160is kompakti\u0161kas, kietas ir tankiai pripildytas krep\u0161ys yra tinkamas greitam pozicijos nustatymui arba naudojimui ma\u017eose angose.<\/p>\n<h3>Savyb\u0117s:<\/h3>\n<ul>\n<li>Sveria apie 1 svar\u0105<\/li>\n<li>Prilimpa prie bet kokio pavir\u0161iaus<\/li>\n<li>Suteikia stabili\u0105 platform\u0105 greitam nustatymui<\/li>\n<\/ul>\n<h3>Rinkin\u012f sudaro:<\/h3>\n<ul>\n<li>1 Area 419 GripChanger krep\u0161ys<\/li>\n<li>1 ARCALOCK spaustuvas<\/li>\n<li>1 Area 419 Rail Changer petys<\/li>\n<\/ul>\n<h3>Specifikacijos:<\/h3>\n<ul>\n<li>Svoris: 1 svaras<\/li>\n<li>Matmenys: 10 \u00d7 3 \u00d7 2 coliai<\/li>\n<li>Gamintojas: Armageddon Gear<\/li>\n<\/ul>\n<\/div>\n","protected":false},"excerpt":{"rendered":"<p>\u201eKompakti\u0161kas, gerai sukimbantis 0,45 kg mai\u0161elis greitoms ir stabilioms \u0161audymo pozicijoms. Komplekte yra spaustukas ir laikiklis.&#8221;<\/p>\n","protected":false},"featured_media":233570,"template":"","meta":{"_acf_changed":false},"product_brand":[11048],"product_cat":[13741],"product_tag":[],"class_list":{"0":"post-284914","1":"product","2":"type-product","3":"status-publish","4":"has-post-thumbnail","6":"product_brand-area-419","7":"product_cat-sautuvas","9":"first","10":"instock","11":"taxable","12":"shipping-taxable","13":"purchasable","14":"product-type-simple"},"acf":[],"_links":{"self":[{"href":"https:\/\/nbg.eu\/lt\/wp-json\/wp\/v2\/product\/284914","targetHints":{"allow":["GET"]}}],"collection":[{"href":"https:\/\/nbg.eu\/lt\/wp-json\/wp\/v2\/product"}],"about":[{"href":"https:\/\/nbg.eu\/lt\/wp-json\/wp\/v2\/types\/product"}],"wp:featuredmedia":[{"embeddable":true,"href":"https:\/\/nbg.eu\/lt\/wp-json\/wp\/v2\/media\/233570"}],"wp:attachment":[{"href":"https:\/\/nbg.eu\/lt\/wp-json\/wp\/v2\/media?parent=284914"}],"wp:term":[{"taxonomy":"product_brand","embeddable":true,"href":"https:\/\/nbg.eu\/lt\/wp-json\/wp\/v2\/product_brand?post=284914"},{"taxonomy":"product_cat","embeddable":true,"href":"https:\/\/nbg.eu\/lt\/wp-json\/wp\/v2\/product_cat?post=284914"},{"taxonomy":"product_tag","embeddable":true,"href":"https:\/\/nbg.eu\/lt\/wp-json\/wp\/v2\/product_tag?post=284914"}],"curies":[{"name":"wp","href":"https:\/\/api.w.org\/{rel}","templated":true}]}}