{"id":287669,"date":"2025-03-06T23:23:37","date_gmt":"2025-03-06T20:23:37","guid":{"rendered":"https:\/\/nbg.eu\/prodcut\/clawgear-ak47-short-slick-handguard-m-lok\/"},"modified":"2026-01-21T12:04:23","modified_gmt":"2026-01-21T09:04:23","slug":"clawgear-ak47-short-slick-handguard-m-lok","status":"publish","type":"product","link":"https:\/\/nbg.eu\/lt\/produktas\/clawgear-ak47-short-slick-handguard-m-lok\/","title":{"rendered":"Clawgear &#8211; AK47 Short Slick Handguard M-LOK"},"content":{"rendered":"<h2>Clawgear &#8211; AK47 trumpas rankenos apsaugas su M-LOK sistema<\/h2>\n<p>AK47 rankenos apsaugas su \u0161iomis savyb\u0117mis:<\/p>\n<ul>\n<li>M-LOK tvirtinimo sistema priedams<\/li>\n<li>Matinis juodas pavir\u0161ius<\/li>\n<li>QD dir\u017eelio tvirtinimo ta\u0161kas gale<\/li>\n<li>Tinka \u0161tampuotiems ir frezuotiems imtuvams<\/li>\n<li>Pagamintas i\u0161 6061 aliuminio<\/li>\n<li>MIL-SPEC III tipo anodinis padengimas<\/li>\n<\/ul>\n<p>Matmenys: 16,4 cm (I) x 4,5 cm (P) x 4 cm (A)<\/p>\n<p>Svoris: 0,16 kg<\/p>\n<p>AK47 rankenos apsaugas, skirtas pried\u0173 tvirtinimui.<\/p>\n","protected":false},"excerpt":{"rendered":"<p>Lengvas M-LOK rankenos apsaugas skirtas AK47. Turi QD dir\u017eo tvirtinimo ta\u0161k\u0105. Tinka \u012fvairiems imtuvams.<\/p>\n","protected":false},"featured_media":245165,"template":"","meta":{"_acf_changed":false},"product_brand":[11232],"product_cat":[14825,13755,14803,13741,13702],"product_tag":[],"class_list":{"0":"post-287669","1":"product","2":"type-product","3":"status-publish","4":"has-post-thumbnail","6":"product_brand-clawgear","7":"product_cat-ak-ranku-apsaugos","8":"product_cat-begeliai","9":"product_cat-ranku-apsaugos","10":"product_cat-sautuvas","11":"product_cat-sautuvu-derinimas","13":"first","14":"instock","15":"taxable","16":"shipping-taxable","17":"purchasable","18":"product-type-simple"},"acf":[],"_links":{"self":[{"href":"https:\/\/nbg.eu\/lt\/wp-json\/wp\/v2\/product\/287669","targetHints":{"allow":["GET"]}}],"collection":[{"href":"https:\/\/nbg.eu\/lt\/wp-json\/wp\/v2\/product"}],"about":[{"href":"https:\/\/nbg.eu\/lt\/wp-json\/wp\/v2\/types\/product"}],"wp:featuredmedia":[{"embeddable":true,"href":"https:\/\/nbg.eu\/lt\/wp-json\/wp\/v2\/media\/245165"}],"wp:attachment":[{"href":"https:\/\/nbg.eu\/lt\/wp-json\/wp\/v2\/media?parent=287669"}],"wp:term":[{"taxonomy":"product_brand","embeddable":true,"href":"https:\/\/nbg.eu\/lt\/wp-json\/wp\/v2\/product_brand?post=287669"},{"taxonomy":"product_cat","embeddable":true,"href":"https:\/\/nbg.eu\/lt\/wp-json\/wp\/v2\/product_cat?post=287669"},{"taxonomy":"product_tag","embeddable":true,"href":"https:\/\/nbg.eu\/lt\/wp-json\/wp\/v2\/product_tag?post=287669"}],"curies":[{"name":"wp","href":"https:\/\/api.w.org\/{rel}","templated":true}]}}