{"id":288573,"date":"2025-03-05T08:00:39","date_gmt":"2025-03-05T08:00:39","guid":{"rendered":"https:\/\/nbg.eu\/prodcut\/magpul-prs-gen3-precision-adjustable-stock\/"},"modified":"2026-01-21T12:16:50","modified_gmt":"2026-01-21T09:16:50","slug":"magpul-prs-gen3-precision-adjustable-stock","status":"publish","type":"product","link":"https:\/\/nbg.eu\/lt\/produktas\/magpul-prs-gen3-precision-adjustable-stock\/","title":{"rendered":"Magpul &#8211; PRS\u00ae GEN3 Precision-Adjustable Stock"},"content":{"rendered":"<div class=\"product-description\">\n<h2>Magpul &#8211; PRS\u00ae GEN3 tiksliai reguliuojama buo\u017e\u0117<\/h2>\n<p>PRS GEN3 yra lauko tiksliosios buo\u017e\u0117 AR15\/M16 ir AR10\/SR25 platformoms, leid\u017eianti reguliuoti atatrankos ilg\u012f ir skruosto atramos auk\u0161t\u012f be \u012franki\u0173. Skirta pusiau automatiniams snaiperio arba kenk\u0117j\u0173 \u0161autuvams, ji u\u017etikrina stabili\u0105 s\u0105saj\u0105 ir beveik universal\u0173 pritaikym\u0105.<\/p>\n<ul>\n<li>Optimizuota \u0161autuv\u0173 ilgio pri\u0117mimo prailginimams<\/li>\n<li>Suderinama su daugeliu standartini\u0173 karabin\u0173 ir A5 ilgio vamzd\u017ei\u0173<\/li>\n<li>Reguliuojamo pasvirimo\/auk\u0161\u010dio gumin\u0117 buo\u017e\u0117s plok\u0161tel\u0117<\/li>\n<li>Rotacij\u0105 ribojantys dir\u017eo tvirtinimo ta\u0161kai<\/li>\n<li>M-LOK\u00ae angos galiniam monopodui tvirtinti<\/li>\n<li>Pagaminta JAV<\/li>\n<\/ul>\n<p>PRS GEN3 turi apdirbto aliuminio reguliavimo ranken\u0117les, plieninius strypus su Melonite\u00ae apdaila ir kelias dir\u017eo tvirtinimo galimybes, u\u017etikrinan\u010dias patvarum\u0105 ir universalum\u0105 lauko s\u0105lygomis.<\/p>\n<\/div>\n","protected":false},"excerpt":{"rendered":"<p>Tikslus AR buo\u017e\u0117s mechanizmas su \u012franki\u0173 nereikalaujan\u010diu ilgio ir skruosto auk\u0161\u010dio reguliavimu.<\/p>\n","protected":false},"featured_media":238363,"template":"","meta":{"_acf_changed":false},"product_brand":[11540],"product_cat":[13741,13737,13702],"product_tag":[],"class_list":{"0":"post-288573","1":"product","2":"type-product","3":"status-publish","4":"has-post-thumbnail","6":"product_brand-magpul","7":"product_cat-sautuvas","8":"product_cat-sautuvu-buozes","9":"product_cat-sautuvu-derinimas","11":"first","12":"instock","13":"taxable","14":"shipping-taxable","15":"purchasable","16":"product-type-variable","17":"wvs-archive-product-wrapper"},"acf":[],"_links":{"self":[{"href":"https:\/\/nbg.eu\/lt\/wp-json\/wp\/v2\/product\/288573","targetHints":{"allow":["GET"]}}],"collection":[{"href":"https:\/\/nbg.eu\/lt\/wp-json\/wp\/v2\/product"}],"about":[{"href":"https:\/\/nbg.eu\/lt\/wp-json\/wp\/v2\/types\/product"}],"wp:featuredmedia":[{"embeddable":true,"href":"https:\/\/nbg.eu\/lt\/wp-json\/wp\/v2\/media\/238363"}],"wp:attachment":[{"href":"https:\/\/nbg.eu\/lt\/wp-json\/wp\/v2\/media?parent=288573"}],"wp:term":[{"taxonomy":"product_brand","embeddable":true,"href":"https:\/\/nbg.eu\/lt\/wp-json\/wp\/v2\/product_brand?post=288573"},{"taxonomy":"product_cat","embeddable":true,"href":"https:\/\/nbg.eu\/lt\/wp-json\/wp\/v2\/product_cat?post=288573"},{"taxonomy":"product_tag","embeddable":true,"href":"https:\/\/nbg.eu\/lt\/wp-json\/wp\/v2\/product_tag?post=288573"}],"curies":[{"name":"wp","href":"https:\/\/api.w.org\/{rel}","templated":true}]}}