{"id":288719,"date":"2025-03-05T11:15:00","date_gmt":"2025-03-05T08:15:00","guid":{"rendered":"https:\/\/nbg.eu\/prodcut\/magpul-prs-lite-precision-adjustable-stock\/"},"modified":"2026-01-21T11:42:53","modified_gmt":"2026-01-21T08:42:53","slug":"magpul-prs-lite-precision-adjustable-stock","status":"publish","type":"product","link":"https:\/\/nbg.eu\/lt\/produktas\/magpul-prs-lite-precision-adjustable-stock\/","title":{"rendered":"Magpul &#8211; PRS Lite Precision-Adjustable Stock"},"content":{"rendered":"<div class=\"product-description\">\n<h2>Magpul PRS Lite reguliuojama buo\u017e\u0117<\/h2>\n<p>Magpul PRS Lite si\u016blo reguliavimo galimybes lengvame pakete, sveriant 530 gram\u0173. Suderinama su Mil-Spec USGI karbino\/SR25 sulankstomomis\/A5 ilginimo vamzdeliais .223 ir .308 kalibro \u0161autuvams.<\/p>\n<h3>Pagrindin\u0117s savyb\u0117s:<\/h3>\n<ul>\n<li>Lengvas polimero ir metalo konstrukcija<\/li>\n<li>Reguliuojamas \u0161ukos auk\u0161tis (0-20 mm 2,5 mm intervalais)<\/li>\n<li>Reguliuojamas atkrytis (352-387 mm 3,5 mm intervalais)<\/li>\n<li>Reguliuojamo auk\u0161\u010dio ir kampo neslystanti gumin\u0117 atrama<\/li>\n<li>Kelios dir\u017eo tvirtinimo galimyb\u0117s<\/li>\n<\/ul>\n<p>Sukurta pagal karinius standartus, PRS Lite u\u017etikrina optimizuot\u0105 \u0161aulio s\u0105saj\u0105 u\u017e ma\u017eesn\u0119 kain\u0105 nei pilnai \u012frengtas variantas. Buo\u017e\u0117 turi \u017eemo profilio gumin\u0119 atram\u0105 stabilumui ir \u012fvairias dir\u017eo tvirtinimo galimybes universalumui.<\/p>\n<p><strong>Pagaminta JAV<\/strong><\/p>\n<\/div>\n","protected":false},"excerpt":{"rendered":"<p>Lengvas, reguliuojamas AR buo\u017e\u0117s priedas. Tikslus \u0161uk\u0173 ir atramos ilgio valdymas.<\/p>\n","protected":false},"featured_media":238458,"template":"","meta":{"_acf_changed":false},"product_brand":[11540],"product_cat":[13741,13737,13702],"product_tag":[],"class_list":{"0":"post-288719","1":"product","2":"type-product","3":"status-publish","4":"has-post-thumbnail","6":"product_brand-magpul","7":"product_cat-sautuvas","8":"product_cat-sautuvu-buozes","9":"product_cat-sautuvu-derinimas","11":"first","12":"instock","13":"taxable","14":"shipping-taxable","15":"purchasable","16":"product-type-variable","17":"wvs-archive-product-wrapper"},"acf":[],"_links":{"self":[{"href":"https:\/\/nbg.eu\/lt\/wp-json\/wp\/v2\/product\/288719","targetHints":{"allow":["GET"]}}],"collection":[{"href":"https:\/\/nbg.eu\/lt\/wp-json\/wp\/v2\/product"}],"about":[{"href":"https:\/\/nbg.eu\/lt\/wp-json\/wp\/v2\/types\/product"}],"wp:featuredmedia":[{"embeddable":true,"href":"https:\/\/nbg.eu\/lt\/wp-json\/wp\/v2\/media\/238458"}],"wp:attachment":[{"href":"https:\/\/nbg.eu\/lt\/wp-json\/wp\/v2\/media?parent=288719"}],"wp:term":[{"taxonomy":"product_brand","embeddable":true,"href":"https:\/\/nbg.eu\/lt\/wp-json\/wp\/v2\/product_brand?post=288719"},{"taxonomy":"product_cat","embeddable":true,"href":"https:\/\/nbg.eu\/lt\/wp-json\/wp\/v2\/product_cat?post=288719"},{"taxonomy":"product_tag","embeddable":true,"href":"https:\/\/nbg.eu\/lt\/wp-json\/wp\/v2\/product_tag?post=288719"}],"curies":[{"name":"wp","href":"https:\/\/api.w.org\/{rel}","templated":true}]}}