{"id":289344,"date":"2024-01-30T18:07:31","date_gmt":"2024-01-30T18:07:31","guid":{"rendered":"https:\/\/nbg.eu\/prodcut\/area-419-arcalock-12-m-lok-dovetail-rail-2\/"},"modified":"2026-05-16T22:04:17","modified_gmt":"2026-05-16T19:04:17","slug":"area-419-arcalock-12-m-lok-dovetail-rail-2","status":"publish","type":"product","link":"https:\/\/nbg.eu\/lt\/produktas\/area-419-arcalock-12-m-lok-dovetail-rail-2\/","title":{"rendered":"Area 419 &#8211; ARCALOCK 12&#8243; M-LOK Dovetail Rail"},"content":{"rendered":"<h2>Area 419 &#8211; ARCALOCK 12&#8243; M-LOK Dovetail b\u0117gelis<\/h2>\n<p>ARCALOCK 12&#8243; M-LOK Dovetail b\u0117gelis i\u0161 Area 419 turi \u0161ias savybes:<\/p>\n<ul>\n<li>Dantytus \u0161onus mechaniniam fiksavimui su Area 419 spaustukai<\/li>\n<li>Suderinamumas su standartiniais Arca priedais<\/li>\n<li>12&#8243; ilgis tvirtinimui<\/li>\n<li>Lengvas dizainas, sveria 111,5 gram\u0173<\/li>\n<li>Atitinka RRS 1.5&#8243; Dovetail standart\u0105<\/li>\n<li>Nusklembti kra\u0161tai patogumui ir saugumui<\/li>\n<li>\u012evairios montavimo galimyb\u0117s skirtingoms \u0161autuvo konfig\u016bracijoms<\/li>\n<li>Pagamintas i\u0161 6061-T6 aliuminio su 3 tipo kietu anodavimu<\/li>\n<li>Pagaminta JAV i\u0161 auk\u0161tos kokyb\u0117s med\u017eiag\u0173<\/li>\n<\/ul>\n<p>ARCALOCK Dovetail b\u0117geli\u0173 sistema u\u017etikrina stabilum\u0105 ir tikslum\u0105, sukurta pa\u0161alinti jud\u0117jim\u0105 esant spaudimui.<\/p>\n","protected":false},"excerpt":{"rendered":"<p>Fiksuojamas 12 coli\u0173 ARCA b\u0117gelis preciziniams \u0161autuvams. Dantytais \u0161onais, suderinamas su M-LOK.<\/p>\n","protected":false},"featured_media":232513,"template":"","meta":{"_acf_changed":false},"product_brand":[11048],"product_cat":[13755,13677,14965,13741,13702],"product_tag":[],"class_list":{"0":"post-289344","1":"product","2":"type-product","3":"status-publish","4":"has-post-thumbnail","6":"product_brand-area-419","7":"product_cat-begeliai","8":"product_cat-dirzeliai","9":"product_cat-m-lok-rail-systems-lt","10":"product_cat-sautuvas","11":"product_cat-sautuvu-derinimas","13":"first","14":"instock","15":"sale","16":"taxable","17":"shipping-taxable","18":"purchasable","19":"product-type-variable","20":"wvs-archive-product-wrapper"},"acf":[],"_links":{"self":[{"href":"https:\/\/nbg.eu\/lt\/wp-json\/wp\/v2\/product\/289344","targetHints":{"allow":["GET"]}}],"collection":[{"href":"https:\/\/nbg.eu\/lt\/wp-json\/wp\/v2\/product"}],"about":[{"href":"https:\/\/nbg.eu\/lt\/wp-json\/wp\/v2\/types\/product"}],"wp:featuredmedia":[{"embeddable":true,"href":"https:\/\/nbg.eu\/lt\/wp-json\/wp\/v2\/media\/232513"}],"wp:attachment":[{"href":"https:\/\/nbg.eu\/lt\/wp-json\/wp\/v2\/media?parent=289344"}],"wp:term":[{"taxonomy":"product_brand","embeddable":true,"href":"https:\/\/nbg.eu\/lt\/wp-json\/wp\/v2\/product_brand?post=289344"},{"taxonomy":"product_cat","embeddable":true,"href":"https:\/\/nbg.eu\/lt\/wp-json\/wp\/v2\/product_cat?post=289344"},{"taxonomy":"product_tag","embeddable":true,"href":"https:\/\/nbg.eu\/lt\/wp-json\/wp\/v2\/product_tag?post=289344"}],"curies":[{"name":"wp","href":"https:\/\/api.w.org\/{rel}","templated":true}]}}