{"id":31459,"date":"2024-08-18T22:39:34","date_gmt":"2024-08-18T19:39:34","guid":{"rendered":"https:\/\/nbg.eu\/product\/produktas-5\/"},"modified":"2026-01-21T12:31:33","modified_gmt":"2026-01-21T09:31:33","slug":"produktas-5","status":"publish","type":"product","link":"https:\/\/nbg.eu\/lt\/produktas\/produktas-5\/","title":{"rendered":"Flex Holster &#8211; Spare Set Of Side Spacers"},"content":{"rendered":"<div class=\"product-description\">\n<h2>Flex D\u0117klas &#8211; Atsargini\u0173 \u0160onini\u0173 Tarpikli\u0173 Rinkinys<\/h2>\n<p>Padidinkite savo Flex d\u0117klo universalum\u0105 su \u0161iuo atsarginiu \u0161onini\u0173 tarpikli\u0173 rinkiniu nuo Double Alpha Academy. \u0160ie tiksliai pagaminti tarpikliai leid\u017eia jums:<\/p>\n<ul>\n<li>Reguliuoti d\u0117klo plot\u012f skirtingiems ginkl\u0173 modeliams<\/li>\n<li>Tiksliai nustatyti sulaikymo spaudim\u0105<\/li>\n<li>Pritaikyti ginklo i\u0161traukimo judes\u012f<\/li>\n<\/ul>\n<p>Pagaminti i\u0161 patvaraus polimero, \u0161ie tarpikliai u\u017etikrina ilgalaik\u012f veikim\u0105. Suderinami su visais Flex d\u0117klo modeliais, jie yra b\u016btini var\u017eyb\u0173 \u0161auliams ir entuziastams, kurie reikalauja maksimalaus savo \u012frangos prisitaikymo.<\/p>\n<p>Patobulinkite savo Flex d\u0117kl\u0105 \u0161iandien, kad u\u017etikrintum\u0117te optimal\u0173 veikim\u0105 ir universalum\u0105!<\/p>\n<\/div>\n","protected":false},"excerpt":{"rendered":"<p>Papildomi \u0161oniniai tarpikliai Flex Holster d\u0117klui. Pritaikykite tinkamum\u0105 ir i\u0161laikym\u0105.<\/p>\n","protected":false},"featured_media":29449,"template":"","meta":{"_acf_changed":false},"product_brand":[11275],"product_cat":[13747,13722,13728],"product_tag":[],"class_list":{"0":"post-31459","1":"product","2":"type-product","3":"status-publish","4":"has-post-thumbnail","6":"product_brand-doublealpha","7":"product_cat-deklas","8":"product_cat-deklu-priedai","9":"product_cat-sportinis-deklas","11":"first","12":"instock","13":"taxable","14":"shipping-taxable","15":"purchasable","16":"product-type-variable","17":"wvs-archive-product-wrapper"},"acf":[],"_links":{"self":[{"href":"https:\/\/nbg.eu\/lt\/wp-json\/wp\/v2\/product\/31459","targetHints":{"allow":["GET"]}}],"collection":[{"href":"https:\/\/nbg.eu\/lt\/wp-json\/wp\/v2\/product"}],"about":[{"href":"https:\/\/nbg.eu\/lt\/wp-json\/wp\/v2\/types\/product"}],"wp:featuredmedia":[{"embeddable":true,"href":"https:\/\/nbg.eu\/lt\/wp-json\/wp\/v2\/media\/29449"}],"wp:attachment":[{"href":"https:\/\/nbg.eu\/lt\/wp-json\/wp\/v2\/media?parent=31459"}],"wp:term":[{"taxonomy":"product_brand","embeddable":true,"href":"https:\/\/nbg.eu\/lt\/wp-json\/wp\/v2\/product_brand?post=31459"},{"taxonomy":"product_cat","embeddable":true,"href":"https:\/\/nbg.eu\/lt\/wp-json\/wp\/v2\/product_cat?post=31459"},{"taxonomy":"product_tag","embeddable":true,"href":"https:\/\/nbg.eu\/lt\/wp-json\/wp\/v2\/product_tag?post=31459"}],"curies":[{"name":"wp","href":"https:\/\/api.w.org\/{rel}","templated":true}]}}