{"id":35606,"date":"2024-07-30T14:27:38","date_gmt":"2024-07-30T14:27:38","guid":{"rendered":"https:\/\/nbg.eu\/product\/blueforcegear-grid-belt\/"},"modified":"2026-05-13T16:44:46","modified_gmt":"2026-05-13T13:44:46","slug":"blueforcegear-grid-belt","status":"publish","type":"product","link":"https:\/\/nbg.eu\/lt\/produktas\/blueforcegear-grid-belt\/","title":{"rendered":"BlueForceGear GRID\u2122 Belt"},"content":{"rendered":"<p>BlueForceGear GRID\u2122 dir\u017eas yra universalus ir tvirtas taktinis dir\u017eas, sukurtas maksimaliam komfortui ir funkcionalumui. Jame naudojama novatori\u0161ka MOLLE suderinama GRID\u2122 sistema, leid\u017eianti pagal poreikius tvirtinti ki\u0161enes ir priedus. Pagamintas i\u0161 patvari\u0173 med\u017eiag\u0173, jis pasi\u017eymi ypatingu tvirtumu ir ilgaam\u017ei\u0161kumu.<\/p>\n<ul>\n<li>Lengvas, bet tvirtas dizainas<\/li>\n<li>Greitai atsegama kobros tipo sagtis lengvam u\u017esid\u0117jimui\/nusi\u0117mimui<\/li>\n<li>Reguliuojamas tobulam pritaikymui<\/li>\n<li>Suderinamas su tarnybos ir pasl\u0117pto ne\u0161iojimo d\u0117klais<\/li>\n<li>Galima rinktis i\u0161 \u012fvairi\u0173 spalv\u0173 ir dyd\u017ei\u0173<\/li>\n<\/ul>\n<p>Patirkite neprilygstam\u0105 param\u0105 ir lankstum\u0105 su BlueForceGear GRID\u2122 dir\u017eu, idealiai tinkan\u010diu teis\u0117saugos pareig\u016bnams, kari\u0161kiams ir taktini\u0173 priemoni\u0173 entuziastams.<\/p>\n","protected":false},"excerpt":{"rendered":"<p>Patvarus, \u017eemo profilio taktinis dir\u017eas universaliam \u012frangos pritvirtinimui.<\/p>\n","protected":false},"featured_media":35607,"template":"","meta":{"_acf_changed":false},"product_brand":[11135],"product_cat":[13749,13750],"product_tag":[],"class_list":{"0":"post-35606","1":"product","2":"type-product","3":"status-publish","4":"has-post-thumbnail","6":"product_brand-blue-force-gear","7":"product_cat-iranga","8":"product_cat-taktiniai-dirzai","10":"first","11":"instock","12":"taxable","13":"shipping-taxable","14":"purchasable","15":"product-type-variable","16":"wvs-archive-product-wrapper"},"acf":[],"_links":{"self":[{"href":"https:\/\/nbg.eu\/lt\/wp-json\/wp\/v2\/product\/35606","targetHints":{"allow":["GET"]}}],"collection":[{"href":"https:\/\/nbg.eu\/lt\/wp-json\/wp\/v2\/product"}],"about":[{"href":"https:\/\/nbg.eu\/lt\/wp-json\/wp\/v2\/types\/product"}],"wp:featuredmedia":[{"embeddable":true,"href":"https:\/\/nbg.eu\/lt\/wp-json\/wp\/v2\/media\/35607"}],"wp:attachment":[{"href":"https:\/\/nbg.eu\/lt\/wp-json\/wp\/v2\/media?parent=35606"}],"wp:term":[{"taxonomy":"product_brand","embeddable":true,"href":"https:\/\/nbg.eu\/lt\/wp-json\/wp\/v2\/product_brand?post=35606"},{"taxonomy":"product_cat","embeddable":true,"href":"https:\/\/nbg.eu\/lt\/wp-json\/wp\/v2\/product_cat?post=35606"},{"taxonomy":"product_tag","embeddable":true,"href":"https:\/\/nbg.eu\/lt\/wp-json\/wp\/v2\/product_tag?post=35606"}],"curies":[{"name":"wp","href":"https:\/\/api.w.org\/{rel}","templated":true}]}}