{"id":37453,"date":"2024-09-02T13:45:09","date_gmt":"2024-09-02T10:45:09","guid":{"rendered":"https:\/\/nbg.eu\/product\/condition-one-j-arm-45-1-70\/"},"modified":"2026-05-13T16:03:31","modified_gmt":"2026-05-13T13:03:31","slug":"condition-one-j-arm-45-1-70","status":"publish","type":"product","link":"https:\/\/nbg.eu\/lt\/produktas\/condition-one-j-arm-45-1-70\/","title":{"rendered":"Condition One J-Arm 45\u00b0 1.70"},"content":{"rendered":"<div class=\"product-description\">\n<h2>Condition One J formos laikiklis 45\u00b0 1.70<\/h2>\n<p>Patobulinkite savo Condition One modulin\u012f tvirtinim\u0105 (C.O.M.M.) su universaliu Condition One J formos laikikliu. \u0160is b\u016btinas priedas suteikia neprilygstam\u0105 lankstum\u0105 montuojant \u012fvairius priedus prie j\u016bs\u0173 \u012frangos.<\/p>\n<ul>\n<li>45\u00b0 kampas optimaliam pozicionavimui<\/li>\n<li>1.70&#8243; ilgis tiksliam pried\u0173 i\u0161d\u0117stymui<\/li>\n<li>Abipusis dizainas &#8211; galima montuoti kair\u0117je arba de\u0161in\u0117je<\/li>\n<li>Reguliuojamas priekinis ir galinis pozicionavimas<\/li>\n<li>Pagamintas i\u0161 tvirto 7075-T6 aliuminio<\/li>\n<li>III tipo kietojo sluoksnio anodavimo apdaila<\/li>\n<li>Galima \u012fsigyti sm\u0117lio ir juodos spalvos<\/li>\n<\/ul>\n<p>Lengvai ir efektyviai pritaikykite savo \u012frangos i\u0161d\u0117stym\u0105. J formos laikiklio pritaikomumas leid\u017eia operatoriams optimizuoti savo \u012frang\u0105 bet kokiai misijai ar pageidavimui. Patirkite auk\u0161\u010diausi\u0105 kokyb\u0119 ir funkcionalum\u0105 su Condition One J formos laikikliu 45\u00b0 1.70.<\/p>\n<\/div>\n","protected":false},"excerpt":{"rendered":"<p>Universalus 45\u00b0 J-formos laikiklis C.O.M.M. Pagamintas i\u0161 patvaraus aliuminio, reguliuojamas.<\/p>\n","protected":false},"featured_media":35365,"template":"","meta":{"_acf_changed":false},"product_brand":[11089],"product_cat":[13713,13741,13702,13692],"product_tag":[],"class_list":{"0":"post-37453","1":"product","2":"type-product","3":"status-publish","4":"has-post-thumbnail","6":"product_brand-badger-ordnance","7":"product_cat-raudoni-taskiniai","8":"product_cat-sautuvas","9":"product_cat-sautuvu-derinimas","10":"product_cat-taikymas","12":"first","13":"instock","14":"taxable","15":"shipping-taxable","16":"purchasable","17":"product-type-simple"},"acf":[],"_links":{"self":[{"href":"https:\/\/nbg.eu\/lt\/wp-json\/wp\/v2\/product\/37453","targetHints":{"allow":["GET"]}}],"collection":[{"href":"https:\/\/nbg.eu\/lt\/wp-json\/wp\/v2\/product"}],"about":[{"href":"https:\/\/nbg.eu\/lt\/wp-json\/wp\/v2\/types\/product"}],"wp:featuredmedia":[{"embeddable":true,"href":"https:\/\/nbg.eu\/lt\/wp-json\/wp\/v2\/media\/35365"}],"wp:attachment":[{"href":"https:\/\/nbg.eu\/lt\/wp-json\/wp\/v2\/media?parent=37453"}],"wp:term":[{"taxonomy":"product_brand","embeddable":true,"href":"https:\/\/nbg.eu\/lt\/wp-json\/wp\/v2\/product_brand?post=37453"},{"taxonomy":"product_cat","embeddable":true,"href":"https:\/\/nbg.eu\/lt\/wp-json\/wp\/v2\/product_cat?post=37453"},{"taxonomy":"product_tag","embeddable":true,"href":"https:\/\/nbg.eu\/lt\/wp-json\/wp\/v2\/product_tag?post=37453"}],"curies":[{"name":"wp","href":"https:\/\/api.w.org\/{rel}","templated":true}]}}