{"id":37477,"date":"2024-09-02T19:50:00","date_gmt":"2024-09-02T16:50:00","guid":{"rendered":"https:\/\/nbg.eu\/product\/slr-rifleworks-micro-gas-block-750-set-screw-steel\/"},"modified":"2026-01-21T12:09:56","modified_gmt":"2026-01-21T09:09:56","slug":"slr-rifleworks-micro-gas-block-750-set-screw-steel","status":"publish","type":"product","link":"https:\/\/nbg.eu\/lt\/produktas\/slr-rifleworks-micro-gas-block-750-set-screw-steel\/","title":{"rendered":"SLR RIFLEWORKS Micro Gas Block .750 Set Screw Steel"},"content":{"rendered":"<div class=\"product-description\">\n<h2>SLR RIFLEWORKS Mikro Duj\u0173 Blokas .750 Nustatymo Var\u017etas Plienas<\/h2>\n<p>Patobulinkite savo \u0161autuv\u0105 su SLR RIFLEWORKS GB-7 mikro duj\u0173 bloku, skirtu .750 vamzd\u017eiams. \u0160is auk\u0161tos kokyb\u0117s duj\u0173 blokas u\u017etikrina tikslum\u0105 ir patvarum\u0105 reikliems \u0161auliams.<\/p>\n<ul>\n<li>Pagamintas i\u0161 4140 \u0161tampuoto plieno, u\u017etikrinan\u010dio ypating\u0105 tvirtum\u0105 ir ilgaam\u017ei\u0161kum\u0105<\/li>\n<li>Melonito QPQ apdaila u\u017etikrina puik\u0173 atsparum\u0105 korozijai ir suma\u017eina trint\u012f<\/li>\n<li>.400&#8243; nustatymo var\u017et\u0173 tarpai u\u017etikrina saug\u0173 pritvirtinim\u0105<\/li>\n<li>Komplekte yra nustatymo var\u017etai ir ritininis kai\u0161tis lengvam montavimui<\/li>\n<li>Kompakti\u0161kas dizainas suma\u017eina svor\u012f ir profil\u012f<\/li>\n<\/ul>\n<p>Patirkite pagerint\u0105 veikim\u0105 ir patikimum\u0105 su \u0161iuo auk\u0161\u010diausios kokyb\u0117s mikro duj\u0173 bloku. Puikiai tinka individualiems projektams ir patobulinimams, SLR RIFLEWORKS GB-7 yra idealus pasirinkimas rimtiems \u0161auliams ir entuziastams.<\/p>\n<\/div>\n","protected":false},"excerpt":{"rendered":"<p>Kompakti\u0161kas, auk\u0161tos kokyb\u0117s .750 duj\u0173 blokas. Pagamintas i\u0161 4140 plieno, su Melonito apdaila. Fiksavimo var\u017etai pridedami.<\/p>\n","protected":false},"featured_media":37405,"template":"","meta":{"_acf_changed":false},"product_brand":[11736],"product_cat":[13725,13686,13741,13702],"product_tag":[],"class_list":{"0":"post-37477","1":"product","2":"type-product","3":"status-publish","4":"has-post-thumbnail","6":"product_brand-slr-rifleworks","7":"product_cat-ar-derinimas","8":"product_cat-duju-blokai","9":"product_cat-sautuvas","10":"product_cat-sautuvu-derinimas","12":"first","13":"outofstock","14":"taxable","15":"shipping-taxable","16":"purchasable","17":"product-type-simple"},"acf":[],"_links":{"self":[{"href":"https:\/\/nbg.eu\/lt\/wp-json\/wp\/v2\/product\/37477","targetHints":{"allow":["GET"]}}],"collection":[{"href":"https:\/\/nbg.eu\/lt\/wp-json\/wp\/v2\/product"}],"about":[{"href":"https:\/\/nbg.eu\/lt\/wp-json\/wp\/v2\/types\/product"}],"wp:featuredmedia":[{"embeddable":true,"href":"https:\/\/nbg.eu\/lt\/wp-json\/wp\/v2\/media\/37405"}],"wp:attachment":[{"href":"https:\/\/nbg.eu\/lt\/wp-json\/wp\/v2\/media?parent=37477"}],"wp:term":[{"taxonomy":"product_brand","embeddable":true,"href":"https:\/\/nbg.eu\/lt\/wp-json\/wp\/v2\/product_brand?post=37477"},{"taxonomy":"product_cat","embeddable":true,"href":"https:\/\/nbg.eu\/lt\/wp-json\/wp\/v2\/product_cat?post=37477"},{"taxonomy":"product_tag","embeddable":true,"href":"https:\/\/nbg.eu\/lt\/wp-json\/wp\/v2\/product_tag?post=37477"}],"curies":[{"name":"wp","href":"https:\/\/api.w.org\/{rel}","templated":true}]}}