{"id":39517,"date":"2024-08-26T13:35:02","date_gmt":"2024-08-26T13:35:02","guid":{"rendered":"https:\/\/nbg.eu\/product\/vanward-felt\/"},"modified":"2026-01-21T12:34:13","modified_gmt":"2026-01-21T09:34:13","slug":"vanward-felt","status":"publish","type":"product","link":"https:\/\/nbg.eu\/lt\/produktas\/vanward-felt\/","title":{"rendered":"Vanward Felt"},"content":{"rendered":"<div class=\"product-description\">\n<h2>Vanward Felt Slopintuvas<\/h2>\n<p>Patirkite kit\u0105 slopintuvo technologijos evoliucij\u0105 su Vanward Felt, sukurtu remiantis TE-Titan 3D spausdintais slopintuvais.<\/p>\n<h2>Pagrindin\u0117s savyb\u0117s:<\/h2>\n<ul>\n<li>Optimizuotas pertvar\u0173 i\u0161d\u0117stymas geresniam sl\u0117gio paskirstymui<\/li>\n<li>\u0160e\u0161iakampis i\u0161orinis dizainas didesniam tvirtumui ir efektyviam au\u0161inimui<\/li>\n<li>Ne\u012ftik\u0117tinai lengvas, tik 171 gramas*<\/li>\n<li>3D spausdintas i\u0161 vieno 5 klas\u0117s titano gabalo<\/li>\n<li>Ner\u016bdijan\u010dio plieno sriegin\u0117 dalis<\/li>\n<li>Atsparus vandeniui, druskos tirpalams ir \u0161aunam\u0173j\u0173 ginkl\u0173 dujoms<\/li>\n<li>Minimalus parako liku\u010di\u0173 prilipimas<\/li>\n<\/ul>\n<h2>Specifikacijos:<\/h2>\n<ul>\n<li>Galimi kalibrai: .223, .264, .30<\/li>\n<li>Sriegi\u0173 tipai: M18x1, M15x1, M14x1, 1\/2*28<\/li>\n<li>Matmenys: \u00d842mm x 130mm ilgis<\/li>\n<\/ul>\n<p>Sukurtas atsi\u017evelgiant \u012f geriausi\u0173 lauko \u0161auli\u0173 patirt\u012f, Vanward Felt si\u016blo neprilygstam\u0105 saugum\u0105, tvirtum\u0105 ir efektyvum\u0105. Jo integruotos au\u0161inimo briaunos ir lengvas dizainas daro j\u012f idealiu lauko \u0161audymo reikm\u0117ms.<\/p>\n<p><em>*Svoris M14x1 sriegio tipui<\/em><\/p>\n<\/div>\n","protected":false},"excerpt":{"rendered":"<p>Lengvas, 3D spausdintas titano slopintuvas su optimizuotu dizainu.<\/p>\n","protected":false},"featured_media":32227,"template":"","meta":{"_acf_changed":false},"product_brand":[11939],"product_cat":[13741,13724,13719],"product_tag":[],"class_list":{"0":"post-39517","1":"product","2":"type-product","3":"status-publish","4":"has-post-thumbnail","6":"product_brand-vanward","7":"product_cat-sautuvas","8":"product_cat-sautuvu-slopintuvai","9":"product_cat-slopintuvai","11":"first","12":"instock","13":"taxable","14":"shipping-taxable","15":"purchasable","16":"product-type-variable","17":"wvs-archive-product-wrapper"},"acf":[],"_links":{"self":[{"href":"https:\/\/nbg.eu\/lt\/wp-json\/wp\/v2\/product\/39517","targetHints":{"allow":["GET"]}}],"collection":[{"href":"https:\/\/nbg.eu\/lt\/wp-json\/wp\/v2\/product"}],"about":[{"href":"https:\/\/nbg.eu\/lt\/wp-json\/wp\/v2\/types\/product"}],"wp:featuredmedia":[{"embeddable":true,"href":"https:\/\/nbg.eu\/lt\/wp-json\/wp\/v2\/media\/32227"}],"wp:attachment":[{"href":"https:\/\/nbg.eu\/lt\/wp-json\/wp\/v2\/media?parent=39517"}],"wp:term":[{"taxonomy":"product_brand","embeddable":true,"href":"https:\/\/nbg.eu\/lt\/wp-json\/wp\/v2\/product_brand?post=39517"},{"taxonomy":"product_cat","embeddable":true,"href":"https:\/\/nbg.eu\/lt\/wp-json\/wp\/v2\/product_cat?post=39517"},{"taxonomy":"product_tag","embeddable":true,"href":"https:\/\/nbg.eu\/lt\/wp-json\/wp\/v2\/product_tag?post=39517"}],"curies":[{"name":"wp","href":"https:\/\/api.w.org\/{rel}","templated":true}]}}