{"id":414871,"date":"2025-07-03T13:21:18","date_gmt":"2025-07-03T10:21:18","guid":{"rendered":"https:\/\/nbg.eu\/product\/grip-kmr-l-dotmatrix-ergo-orange\/"},"modified":"2026-01-21T11:41:28","modified_gmt":"2026-01-21T08:41:28","slug":"grip-kmr-l-dotmatrix-ergo-orange","status":"publish","type":"product","link":"https:\/\/nbg.eu\/lt\/produktas\/grip-kmr-l-dotmatrix-ergo-orange\/","title":{"rendered":"Grip KMR L DOTMATRIX ERGO ORANGE"},"content":{"rendered":"<div class=\"product-description\">\n<h2>Rankena KMR L DOTMATRIX ERGO ORAN\u017dIN\u0116<\/h2>\n<p>KMR Precision Arms DOTMATRIX ERGO rankena. \u0160i pilno dyd\u017eio aliuminio rankena turi:<\/p>\n<ul>\n<li>Ergonomi\u0161k\u0105 delno profilio form\u0105<\/li>\n<li>Oran\u017ein\u0119 spalv\u0105<\/li>\n<li>Suprojektuota be d\u0117tuv\u0117s angos<\/li>\n<li>Tiksliai pagaminta<\/li>\n<\/ul>\n<p>Numeris: 0611-04001-0105<\/p>\n<\/div>\n","protected":false},"excerpt":{"rendered":"<p>Ergonomi\u0161kos aliuminin\u0117s rankenos su delno i\u0161kilimais KMR pistoletams.<\/p>\n","protected":false},"featured_media":359476,"template":"","meta":{"_acf_changed":false},"product_brand":[11496],"product_cat":[13691,14877],"product_tag":[],"class_list":{"0":"post-414871","1":"product","2":"type-product","3":"status-publish","4":"has-post-thumbnail","6":"product_brand-kmr-precision","7":"product_cat-kmr-dalys","8":"product_cat-pistol-grips-lt","10":"first","11":"instock","12":"taxable","13":"shipping-taxable","14":"purchasable","15":"product-type-simple"},"acf":[],"_links":{"self":[{"href":"https:\/\/nbg.eu\/lt\/wp-json\/wp\/v2\/product\/414871","targetHints":{"allow":["GET"]}}],"collection":[{"href":"https:\/\/nbg.eu\/lt\/wp-json\/wp\/v2\/product"}],"about":[{"href":"https:\/\/nbg.eu\/lt\/wp-json\/wp\/v2\/types\/product"}],"wp:featuredmedia":[{"embeddable":true,"href":"https:\/\/nbg.eu\/lt\/wp-json\/wp\/v2\/media\/359476"}],"wp:attachment":[{"href":"https:\/\/nbg.eu\/lt\/wp-json\/wp\/v2\/media?parent=414871"}],"wp:term":[{"taxonomy":"product_brand","embeddable":true,"href":"https:\/\/nbg.eu\/lt\/wp-json\/wp\/v2\/product_brand?post=414871"},{"taxonomy":"product_cat","embeddable":true,"href":"https:\/\/nbg.eu\/lt\/wp-json\/wp\/v2\/product_cat?post=414871"},{"taxonomy":"product_tag","embeddable":true,"href":"https:\/\/nbg.eu\/lt\/wp-json\/wp\/v2\/product_tag?post=414871"}],"curies":[{"name":"wp","href":"https:\/\/api.w.org\/{rel}","templated":true}]}}