{"id":44342,"date":"2024-08-18T19:23:04","date_gmt":"2024-08-18T19:23:04","guid":{"rendered":"https:\/\/nbg.eu\/product\/d%d0%b0%d0%b0-ratchet-inner-belt\/"},"modified":"2026-01-21T12:22:19","modified_gmt":"2026-01-21T09:22:19","slug":"daa-ratchet-inner-belt","status":"publish","type":"product","link":"https:\/\/nbg.eu\/lt\/produktas\/daa-ratchet-inner-belt\/","title":{"rendered":"D\u0410\u0410 Ratchet Inner Belt"},"content":{"rendered":"<h2>DAA Vidin\u0117 Dir\u017eo Sistema su Fiksatoriumi<\/h2>\n<p>Patirkite neprilygstam\u0105 komfort\u0105 su inovatyvia DAA vidine dir\u017eo sistema su fiksatoriumi. \u0160i sistema pasi\u017eymi unikaliu susilankstan\u010diu segmentu, sukurtu b\u016bti po fiksatoriumi, kuris pa\u0161alina nepatogius spaudimo ta\u0161kus, kai u\u017ever\u017eiate ir sutrumpinate i\u0161orin\u012f dir\u017e\u0105.<\/p>\n<ul>\n<li>Susilankstantis segmentas be plastikinio vidaus ar lipnios juostos, lengvai sulankstomas<\/li>\n<li>Smail\u016bs galai lengvam \u012fv\u0117rimui per kelni\u0173 kilpas<\/li>\n<li>Prana\u0161esnis komfortas, lyginant su tradiciniais vidiniais dir\u017eais<\/li>\n<li>Pagaminta i\u0161 t\u0173 pa\u010di\u0173 auk\u0161tos kokyb\u0117s med\u017eiag\u0173 kaip ir standartiniai DAA vidiniai dir\u017eai<\/li>\n<\/ul>\n<p>Atsisveikinkite su diskomfortu, kur\u012f sukelia kietos med\u017eiagos, kurios sunkiai lankstosi. DAA vidin\u0117 dir\u017eo sistema su fiksatoriumi u\u017etikrina patog\u0173 prigludim\u0105 neaukojant komforto, tod\u0117l tai yra puikus pasirinkimas reikliems vartotojams, kurie reikalauja geriausi\u0173 dir\u017e\u0173 technologij\u0173.<\/p>\n","protected":false},"excerpt":{"rendered":"<p>Patogi vidin\u0117 juosta su sulankstoma dalimi, skirta reketo sagtims.<\/p>\n","protected":false},"featured_media":29058,"template":"","meta":{"_acf_changed":false},"product_brand":[11275],"product_cat":[13749,13675],"product_tag":[],"class_list":{"0":"post-44342","1":"product","2":"type-product","3":"status-publish","4":"has-post-thumbnail","6":"product_brand-doublealpha","7":"product_cat-iranga","8":"product_cat-sportiniai-dirzai","10":"first","11":"instock","12":"taxable","13":"shipping-taxable","14":"purchasable","15":"product-type-variable","16":"wvs-archive-product-wrapper"},"acf":[],"_links":{"self":[{"href":"https:\/\/nbg.eu\/lt\/wp-json\/wp\/v2\/product\/44342","targetHints":{"allow":["GET"]}}],"collection":[{"href":"https:\/\/nbg.eu\/lt\/wp-json\/wp\/v2\/product"}],"about":[{"href":"https:\/\/nbg.eu\/lt\/wp-json\/wp\/v2\/types\/product"}],"wp:featuredmedia":[{"embeddable":true,"href":"https:\/\/nbg.eu\/lt\/wp-json\/wp\/v2\/media\/29058"}],"wp:attachment":[{"href":"https:\/\/nbg.eu\/lt\/wp-json\/wp\/v2\/media?parent=44342"}],"wp:term":[{"taxonomy":"product_brand","embeddable":true,"href":"https:\/\/nbg.eu\/lt\/wp-json\/wp\/v2\/product_brand?post=44342"},{"taxonomy":"product_cat","embeddable":true,"href":"https:\/\/nbg.eu\/lt\/wp-json\/wp\/v2\/product_cat?post=44342"},{"taxonomy":"product_tag","embeddable":true,"href":"https:\/\/nbg.eu\/lt\/wp-json\/wp\/v2\/product_tag?post=44342"}],"curies":[{"name":"wp","href":"https:\/\/api.w.org\/{rel}","templated":true}]}}