{"id":44525,"date":"2024-08-18T12:39:07","date_gmt":"2024-08-18T09:39:07","guid":{"rendered":"https:\/\/nbg.eu\/product\/daa-pcc-magzine-pouch-type-glock\/"},"modified":"2026-01-21T12:09:55","modified_gmt":"2026-01-21T09:09:55","slug":"daa-pcc-magzine-pouch-type-glock","status":"publish","type":"product","link":"https:\/\/nbg.eu\/lt\/produktas\/daa-pcc-magzine-pouch-type-glock\/","title":{"rendered":"Daa Pcc Magzine Pouch &#8211; Type Glock"},"content":{"rendered":"<h2>DAA PCC d\u0117tuv\u0117s d\u0117klas &#8211; Glock tipo<\/h2>\n<p>Patobulinkite savo Pistoleto Kalibro Karabino (PCC) \u017eaidim\u0105 su DAA PCC d\u0117tuv\u0117s d\u0117klu, specialiai sukurtu Glock d\u0117tuv\u0117ms. \u0160is pagal u\u017esakym\u0105 pagamintas d\u0117klas sprend\u017eia unikalius IPSC ir USPSA var\u017eyb\u0173 i\u0161\u0161\u016bkius.<\/p>\n<ul>\n<li>Tvirta pluo\u0161tu sustiprinto nailono konstrukcija<\/li>\n<li>Ypa\u010d ilgas dizainas (12cm\/4,75&#8243;) u\u017etikrina saug\u0173 40-50 \u0161ovini\u0173 d\u0117tuvi\u0173 laikym\u0105<\/li>\n<li>Reguliuojama i\u0161laikymo j\u0117ga dviem var\u017etais<\/li>\n<li>Priekinis i\u0161pjovos langelis greitesniam i\u0161traukimui<\/li>\n<li>Nuo\u017eulnus vir\u0161utinis kra\u0161tas greitesniam perkrovimui<\/li>\n<li>Universalus dizainas su keliomis auk\u0161\u010dio pad\u0117timis<\/li>\n<li>Didelis rutulin\u0117s jungties tvirtinimas ilgaam\u017ei\u0161kumui<\/li>\n<li>Laiko d\u0117tuves su atgal nukreiptais \u0161oviniais &#8222;kum\u0161\u010dio griebimui&#8221; perkraunant<\/li>\n<\/ul>\n<p>Optimizuokite savo PCC na\u0161um\u0105 su \u0161iuo specialiai sukurtu d\u0117tuv\u0117s d\u0117klu nuo Double-Alpha.<\/p>\n","protected":false},"excerpt":{"rendered":"<p>PCC d\u0117tuv\u0117s krep\u0161elis \u201eGlock&#8221; pistoletui: pagal u\u017esakym\u0105 pritaikytas, saugus, greitas perkrovimas.<\/p>\n","protected":false},"featured_media":28414,"template":"","meta":{"_acf_changed":false},"product_brand":[11275],"product_cat":[13732,13749,13739],"product_tag":[],"class_list":{"0":"post-44525","1":"product","2":"type-product","3":"status-publish","4":"has-post-thumbnail","6":"product_brand-doublealpha","7":"product_cat-detuviu-laikikliai","8":"product_cat-iranga","9":"product_cat-krepseliai","11":"first","12":"outofstock","13":"taxable","14":"shipping-taxable","15":"purchasable","16":"product-type-simple"},"acf":[],"_links":{"self":[{"href":"https:\/\/nbg.eu\/lt\/wp-json\/wp\/v2\/product\/44525","targetHints":{"allow":["GET"]}}],"collection":[{"href":"https:\/\/nbg.eu\/lt\/wp-json\/wp\/v2\/product"}],"about":[{"href":"https:\/\/nbg.eu\/lt\/wp-json\/wp\/v2\/types\/product"}],"wp:featuredmedia":[{"embeddable":true,"href":"https:\/\/nbg.eu\/lt\/wp-json\/wp\/v2\/media\/28414"}],"wp:attachment":[{"href":"https:\/\/nbg.eu\/lt\/wp-json\/wp\/v2\/media?parent=44525"}],"wp:term":[{"taxonomy":"product_brand","embeddable":true,"href":"https:\/\/nbg.eu\/lt\/wp-json\/wp\/v2\/product_brand?post=44525"},{"taxonomy":"product_cat","embeddable":true,"href":"https:\/\/nbg.eu\/lt\/wp-json\/wp\/v2\/product_cat?post=44525"},{"taxonomy":"product_tag","embeddable":true,"href":"https:\/\/nbg.eu\/lt\/wp-json\/wp\/v2\/product_tag?post=44525"}],"curies":[{"name":"wp","href":"https:\/\/api.w.org\/{rel}","templated":true}]}}