{"id":44757,"date":"2024-08-18T12:35:48","date_gmt":"2024-08-18T09:35:48","guid":{"rendered":"https:\/\/nbg.eu\/product\/uspsa-metric-cardboard-targets-white-back\/"},"modified":"2026-01-21T11:58:39","modified_gmt":"2026-01-21T08:58:39","slug":"uspsa-metric-cardboard-targets-white-back","status":"publish","type":"product","link":"https:\/\/nbg.eu\/lt\/produktas\/uspsa-metric-cardboard-targets-white-back\/","title":{"rendered":"Uspsa Metric Cardboard Targets White Back"},"content":{"rendered":"<p>\n100 auk\u0161tos kokyb\u0117s USPSA\/Metrini\u0173 kartonini\u0173 taikini\u0173. Rudi vienoje pus\u0117je, balti (ne\u0161audymo) kitoje pus\u0117je. Atitinka tikslias USPSA dimensijas ir reikalavimus.<\/p>\n","protected":false},"excerpt":{"rendered":"<p>USPSA metriniai taikiniai: 100 dvipusi\u0173 kartonini\u0173 taikini\u0173 praktikai.<\/p>\n","protected":false},"featured_media":27425,"template":"","meta":{"_acf_changed":false},"product_brand":[],"product_cat":[13676,13697],"product_tag":[],"class_list":{"0":"post-44757","1":"product","2":"type-product","3":"status-publish","4":"has-post-thumbnail","6":"product_cat-popieriniai-taikiniai","7":"product_cat-taikiniai","9":"first","10":"outofstock","11":"taxable","12":"shipping-taxable","13":"purchasable","14":"product-type-simple"},"acf":[],"_links":{"self":[{"href":"https:\/\/nbg.eu\/lt\/wp-json\/wp\/v2\/product\/44757","targetHints":{"allow":["GET"]}}],"collection":[{"href":"https:\/\/nbg.eu\/lt\/wp-json\/wp\/v2\/product"}],"about":[{"href":"https:\/\/nbg.eu\/lt\/wp-json\/wp\/v2\/types\/product"}],"wp:featuredmedia":[{"embeddable":true,"href":"https:\/\/nbg.eu\/lt\/wp-json\/wp\/v2\/media\/27425"}],"wp:attachment":[{"href":"https:\/\/nbg.eu\/lt\/wp-json\/wp\/v2\/media?parent=44757"}],"wp:term":[{"taxonomy":"product_brand","embeddable":true,"href":"https:\/\/nbg.eu\/lt\/wp-json\/wp\/v2\/product_brand?post=44757"},{"taxonomy":"product_cat","embeddable":true,"href":"https:\/\/nbg.eu\/lt\/wp-json\/wp\/v2\/product_cat?post=44757"},{"taxonomy":"product_tag","embeddable":true,"href":"https:\/\/nbg.eu\/lt\/wp-json\/wp\/v2\/product_tag?post=44757"}],"curies":[{"name":"wp","href":"https:\/\/api.w.org\/{rel}","templated":true}]}}