{"id":45476,"date":"2024-08-16T17:57:18","date_gmt":"2024-08-16T17:57:18","guid":{"rendered":"https:\/\/nbg.eu\/product\/clips-ulticlip-3\/"},"modified":"2026-01-21T12:05:01","modified_gmt":"2026-01-21T09:05:01","slug":"clips-ulticlip-3","status":"publish","type":"product","link":"https:\/\/nbg.eu\/lt\/produktas\/clips-ulticlip-3\/","title":{"rendered":"Clips Ulticlip 3+"},"content":{"rendered":"<div class=\"product-description\">\n<h2>Clips Ulticlip 3+: Nepriekai\u0161tingas pasl\u0117pimas ir i\u0161laikymas<\/h2>\n<p>Patirkite neprilygstam\u0105 pasl\u0117pim\u0105 ir i\u0161laikym\u0105 su Ulticlip3+. \u0160is 100% Amerikoje pagamintas spaustukas si\u016blo:<\/p>\n<ul>\n<li>Puiki\u0105 ne\u0161iojimo be dir\u017eo galimyb\u0119<\/li>\n<li>Karin\u0117s kokyb\u0117s juod\u0105 oksido apdail\u0105<\/li>\n<li>Termi\u0161kai apdorot\u0105 C-1075 spyruoklin\u012f plien\u0105 (RC 42-49)<\/li>\n<li>Va\u0161ku\/aliejumi apdorot\u0105 skland\u017eiam veikimui ir apsaugai nuo r\u016bd\u017ei\u0173<\/li>\n<li>Daugiau nei 10 kart\u0173 didesn\u012f i\u0161laikym\u0105, palyginti su standartiniais d\u0117klo spaustukais<\/li>\n<\/ul>\n<p>Ulticlip3+ turi plok\u0161\u010di\u0105 tvirtinimo zon\u0105 su 2 angomis ir 1 skyle, leid\u017eian\u010di\u0105 \u012fvairius tvirtinimo b\u016bdus su iki 1,70&#8243; skyli\u0173 tarpais. B\u016bdamas tik 3,5&#8243; x 7\/8&#8243; ir sveriantis vos 0,78 uncij\u0105, jis u\u017etikrina minimal\u0173 profil\u012f ir maksimal\u0173 pasl\u0117pim\u0105.<\/p>\n<p>Patobulinkite savo ne\u0161iojimo sistem\u0105 su Ulticlip3+ jau \u0161iandien!<\/p>\n<\/div>\n","protected":false},"excerpt":{"rendered":"<p>Saugus, plonas laikiklis ne\u0161iojimui be dir\u017eo. Keletas tvirtinimo variant\u0173.<\/p>\n","protected":false},"featured_media":22722,"template":"","meta":{"_acf_changed":false},"product_brand":[14649],"product_cat":[13722,13749],"product_tag":[],"class_list":{"0":"post-45476","1":"product","2":"type-product","3":"status-publish","4":"has-post-thumbnail","6":"product_brand-ulticlip","7":"product_cat-deklu-priedai","8":"product_cat-iranga","10":"first","11":"outofstock","12":"taxable","13":"shipping-taxable","14":"purchasable","15":"product-type-simple"},"acf":[],"_links":{"self":[{"href":"https:\/\/nbg.eu\/lt\/wp-json\/wp\/v2\/product\/45476","targetHints":{"allow":["GET"]}}],"collection":[{"href":"https:\/\/nbg.eu\/lt\/wp-json\/wp\/v2\/product"}],"about":[{"href":"https:\/\/nbg.eu\/lt\/wp-json\/wp\/v2\/types\/product"}],"wp:featuredmedia":[{"embeddable":true,"href":"https:\/\/nbg.eu\/lt\/wp-json\/wp\/v2\/media\/22722"}],"wp:attachment":[{"href":"https:\/\/nbg.eu\/lt\/wp-json\/wp\/v2\/media?parent=45476"}],"wp:term":[{"taxonomy":"product_brand","embeddable":true,"href":"https:\/\/nbg.eu\/lt\/wp-json\/wp\/v2\/product_brand?post=45476"},{"taxonomy":"product_cat","embeddable":true,"href":"https:\/\/nbg.eu\/lt\/wp-json\/wp\/v2\/product_cat?post=45476"},{"taxonomy":"product_tag","embeddable":true,"href":"https:\/\/nbg.eu\/lt\/wp-json\/wp\/v2\/product_tag?post=45476"}],"curies":[{"name":"wp","href":"https:\/\/api.w.org\/{rel}","templated":true}]}}