{"id":45498,"date":"2024-08-16T17:52:19","date_gmt":"2024-08-16T17:52:19","guid":{"rendered":"https:\/\/nbg.eu\/product\/rhh-backpack\/"},"modified":"2026-01-21T12:01:46","modified_gmt":"2026-01-21T09:01:46","slug":"rhh-backpack","status":"publish","type":"product","link":"https:\/\/nbg.eu\/lt\/produktas\/rhh-backpack\/","title":{"rendered":"RHH Backpack"},"content":{"rendered":"<div class=\"product-description\">\n<h2>RHH \u0160audymo Kuprin\u0117<\/h2>\n<p>Sukurta \u0161auli\u0173 \u0161auliams, RHH kuprin\u0117 puikiai tinka keli\u0173 dien\u0173 var\u017eyboms, nesvarbu, ar naudojate vien\u0105 ginkl\u0105, ar du.<\/p>\n<ul>\n<li>Pagrindinis ginklo skyrius su u\u017erakto sistema lengvam pri\u0117jimui<\/li>\n<li>Atitinka IPSC taisykles<\/li>\n<li>Velcro skydelis ir MOLLE tvirtinimas priedams<\/li>\n<li>Daug vietos daiktams su organizuotais skyriais<\/li>\n<li>D\u0117tuvi\u0173 ki\u0161en\u0117 tinka 30 \u0161ovini\u0173 d\u0117tuv\u0117ms su prailgintomis dugnin\u0117mis plok\u0161tel\u0117mis<\/li>\n<li>Nuimami dir\u017eai gali b\u016bti naudojami kaip \u0161audymo krep\u0161ys<\/li>\n<\/ul>\n<p>Dydis: 100cm x 40cm x 20cm<br \/>\n  \u0160autuvo skyrius: iki 95cm<br \/>\n  Svoris: 2,9 Kg<\/p>\n<p>Pakuokit\u0117s i\u0161maniai, \u0161audykite geriau su RHH \u0161audymo kuprine!<\/p>\n<\/div>\n","protected":false},"excerpt":{"rendered":"<p>RHH kuprin\u0117: \u0161aulio suprojektuota, universali, paruo\u0161ta keli\u0173 dien\u0173 var\u017eyboms.<\/p>\n","protected":false},"featured_media":22676,"template":"","meta":{"_acf_changed":false},"product_brand":[11639],"product_cat":[13685],"product_tag":[],"class_list":{"0":"post-45498","1":"product","2":"type-product","3":"status-publish","4":"has-post-thumbnail","6":"product_brand-rh-holsters","7":"product_cat-kuprines","9":"first","10":"instock","11":"taxable","12":"shipping-taxable","13":"purchasable","14":"product-type-simple"},"acf":[],"_links":{"self":[{"href":"https:\/\/nbg.eu\/lt\/wp-json\/wp\/v2\/product\/45498","targetHints":{"allow":["GET"]}}],"collection":[{"href":"https:\/\/nbg.eu\/lt\/wp-json\/wp\/v2\/product"}],"about":[{"href":"https:\/\/nbg.eu\/lt\/wp-json\/wp\/v2\/types\/product"}],"wp:featuredmedia":[{"embeddable":true,"href":"https:\/\/nbg.eu\/lt\/wp-json\/wp\/v2\/media\/22676"}],"wp:attachment":[{"href":"https:\/\/nbg.eu\/lt\/wp-json\/wp\/v2\/media?parent=45498"}],"wp:term":[{"taxonomy":"product_brand","embeddable":true,"href":"https:\/\/nbg.eu\/lt\/wp-json\/wp\/v2\/product_brand?post=45498"},{"taxonomy":"product_cat","embeddable":true,"href":"https:\/\/nbg.eu\/lt\/wp-json\/wp\/v2\/product_cat?post=45498"},{"taxonomy":"product_tag","embeddable":true,"href":"https:\/\/nbg.eu\/lt\/wp-json\/wp\/v2\/product_tag?post=45498"}],"curies":[{"name":"wp","href":"https:\/\/api.w.org\/{rel}","templated":true}]}}