{"id":45714,"date":"2024-08-03T14:57:22","date_gmt":"2024-09-10T14:56:50","guid":{"rendered":"https:\/\/nbg.eu\/product\/rh-sport-pistol-mag-holder\/"},"modified":"2026-05-13T16:41:32","modified_gmt":"2026-05-13T13:41:32","slug":"rh-sport-pistol-mag-holder","status":"publish","type":"product","link":"https:\/\/nbg.eu\/lt\/produktas\/rh-sport-pistol-mag-holder\/","title":{"rendered":"RH Sport Pistol Mag Holder"},"content":{"rendered":"<p>RH Sport pistoleto d\u0117tuv\u0117s laikiklis yra auk\u0161tos kokyb\u0117s sprendimas, skirtas ne\u0161ioti u\u017e dir\u017eo, tinkantis pasl\u0117ptam ne\u0161iojimui ir naudojimui \u0161audykloje. Ypatyb\u0117s:<\/p>\n<ul>\n<li>Vakuumu presuota 2 mm Kydex konstrukcija<\/li>\n<li>Tikslus pritaikymas vienai ar dviem d\u0117tuv\u0117ms<\/li>\n<li>Ry\u0161k\u016bs \u012fdubimai su lygiais, rankomis nupjautais kra\u0161tais<\/li>\n<li>Tvirta tu\u0161\u010diavidur\u0117 knied\u017ei\u0173 konstrukcija<\/li>\n<li>Lengvas prieinamumas greitam perkrovimui<\/li>\n<\/ul>\n<p>Suprojektuotas patogumui ir patikimumui, tai puikus j\u016bs\u0173 \u0161aunamojo ginklo palydovas.<\/p>\n","protected":false},"excerpt":{"rendered":"<p>Saugus OWB Kydex d\u0117tuv\u0117s laikiklis greitam pri\u0117jimui \u0161audykloje arba pasl\u0117ptam ne\u0161iojimui.<\/p>\n","protected":false},"featured_media":45715,"template":"","meta":{"_acf_changed":false},"product_brand":[11639],"product_cat":[13747,13732],"product_tag":[],"class_list":{"0":"post-45714","1":"product","2":"type-product","3":"status-publish","4":"has-post-thumbnail","6":"product_brand-rh-holsters","7":"product_cat-deklas","8":"product_cat-detuviu-laikikliai","10":"first","11":"instock","12":"taxable","13":"shipping-taxable","14":"purchasable","15":"product-type-variable","16":"wvs-archive-product-wrapper"},"acf":[],"_links":{"self":[{"href":"https:\/\/nbg.eu\/lt\/wp-json\/wp\/v2\/product\/45714","targetHints":{"allow":["GET"]}}],"collection":[{"href":"https:\/\/nbg.eu\/lt\/wp-json\/wp\/v2\/product"}],"about":[{"href":"https:\/\/nbg.eu\/lt\/wp-json\/wp\/v2\/types\/product"}],"wp:featuredmedia":[{"embeddable":true,"href":"https:\/\/nbg.eu\/lt\/wp-json\/wp\/v2\/media\/45715"}],"wp:attachment":[{"href":"https:\/\/nbg.eu\/lt\/wp-json\/wp\/v2\/media?parent=45714"}],"wp:term":[{"taxonomy":"product_brand","embeddable":true,"href":"https:\/\/nbg.eu\/lt\/wp-json\/wp\/v2\/product_brand?post=45714"},{"taxonomy":"product_cat","embeddable":true,"href":"https:\/\/nbg.eu\/lt\/wp-json\/wp\/v2\/product_cat?post=45714"},{"taxonomy":"product_tag","embeddable":true,"href":"https:\/\/nbg.eu\/lt\/wp-json\/wp\/v2\/product_tag?post=45714"}],"curies":[{"name":"wp","href":"https:\/\/api.w.org\/{rel}","templated":true}]}}