{"id":45957,"date":"2024-08-03T17:10:30","date_gmt":"2024-08-03T14:10:30","guid":{"rendered":"https:\/\/nbg.eu\/product\/rh-classic-iwb-holster\/"},"modified":"2026-05-13T17:05:15","modified_gmt":"2026-05-13T14:05:15","slug":"rh-classic-iwb-holster","status":"publish","type":"product","link":"https:\/\/nbg.eu\/lt\/produktas\/rh-classic-iwb-holster\/","title":{"rendered":"RH Classic IWB Holster"},"content":{"rendered":"<p>RH Classic IWB d\u0117klas skirtas ginklui ne\u0161ioti pasl\u0117ptai. Ypatyb\u0117s:<\/p>\n<ul>\n<li>Vakuumu presuotas kydex tiksliam ginklo \u012fstatymui<\/li>\n<li>Reguliuojamas griebimas ir pasvirimas<\/li>\n<li>Pasirenkami gnybto ir ERC priedai<\/li>\n<li>Plonas profilis ma\u017eesniam matomumui<\/li>\n<li>Rankomis nupjauti kra\u0161tai patogumui<\/li>\n<li>Vieno gabalo konstrukcija<\/li>\n<li>Atviro dugno dizainas universalumui<\/li>\n<\/ul>\n<p>Tinka kasdieniam pasl\u0117ptam ne\u0161iojimui.<\/p>\n","protected":false},"excerpt":{"rendered":"<p>Plonas IWB d\u0117klas: Reguliuojamas, pasl\u0117ptas ne\u0161iojimas su \u201eclaw&#8221; ir ERC pasirinkimais.<\/p>\n","protected":false},"featured_media":45959,"template":"","meta":{"_acf_changed":false},"product_brand":[11639],"product_cat":[13747,13714],"product_tag":[],"class_list":{"0":"post-45957","1":"product","2":"type-product","3":"status-publish","4":"has-post-thumbnail","6":"product_brand-rh-holsters","7":"product_cat-deklas","8":"product_cat-taktiniai-deklai","10":"first","11":"instock","12":"taxable","13":"shipping-taxable","14":"purchasable","15":"product-type-variable","16":"wvs-archive-product-wrapper"},"acf":[],"_links":{"self":[{"href":"https:\/\/nbg.eu\/lt\/wp-json\/wp\/v2\/product\/45957","targetHints":{"allow":["GET"]}}],"collection":[{"href":"https:\/\/nbg.eu\/lt\/wp-json\/wp\/v2\/product"}],"about":[{"href":"https:\/\/nbg.eu\/lt\/wp-json\/wp\/v2\/types\/product"}],"wp:featuredmedia":[{"embeddable":true,"href":"https:\/\/nbg.eu\/lt\/wp-json\/wp\/v2\/media\/45959"}],"wp:attachment":[{"href":"https:\/\/nbg.eu\/lt\/wp-json\/wp\/v2\/media?parent=45957"}],"wp:term":[{"taxonomy":"product_brand","embeddable":true,"href":"https:\/\/nbg.eu\/lt\/wp-json\/wp\/v2\/product_brand?post=45957"},{"taxonomy":"product_cat","embeddable":true,"href":"https:\/\/nbg.eu\/lt\/wp-json\/wp\/v2\/product_cat?post=45957"},{"taxonomy":"product_tag","embeddable":true,"href":"https:\/\/nbg.eu\/lt\/wp-json\/wp\/v2\/product_tag?post=45957"}],"curies":[{"name":"wp","href":"https:\/\/api.w.org\/{rel}","templated":true}]}}