{"id":46091,"date":"2024-08-03T09:01:48","date_gmt":"2024-09-11T09:29:37","guid":{"rendered":"https:\/\/nbg.eu\/product\/rh-sharky-iwb-holster\/"},"modified":"2026-01-21T12:04:47","modified_gmt":"2026-01-21T09:04:47","slug":"rh-sharky-iwb-holster","status":"publish","type":"product","link":"https:\/\/nbg.eu\/lt\/produktas\/rh-sharky-iwb-holster\/","title":{"rendered":"RH Sharky IWB Holster"},"content":{"rendered":"<p>RH Sharky IWB d\u0117klas skirtas ginklui ne\u0161ioti pasl\u0117ptai. Savyb\u0117s:<\/p>\n<ul>\n<li>Vakuuminio presavimo konstrukcija<\/li>\n<li>Dvigubas laikiklis tvirtam prilaikymui<\/li>\n<li>Reguliuojamas pasvirimo kampas ir auk\u0161tis<\/li>\n<li>Tinka raudonojo ta\u0161ko taikikliams ir pailgintiems vamzd\u017eiams<\/li>\n<li>Integruotas gaubtas geresniam pasl\u0117pimui<\/li>\n<li>Rankenos reguliavimas individualiam pritaikymui<\/li>\n<\/ul>\n<p>\u0160is d\u0117klas, ne\u0161iojamas u\u017e dir\u017eo, yra patogus ir universalus.<\/p>\n","protected":false},"excerpt":{"rendered":"<p>Saugus, reguliuojamas IWB d\u0117klas pasl\u0117ptam ginklo ne\u0161iojimui su raudonu ta\u0161kiniu taikikliu.<\/p>\n","protected":false},"featured_media":46094,"template":"","meta":{"_acf_changed":false},"product_brand":[11639],"product_cat":[13747,13714],"product_tag":[],"class_list":{"0":"post-46091","1":"product","2":"type-product","3":"status-publish","4":"has-post-thumbnail","6":"product_brand-rh-holsters","7":"product_cat-deklas","8":"product_cat-taktiniai-deklai","10":"first","11":"instock","12":"taxable","13":"shipping-taxable","14":"purchasable","15":"product-type-variable","16":"wvs-archive-product-wrapper"},"acf":[],"_links":{"self":[{"href":"https:\/\/nbg.eu\/lt\/wp-json\/wp\/v2\/product\/46091","targetHints":{"allow":["GET"]}}],"collection":[{"href":"https:\/\/nbg.eu\/lt\/wp-json\/wp\/v2\/product"}],"about":[{"href":"https:\/\/nbg.eu\/lt\/wp-json\/wp\/v2\/types\/product"}],"wp:featuredmedia":[{"embeddable":true,"href":"https:\/\/nbg.eu\/lt\/wp-json\/wp\/v2\/media\/46094"}],"wp:attachment":[{"href":"https:\/\/nbg.eu\/lt\/wp-json\/wp\/v2\/media?parent=46091"}],"wp:term":[{"taxonomy":"product_brand","embeddable":true,"href":"https:\/\/nbg.eu\/lt\/wp-json\/wp\/v2\/product_brand?post=46091"},{"taxonomy":"product_cat","embeddable":true,"href":"https:\/\/nbg.eu\/lt\/wp-json\/wp\/v2\/product_cat?post=46091"},{"taxonomy":"product_tag","embeddable":true,"href":"https:\/\/nbg.eu\/lt\/wp-json\/wp\/v2\/product_tag?post=46091"}],"curies":[{"name":"wp","href":"https:\/\/api.w.org\/{rel}","templated":true}]}}