{"id":46885,"date":"2024-07-30T19:11:42","date_gmt":"2024-07-30T19:11:42","guid":{"rendered":"https:\/\/nbg.eu\/product\/surefire-csm-07-weaponlight-switch\/"},"modified":"2026-05-13T16:02:23","modified_gmt":"2026-05-13T13:02:23","slug":"surefire-csm-07-weaponlight-switch","status":"publish","type":"product","link":"https:\/\/nbg.eu\/lt\/produktas\/surefire-csm-07-weaponlight-switch\/","title":{"rendered":"SureFire CSM-07 WEAPONLIGHT SWITCH"},"content":{"rendered":"<h2>SureFire CSM-07 ginklo \u017eibintuv\u0117lio jungiklis<\/h2>\n<p>SureFire CSM-07 ginklo \u017eibintuv\u0117lio jungiklis yra nuotolinio aktyvavimo sistema, skirta bet kuriam SureFire ginklo \u017eibintuv\u0117liui su jungiklio lizdu.<\/p>\n<h2>Pagrindin\u0117s savyb\u0117s:<\/h2>\n<ul>\n<li>Vienas jungiklis momentiniam ir nuolatiniam \u012fjungimui<\/li>\n<li>Tvirtinamas prie M-LOK b\u0117gelio naudojant pridedam\u0105 gnybt\u0105<\/li>\n<li>Kompakti\u0161kas dizainas<\/li>\n<li>Tvirtas polimerinis korpusas<\/li>\n<li>Pagamintas pagal SureFire standartus<\/li>\n<\/ul>\n<p>CSM-07 leid\u017eia lengvai valdyti: lengvai paspauskite momentiniam \u012fjungimui arba spustel\u0117kite nuolatiniam \u012fjungimui. Jo kompakti\u0161kas dizainas taupo viet\u0105 ant b\u0117gelio.<\/p>\n<h2>Suderinamumas:<\/h2>\n<p>Tinka SureFire ginklo \u017eibintuv\u0117liams su ki\u0161tuk\u0173 lizdais, \u012fskaitant Millennium Universal, Classic Universal, Scout Light (su lizdiniu galiniu dangteliu), X300 ir X400 (su XT galinio dangtelio komplektu).<\/p>\n<p>CSM-07 u\u017etikrina patikim\u0105 \u017eibintuv\u0117lio aktyvavim\u0105.<\/p>\n","protected":false},"excerpt":{"rendered":"<p>Nuotolinis SureFire ginklo \u017eibintuv\u0117lio jungiklis, skirtas M-LOK b\u0117geliams. Kompakti\u0161kas dizainas.<\/p>\n","protected":false},"featured_media":46886,"template":"","meta":{"_acf_changed":false},"product_brand":[11872],"product_cat":[13730,13672,13693],"product_tag":[],"class_list":{"0":"post-46885","1":"product","2":"type-product","3":"status-publish","4":"has-post-thumbnail","6":"product_brand-surefire","7":"product_cat-sautuvu-zibintai","8":"product_cat-zibintai","9":"product_cat-zibintu-aksesuarai","11":"first","12":"instock","13":"taxable","14":"shipping-taxable","15":"purchasable","16":"product-type-simple"},"acf":[],"_links":{"self":[{"href":"https:\/\/nbg.eu\/lt\/wp-json\/wp\/v2\/product\/46885","targetHints":{"allow":["GET"]}}],"collection":[{"href":"https:\/\/nbg.eu\/lt\/wp-json\/wp\/v2\/product"}],"about":[{"href":"https:\/\/nbg.eu\/lt\/wp-json\/wp\/v2\/types\/product"}],"wp:featuredmedia":[{"embeddable":true,"href":"https:\/\/nbg.eu\/lt\/wp-json\/wp\/v2\/media\/46886"}],"wp:attachment":[{"href":"https:\/\/nbg.eu\/lt\/wp-json\/wp\/v2\/media?parent=46885"}],"wp:term":[{"taxonomy":"product_brand","embeddable":true,"href":"https:\/\/nbg.eu\/lt\/wp-json\/wp\/v2\/product_brand?post=46885"},{"taxonomy":"product_cat","embeddable":true,"href":"https:\/\/nbg.eu\/lt\/wp-json\/wp\/v2\/product_cat?post=46885"},{"taxonomy":"product_tag","embeddable":true,"href":"https:\/\/nbg.eu\/lt\/wp-json\/wp\/v2\/product_tag?post=46885"}],"curies":[{"name":"wp","href":"https:\/\/api.w.org\/{rel}","templated":true}]}}