{"id":47461,"date":"2024-07-30T18:47:47","date_gmt":"2024-07-30T18:47:47","guid":{"rendered":"https:\/\/nbg.eu\/product\/surefire-x400t-a-rd\/"},"modified":"2026-05-13T16:03:39","modified_gmt":"2026-05-13T13:03:39","slug":"surefire-x400t-a-rd","status":"publish","type":"product","link":"https:\/\/nbg.eu\/lt\/produktas\/surefire-x400t-a-rd\/","title":{"rendered":"SureFire X400T-A-RD"},"content":{"rendered":"<div class=\"product-description\">\n<h2>SureFire X400T-A-RD (Raudonas lazeris) Ginklo \u0161viesa<\/h2>\n<p>SureFire X400T-A-RD yra taktin\u0117 \u0161viesa, skirta profesionalams. Ji turi 66 000 kandel\u0173 spindulio intensyvum\u0105 ir 650 liumen\u0173 i\u0161vest\u012f. \u0160viesa suteikia:<\/p>\n<ul>\n<li>Integruot\u0105 5 milivat\u0173 raudon\u0105 lazer\u012f taikiniui nustatyti<\/li>\n<li>Turbo spindulio \u0161ablon\u0105 tiksliam taikinio identifikavimui dideliais atstumais<\/li>\n<li>Svirties fiksavimo sistem\u0105 greitam montavimui ant universali\u0173 ir Picatinny b\u0117geli\u0173<\/li>\n<li>Intuityv\u0173 abipus\u012f jungikl\u012f greitam \u012fjungimui<\/li>\n<li>Suderinamum\u0105 su esamais X300U-A d\u0117klais<\/li>\n<li>Aliuminio korpus\u0105 su karine specifikacija anoduota apdaila<\/li>\n<li>IPX7 atsparumo vandeniui reiting\u0105 (1 metras 30 minu\u010di\u0173)<\/li>\n<li>1,5 valandos veikimo laik\u0105 su dviem pridedamomis 123A li\u010dio baterijomis<\/li>\n<\/ul>\n<p>X400T-A-RD jungia balt\u0105 \u0161vies\u0105 ir raudon\u0105 lazer\u012f, padedan\u010dius identifikuoti taikinius dideliais atstumais. Su abipusiu jungikliu ir tvirtu korpusu, \u0161i ginklo \u0161viesa u\u017etikrina veikim\u0105 ir patikimum\u0105.<\/p>\n<\/div>\n","protected":false},"excerpt":{"rendered":"<p>SureFire X400T-A-RD: 650 liumen\u0173 taktinis \u017eibintuv\u0117lis su raudonu lazeriu, montuojamas ant b\u0117gelio.<\/p>\n","protected":false},"featured_media":47462,"template":"","meta":{"_acf_changed":false},"product_brand":[11872],"product_cat":[13711,13689,13672],"product_tag":[],"class_list":{"0":"post-47461","1":"product","2":"type-product","3":"status-publish","4":"has-post-thumbnail","6":"product_brand-surefire","7":"product_cat-pistoletas","8":"product_cat-pistoletu-zibintai","9":"product_cat-zibintai","11":"first","12":"instock","13":"taxable","14":"shipping-taxable","15":"purchasable","16":"product-type-simple"},"acf":[],"_links":{"self":[{"href":"https:\/\/nbg.eu\/lt\/wp-json\/wp\/v2\/product\/47461","targetHints":{"allow":["GET"]}}],"collection":[{"href":"https:\/\/nbg.eu\/lt\/wp-json\/wp\/v2\/product"}],"about":[{"href":"https:\/\/nbg.eu\/lt\/wp-json\/wp\/v2\/types\/product"}],"wp:featuredmedia":[{"embeddable":true,"href":"https:\/\/nbg.eu\/lt\/wp-json\/wp\/v2\/media\/47462"}],"wp:attachment":[{"href":"https:\/\/nbg.eu\/lt\/wp-json\/wp\/v2\/media?parent=47461"}],"wp:term":[{"taxonomy":"product_brand","embeddable":true,"href":"https:\/\/nbg.eu\/lt\/wp-json\/wp\/v2\/product_brand?post=47461"},{"taxonomy":"product_cat","embeddable":true,"href":"https:\/\/nbg.eu\/lt\/wp-json\/wp\/v2\/product_cat?post=47461"},{"taxonomy":"product_tag","embeddable":true,"href":"https:\/\/nbg.eu\/lt\/wp-json\/wp\/v2\/product_tag?post=47461"}],"curies":[{"name":"wp","href":"https:\/\/api.w.org\/{rel}","templated":true}]}}