{"id":48683,"date":"2024-07-29T22:00:12","date_gmt":"2024-07-29T19:00:12","guid":{"rendered":"https:\/\/nbg.eu\/product\/ten-speed-single-pistol-mag-pouch\/"},"modified":"2026-05-13T17:05:12","modified_gmt":"2026-05-13T14:05:12","slug":"ten-speed-single-pistol-mag-pouch","status":"publish","type":"product","link":"https:\/\/nbg.eu\/lt\/produktas\/ten-speed-single-pistol-mag-pouch\/","title":{"rendered":"Ten-Speed\u00ae Single Pistol Mag Pouch"},"content":{"rendered":"<h2>Ten-Speed\u00ae vieno pistoleto d\u0117tuv\u0117s d\u0117klas<\/h2>\n<p>M\u016bs\u0173 Ten-Speed\u00ae vieno pistoleto d\u0117tuv\u0117s d\u0117klas yra skirtas \u0161iuolaikiniam taktiniam operatoriui. \u0160is universalus d\u0117klas tinka:<\/p>\n<ul>\n<li>Vienos arba dvigubos eil\u0117s pistoleto d\u0117tuv\u0117ms (iki HK 45)<\/li>\n<li>Daugiafunkciniams \u012frankiams<\/li>\n<li>\u017dibintuv\u0117liams<\/li>\n<li>Peiliams<\/li>\n<li>Ma\u017eiems a\u0161arini\u0173 duj\u0173 balion\u0117liams<\/li>\n<\/ul>\n<p>Pagamintas i\u0161 karinio lygio elastinio audinio ir ULTRAcomp\u2122 med\u017eiagos, \u0161is lengvas d\u0117klas guli plok\u0161\u010diai, kai nenaudojamas. Patentuota Helium Whisper\u00ae tvirtinimo sistema u\u017etikrina suderinamum\u0105 su MOLLE sistema ir suma\u017eina svor\u012f iki 60%, neprarandant patvarumo.<\/p>\n<p>Dydis: 0,32 cm x 5,08 cm x 10,16 cm (reikalingas 2&#215;1 MOLLE laukas)<\/p>\n<p>M\u016bs\u0173 naujausi med\u017eiag\u0173 patobulinimai u\u017etikrina geresn\u012f i\u0161laikym\u0105 ir patvarum\u0105.<\/p>\n","protected":false},"excerpt":{"rendered":"<p>Greito pri\u0117jimo, ypa\u010d lengva pistoleto d\u0117tuv\u0117s krep\u0161elis, tinkamas vienos arba dvigubos eil\u0117s d\u0117tuv\u0117ms.<\/p>\n","protected":false},"featured_media":33910,"template":"","meta":{"_acf_changed":false},"product_brand":[11135],"product_cat":[13747,13732],"product_tag":[],"class_list":{"0":"post-48683","1":"product","2":"type-product","3":"status-publish","4":"has-post-thumbnail","6":"product_brand-blue-force-gear","7":"product_cat-deklas","8":"product_cat-detuviu-laikikliai","10":"first","11":"instock","12":"taxable","13":"shipping-taxable","14":"purchasable","15":"product-type-variable","16":"wvs-archive-product-wrapper"},"acf":[],"_links":{"self":[{"href":"https:\/\/nbg.eu\/lt\/wp-json\/wp\/v2\/product\/48683","targetHints":{"allow":["GET"]}}],"collection":[{"href":"https:\/\/nbg.eu\/lt\/wp-json\/wp\/v2\/product"}],"about":[{"href":"https:\/\/nbg.eu\/lt\/wp-json\/wp\/v2\/types\/product"}],"wp:featuredmedia":[{"embeddable":true,"href":"https:\/\/nbg.eu\/lt\/wp-json\/wp\/v2\/media\/33910"}],"wp:attachment":[{"href":"https:\/\/nbg.eu\/lt\/wp-json\/wp\/v2\/media?parent=48683"}],"wp:term":[{"taxonomy":"product_brand","embeddable":true,"href":"https:\/\/nbg.eu\/lt\/wp-json\/wp\/v2\/product_brand?post=48683"},{"taxonomy":"product_cat","embeddable":true,"href":"https:\/\/nbg.eu\/lt\/wp-json\/wp\/v2\/product_cat?post=48683"},{"taxonomy":"product_tag","embeddable":true,"href":"https:\/\/nbg.eu\/lt\/wp-json\/wp\/v2\/product_tag?post=48683"}],"curies":[{"name":"wp","href":"https:\/\/api.w.org\/{rel}","templated":true}]}}