{"id":51695,"date":"2024-03-14T09:15:35","date_gmt":"2024-03-14T09:15:35","guid":{"rendered":"https:\/\/nbg.eu\/product\/boretech-nylon-chamber-brush-multiple-calibers\/"},"modified":"2026-05-13T17:05:20","modified_gmt":"2026-05-13T14:05:20","slug":"boretech-nylon-chamber-brush-multiple-calibers","status":"publish","type":"product","link":"https:\/\/nbg.eu\/lt\/produktas\/boretech-nylon-chamber-brush-multiple-calibers\/","title":{"rendered":"BoreTech Nylon Chamber Brush (Multiple Calibers)"},"content":{"rendered":"<div class=\"product-description\">\n<h2>BoreTech nailoninis \u0161ovinio lizdo \u0161epetys (\u012fvairiems kalibrams)<\/h2>\n<p>\u201eBore Tech&#8221; nailoniniai \u0161ovinio lizdo \u0161epe\u010diai yra saug\u016bs ir efektyv\u016bs. \u0160ie \u0161epe\u010diai pasi\u017eymi:<\/p>\n<ul>\n<li>Suderinamumu su greitai veikian\u010diais vario \u0161alinimo valikliais<\/li>\n<li>Papildomais riev\u0117tais nailono \u0161ereliais<\/li>\n<li>Kiekvienam kalibrui pritaikytais \u0161ereli\u0173 skersmenimis<\/li>\n<li>Ne \u017ealvariniu, dvigubu \u0161epe\u010dio pagrindu su kilpa gale<\/li>\n<li>Aviacinio aliuminio kai\u0161\u010diais<\/li>\n<\/ul>\n<p>Pa\u0161alina klaidingus vario u\u017eter\u0161imo po\u017eymius, susijusius su fosforo bronzos \u0161epe\u010diais. Galima \u012fsigyti po vien\u0105 .223\/5.56mm AR-15 ir .308\/7.62mm AR-10 kalibrams.<\/p>\n<p>Tinka greitesniam ir efektyvesniam \u0161ovinio lizdo valymui, nepa\u017eeid\u017eiant \u0161aunamojo ginklo.<\/p>\n<\/div>\n","protected":false},"excerpt":{"rendered":"<p>Saugus, patvarus nailoninis vamzd\u017eio \u0161epetys efektyviam \u0161aunamojo ginklo valymui.<\/p>\n","protected":false},"featured_media":51696,"template":"","meta":{"_acf_changed":false},"product_brand":[11158],"product_cat":[13683,13700],"product_tag":[],"class_list":{"0":"post-51695","1":"product","2":"type-product","3":"status-publish","4":"has-post-thumbnail","6":"product_brand-boretech","7":"product_cat-ginklu-valymas","8":"product_cat-sepeteliai","10":"first","11":"instock","12":"taxable","13":"shipping-taxable","14":"purchasable","15":"product-type-variable","16":"wvs-archive-product-wrapper"},"acf":[],"_links":{"self":[{"href":"https:\/\/nbg.eu\/lt\/wp-json\/wp\/v2\/product\/51695","targetHints":{"allow":["GET"]}}],"collection":[{"href":"https:\/\/nbg.eu\/lt\/wp-json\/wp\/v2\/product"}],"about":[{"href":"https:\/\/nbg.eu\/lt\/wp-json\/wp\/v2\/types\/product"}],"wp:featuredmedia":[{"embeddable":true,"href":"https:\/\/nbg.eu\/lt\/wp-json\/wp\/v2\/media\/51696"}],"wp:attachment":[{"href":"https:\/\/nbg.eu\/lt\/wp-json\/wp\/v2\/media?parent=51695"}],"wp:term":[{"taxonomy":"product_brand","embeddable":true,"href":"https:\/\/nbg.eu\/lt\/wp-json\/wp\/v2\/product_brand?post=51695"},{"taxonomy":"product_cat","embeddable":true,"href":"https:\/\/nbg.eu\/lt\/wp-json\/wp\/v2\/product_cat?post=51695"},{"taxonomy":"product_tag","embeddable":true,"href":"https:\/\/nbg.eu\/lt\/wp-json\/wp\/v2\/product_tag?post=51695"}],"curies":[{"name":"wp","href":"https:\/\/api.w.org\/{rel}","templated":true}]}}