{"id":525777,"date":"2025-08-19T20:38:50","date_gmt":"2025-08-19T17:38:50","guid":{"rendered":"https:\/\/nbg.eu\/product\/hographic-sight-eotech-exps3\/"},"modified":"2026-01-21T11:45:40","modified_gmt":"2026-01-21T08:45:40","slug":"hographic-sight-eotech-exps3","status":"publish","type":"product","link":"https:\/\/nbg.eu\/lt\/produktas\/hographic-sight-eotech-exps3\/","title":{"rendered":"Hographic sight EOTECH EXPS3"},"content":{"rendered":"<div class=\"product-description\">\n<h2>EOTECH HWS EXPS3\u2122 Holografinis ginklo taikiklis<\/h2>\n<p>EOTECH HWS EXPS3\u2122 yra holografinis taikiklis, kuris si\u016blo:<\/p>\n<ul>\n<li>\u0160audym\u0105 abiem atviromis akimis<\/li>\n<li>Suderinamum\u0105 su naktinio matymo prietaisais, 10 papildom\u0173 nustatym\u0173<\/li>\n<li>7mm pakelt\u0105 greitai nuimam\u0105 pagrind\u0105<\/li>\n<li>Kompakti\u0161kas dizainas: 3.8&#8243; x 2.3&#8243; x 2.9&#8243;<\/li>\n<li>Svoris: 11.2 uncijos<\/li>\n<li>Atsparus vandeniui iki 33 p\u0117d\u0173 gylio<\/li>\n<li>20 dienos \u0161viesos ry\u0161kumo nustatym\u0173<\/li>\n<li>1,000 valand\u0173 baterijos veikimo laikas nominaliu nustatymu<\/li>\n<\/ul>\n<p>Pagaminta JAV, EXPS3 montuojamas ant 1&#8243; Weaver arba MIL-STD-1913 b\u0117geli\u0173 ir veikia temperat\u016broje nuo -40\u00b0F iki 140\u00b0F. Komplekte yra trumpas naudojimo vadovas, garantijos kortel\u0117 ir CR123 baterija.<\/p>\n<\/div>\n","protected":false},"excerpt":{"rendered":"<p>Greitas taikinio aptikimas, suderinamas su naktinio matymo prietaisais, pakeltas greitai nuimamas pagrindas.<\/p>\n","protected":false},"featured_media":466373,"template":"","meta":{"_acf_changed":false},"product_brand":[],"product_cat":[13701,13692],"product_tag":[],"class_list":{"0":"post-525777","1":"product","2":"type-product","3":"status-publish","4":"has-post-thumbnail","6":"product_cat-sautuvu-taskinio-taikiklio","7":"product_cat-taikymas","9":"first","10":"outofstock","11":"taxable","12":"shipping-taxable","13":"purchasable","14":"product-type-simple"},"acf":[],"_links":{"self":[{"href":"https:\/\/nbg.eu\/lt\/wp-json\/wp\/v2\/product\/525777","targetHints":{"allow":["GET"]}}],"collection":[{"href":"https:\/\/nbg.eu\/lt\/wp-json\/wp\/v2\/product"}],"about":[{"href":"https:\/\/nbg.eu\/lt\/wp-json\/wp\/v2\/types\/product"}],"wp:featuredmedia":[{"embeddable":true,"href":"https:\/\/nbg.eu\/lt\/wp-json\/wp\/v2\/media\/466373"}],"wp:attachment":[{"href":"https:\/\/nbg.eu\/lt\/wp-json\/wp\/v2\/media?parent=525777"}],"wp:term":[{"taxonomy":"product_brand","embeddable":true,"href":"https:\/\/nbg.eu\/lt\/wp-json\/wp\/v2\/product_brand?post=525777"},{"taxonomy":"product_cat","embeddable":true,"href":"https:\/\/nbg.eu\/lt\/wp-json\/wp\/v2\/product_cat?post=525777"},{"taxonomy":"product_tag","embeddable":true,"href":"https:\/\/nbg.eu\/lt\/wp-json\/wp\/v2\/product_tag?post=525777"}],"curies":[{"name":"wp","href":"https:\/\/api.w.org\/{rel}","templated":true}]}}